{"id":2938,"date":"2025-02-11T09:10:23","date_gmt":"2025-02-11T12:10:23","guid":{"rendered":"https:\/\/dinhosreef.com\/produto\/overnite-removedor-de-nitrito-e-amonia-oceantech-500ml\/"},"modified":"2025-07-01T15:07:26","modified_gmt":"2025-07-01T18:07:26","slug":"overnite-removedor-de-nitrito-e-amonia-oceantech-500ml","status":"publish","type":"product","link":"https:\/\/dinhosreef.com\/en\/product\/overnite-removedor-de-nitrito-e-amonia-oceantech-500ml\/","title":{"rendered":"Overnite Removedor De Nitrito E Amonia Oceantech 500ml"},"content":{"rendered":"<p>Ocean Tech Over Nite \u00e9 um produto biol\u00f3gico composto de micro-organismos ben\u00e9ficos que auxiliam na ciclagem de aqu\u00e1rios. Seu uso introduz instantaneamente milh\u00f5es de bact\u00e9rias vivas no sistema, permitindo assim come\u00e7ar a colocar peixes no aqu\u00e1rio imediatamente, eliminando rapidamente subst\u00e2ncias nocivas tais como a am\u00f4nia e o nitrito. Tamb\u00e9m inibe o desenvolvimento de pat\u00f3genos que podem vir a atacar os habitantes do aqu\u00e1rio, aumentando a imunidade dos peixes. Indica\u00e7\u00f5es\/Recomenda\u00e7\u00f5es: Over Nite \u00e9 indicado na ciclagem de aqu\u00e1rios novos ou na manuten\u00e7\u00e3o da qualidade da \u00e1gua de aqu\u00e1rios de \u00e1gua doce ou salgada. &#8211; Estabiliza o ciclo biol\u00f3gico &#8211; Elimina rapidamente subst\u00e2ncias nocivas &#8211; Embalagem: 500ml<\/p>","protected":false},"excerpt":{"rendered":"<p>Ocean Tech Over Nite \u00e9 um produto biol\u00f3gico composto de micro-organismos ben\u00e9ficos que auxiliam na ciclagem de aqu\u00e1rios. Seu uso introduz instantaneamente milh\u00f5es de bact\u00e9rias vivas no sistema, permitindo assim come\u00e7ar a colocar peixes no aqu\u00e1rio imediatamente, eliminando rapidamente subst\u00e2ncias nocivas tais como a am\u00f4nia e o nitrito. Tamb\u00e9m inibe o desenvolvimento de pat\u00f3genos que [&hellip;]<\/p>\n","protected":false},"featured_media":2937,"comment_status":"open","ping_status":"closed","template":"","meta":{"googlesitekit_rrm_CAow0N7NCw:productID":"","content-type":"","pmpro_default_level":"","_themeisle_gutenberg_block_has_review":false},"product_brand":[],"product_cat":[47],"product_tag":[],"class_list":{"0":"post-2938","1":"product","2":"type-product","3":"status-publish","4":"has-post-thumbnail","6":"product_cat-condicionadores-de-agua","7":"pmpro-has-access","9":"first","10":"outofstock","11":"taxable","12":"shipping-taxable","13":"purchasable","14":"product-type-simple"},"_links":{"self":[{"href":"https:\/\/dinhosreef.com\/en\/wp-json\/wp\/v2\/product\/2938","targetHints":{"allow":["GET"]}}],"collection":[{"href":"https:\/\/dinhosreef.com\/en\/wp-json\/wp\/v2\/product"}],"about":[{"href":"https:\/\/dinhosreef.com\/en\/wp-json\/wp\/v2\/types\/product"}],"replies":[{"embeddable":true,"href":"https:\/\/dinhosreef.com\/en\/wp-json\/wp\/v2\/comments?post=2938"}],"wp:featuredmedia":[{"embeddable":true,"href":"https:\/\/dinhosreef.com\/en\/wp-json\/wp\/v2\/media\/2937"}],"wp:attachment":[{"href":"https:\/\/dinhosreef.com\/en\/wp-json\/wp\/v2\/media?parent=2938"}],"wp:term":[{"taxonomy":"product_brand","embeddable":true,"href":"https:\/\/dinhosreef.com\/en\/wp-json\/wp\/v2\/product_brand?post=2938"},{"taxonomy":"product_cat","embeddable":true,"href":"https:\/\/dinhosreef.com\/en\/wp-json\/wp\/v2\/product_cat?post=2938"},{"taxonomy":"product_tag","embeddable":true,"href":"https:\/\/dinhosreef.com\/en\/wp-json\/wp\/v2\/product_tag?post=2938"}],"curies":[{"name":"wp","href":"https:\/\/api.w.org\/{rel}","templated":true}]}}