{"id":2940,"date":"2025-02-11T09:10:29","date_gmt":"2025-02-11T12:10:29","guid":{"rendered":"https:\/\/dinhosreef.com\/produto\/nitraout-removedor-de-nitrato-oceantech-250ml\/"},"modified":"2025-02-11T09:10:29","modified_gmt":"2025-02-11T12:10:29","slug":"nitraout-removedor-de-nitrato-oceantech-250ml","status":"publish","type":"product","link":"https:\/\/dinhosreef.com\/en\/product\/nitraout-removedor-de-nitrato-oceantech-250ml\/","title":{"rendered":"Nitraout Removedor De Nitrato Oceantech 250ml"},"content":{"rendered":"<p>NitraOut \u00e9 um auxiliar na remo\u00e7\u00e3o de nitratos na \u00e1gua, seja ela salgada ou doce, sem a necessidade de trocas de \u00e1gua. \u00c9 seguro at\u00e9 mesmo para os habitantes mais delicados do aqu\u00e1rio e n\u00e3o afeta negativamente a qualidade da \u00e1gua do seu aqu\u00e1rio.<\/p>\n<p>A resina deve ser colocada em um saco de filtro de nylon com malha entre 100 e 200 micras em uma \u00e1rea de boa circula\u00e7\u00e3o no sump, preferencialmente no quebra bolhas. Para otimizar o uso, recomendamos coloc\u00e1-lo em um local de fluxo for\u00e7ado, como um filtro interno ou externo. O produto funciona como uma resina para deionizado, o fluxo deve ser for\u00e7ado atrav\u00e9s do NitraOut. 200ml de NitraOut ir\u00e1 remover at\u00e9 100ppm de nitrato em 200 litros de \u00e1gua.<\/p>","protected":false},"excerpt":{"rendered":"<p>NitraOut \u00e9 um auxiliar na remo\u00e7\u00e3o de nitratos na \u00e1gua, seja ela salgada ou doce, sem a necessidade de trocas de \u00e1gua. \u00c9 seguro at\u00e9 mesmo para os habitantes mais delicados do aqu\u00e1rio e n\u00e3o afeta negativamente a qualidade da \u00e1gua do seu aqu\u00e1rio. A resina deve ser colocada em um saco de filtro de [&hellip;]<\/p>\n","protected":false},"featured_media":2939,"comment_status":"open","ping_status":"closed","template":"","meta":{"googlesitekit_rrm_CAow0N7NCw:productID":"","content-type":"","pmpro_default_level":"","_themeisle_gutenberg_block_has_review":false},"product_brand":[],"product_cat":[31],"product_tag":[],"class_list":{"0":"post-2940","1":"product","2":"type-product","3":"status-publish","4":"has-post-thumbnail","6":"product_cat-materiais-filtrantes","7":"pmpro-has-access","9":"first","10":"outofstock","11":"taxable","12":"shipping-taxable","13":"purchasable","14":"product-type-simple"},"_links":{"self":[{"href":"https:\/\/dinhosreef.com\/en\/wp-json\/wp\/v2\/product\/2940","targetHints":{"allow":["GET"]}}],"collection":[{"href":"https:\/\/dinhosreef.com\/en\/wp-json\/wp\/v2\/product"}],"about":[{"href":"https:\/\/dinhosreef.com\/en\/wp-json\/wp\/v2\/types\/product"}],"replies":[{"embeddable":true,"href":"https:\/\/dinhosreef.com\/en\/wp-json\/wp\/v2\/comments?post=2940"}],"wp:featuredmedia":[{"embeddable":true,"href":"https:\/\/dinhosreef.com\/en\/wp-json\/wp\/v2\/media\/2939"}],"wp:attachment":[{"href":"https:\/\/dinhosreef.com\/en\/wp-json\/wp\/v2\/media?parent=2940"}],"wp:term":[{"taxonomy":"product_brand","embeddable":true,"href":"https:\/\/dinhosreef.com\/en\/wp-json\/wp\/v2\/product_brand?post=2940"},{"taxonomy":"product_cat","embeddable":true,"href":"https:\/\/dinhosreef.com\/en\/wp-json\/wp\/v2\/product_cat?post=2940"},{"taxonomy":"product_tag","embeddable":true,"href":"https:\/\/dinhosreef.com\/en\/wp-json\/wp\/v2\/product_tag?post=2940"}],"curies":[{"name":"wp","href":"https:\/\/api.w.org\/{rel}","templated":true}]}}