{"id":2942,"date":"2025-02-11T09:10:34","date_gmt":"2025-02-11T12:10:34","guid":{"rendered":"https:\/\/dinhosreef.com\/produto\/oceantech-phosout-250ml-removedor-de-fosfato\/"},"modified":"2026-04-16T12:08:20","modified_gmt":"2026-04-16T15:08:20","slug":"oceantech-phosout-250ml-removedor-de-fosfato","status":"publish","type":"product","link":"https:\/\/dinhosreef.com\/en\/product\/oceantech-phosout-250ml-removedor-de-fosfato\/","title":{"rendered":"Oceantech Phosout 250ml &#8211; Removedor De Fosfato"},"content":{"rendered":"<p>PhosOUT Ocean Tech \u00e9 um pol\u00edmero seletivo especialmente desenvolvido para a remo\u00e7\u00e3o de fosfato e silicatos em aqu\u00e1rios de \u00e1gua doce, marinho e lago. Produzido a base de hidr\u00f3xido de ferro, absorve at\u00e9 4 vezes mais fosfato do que o tradicional GFO (\u00f3xido de ferro granulado). Cada 100ml de PhosOUT remove at\u00e9 3ppm de fosfato em 3000 litros de \u00e1gua doce ou 1500 litros em aqu\u00e1rios de \u00e1gua salgada. Modo de usar: Coloque PhosOUT dentro da bolsa de nylon (inclusa na embalagem) e enxague preferencialmente com \u00e1gua deionizada, coloque dentro de um filtro (interno, externo ou canister). Para melhores resultados \u00e9 o recomend\u00e1vel o uso em reatores fluidizados. A substitui\u00e7\u00e3o dever\u00e1 ser efetuada assim que houver a satura\u00e7\u00e3o, monitore o fosfato periodicamente, qualquer sinal de fosfato indica a satura\u00e7\u00e3o da resina.<\/p>","protected":false},"excerpt":{"rendered":"<p>PhosOUT Ocean Tech \u00e9 um pol\u00edmero seletivo especialmente desenvolvido para a remo\u00e7\u00e3o de fosfato e silicatos em aqu\u00e1rios de \u00e1gua doce, marinho e lago. Produzido a base de hidr\u00f3xido de ferro, absorve at\u00e9 4 vezes mais fosfato do que o tradicional GFO (\u00f3xido de ferro granulado). Cada 100ml de PhosOUT remove at\u00e9 3ppm de fosfato [&hellip;]<\/p>\n","protected":false},"featured_media":2941,"comment_status":"open","ping_status":"closed","template":"","meta":{"googlesitekit_rrm_CAow0N7NCw:productID":"","content-type":"","pmpro_default_level":"","_themeisle_gutenberg_block_has_review":false},"product_brand":[],"product_cat":[31],"product_tag":[],"class_list":{"0":"post-2942","1":"product","2":"type-product","3":"status-publish","4":"has-post-thumbnail","6":"product_cat-materiais-filtrantes","7":"pmpro-has-access","9":"first","10":"instock","11":"taxable","12":"shipping-taxable","13":"purchasable","14":"product-type-simple"},"_links":{"self":[{"href":"https:\/\/dinhosreef.com\/en\/wp-json\/wp\/v2\/product\/2942","targetHints":{"allow":["GET"]}}],"collection":[{"href":"https:\/\/dinhosreef.com\/en\/wp-json\/wp\/v2\/product"}],"about":[{"href":"https:\/\/dinhosreef.com\/en\/wp-json\/wp\/v2\/types\/product"}],"replies":[{"embeddable":true,"href":"https:\/\/dinhosreef.com\/en\/wp-json\/wp\/v2\/comments?post=2942"}],"wp:featuredmedia":[{"embeddable":true,"href":"https:\/\/dinhosreef.com\/en\/wp-json\/wp\/v2\/media\/2941"}],"wp:attachment":[{"href":"https:\/\/dinhosreef.com\/en\/wp-json\/wp\/v2\/media?parent=2942"}],"wp:term":[{"taxonomy":"product_brand","embeddable":true,"href":"https:\/\/dinhosreef.com\/en\/wp-json\/wp\/v2\/product_brand?post=2942"},{"taxonomy":"product_cat","embeddable":true,"href":"https:\/\/dinhosreef.com\/en\/wp-json\/wp\/v2\/product_cat?post=2942"},{"taxonomy":"product_tag","embeddable":true,"href":"https:\/\/dinhosreef.com\/en\/wp-json\/wp\/v2\/product_tag?post=2942"}],"curies":[{"name":"wp","href":"https:\/\/api.w.org\/{rel}","templated":true}]}}