{"id":2944,"date":"2025-02-11T09:10:41","date_gmt":"2025-02-11T12:10:41","guid":{"rendered":"https:\/\/dinhosreef.com\/produto\/seachem-prime-removedor-de-cloro-p-aquario-1l-litro\/"},"modified":"2026-02-02T17:44:51","modified_gmt":"2026-02-02T20:44:51","slug":"seachem-prime-removedor-de-cloro-p-aquario-1l-litro","status":"publish","type":"product","link":"https:\/\/dinhosreef.com\/en\/product\/seachem-prime-removedor-de-cloro-p-aquario-1l-litro\/","title":{"rendered":"Seachem Prime Removedor De Cloro P\/ Aqu\u00e1rio 1l Litro"},"content":{"rendered":"<h1 id=\"titulo_novo_produto\" style=\"font-size: var(--font-size-big);margin: 0px;font-family: var(--font-family-primary);color: #e4e6eb;padding: 0px;letter-spacing: var(--letter-spacing);background-color: #242526\" data-i18n=\"Produto:productStepByStep.form.titleNewProduct\">Seachem Prime Removedor De Cloro P\/ Aqu\u00e1rio 1l Litro<\/h1>\n<p>&#8212;&#8212;&#8212;&#8212;&#8212;&#8212;&#8212;&#8212;&#8212;&#8212;&#8212;&#8212;&#8212;&#8212;&#8212;&#8212;&#8212;&#8212;&#8212;&#8212;&#8212;&#8212;&#8212;&#8211;<\/p>\n<p>\u00a0<\/p>\n<p>\u00a0<\/p>\n<p><span style=\"color: #666666;font-family: 'Proxima Nova', -apple-system, Roboto, Arial, sans-serif;font-size: 20px;background-color: #ffffff\">Prime\u00ae \u00e9 o condicionador completo para ambos tipos de aqu\u00e1rio: doce e \u00e1gua salgada.<\/span><br style=\"color: #666666;font-family: 'Proxima Nova', -apple-system, Roboto, Arial, sans-serif;font-size: 20px;background-color: #ffffff\"><span style=\"color: #666666;font-family: 'Proxima Nova', -apple-system, Roboto, Arial, sans-serif;font-size: 20px;background-color: #ffffff\">Prime remove cloramina, cloro e am\u00f4nia, converte amon\u00edaco em uma forma segura, forma n\u00e3o-t\u00f3xico que \u00e9 facilmente removido pelo biofiltro do tanque.<\/span><br style=\"color: #666666;font-family: 'Proxima Nova', -apple-system, Roboto, Arial, sans-serif;font-size: 20px;background-color: #ffffff\"><span style=\"color: #666666;font-family: 'Proxima Nova', -apple-system, Roboto, Arial, sans-serif;font-size: 20px;background-color: #ffffff\">Prime\u00ae pode ser usado durante a ciclagem do tanque para diminuir amon\u00edaco e nitrito.<\/span><br style=\"color: #666666;font-family: 'Proxima Nova', -apple-system, Roboto, Arial, sans-serif;font-size: 20px;background-color: #ffffff\"><span style=\"color: #666666;font-family: 'Proxima Nova', -apple-system, Roboto, Arial, sans-serif;font-size: 20px;background-color: #ffffff\">Prime\u00ae desintoxica nitrito e nitrato, permitindo que o biofiltro remova-os de forma mais eficiente e r\u00e1pida.<\/span><br style=\"color: #666666;font-family: 'Proxima Nova', -apple-system, Roboto, Arial, sans-serif;font-size: 20px;background-color: #ffffff\"><span style=\"color: #666666;font-family: 'Proxima Nova', -apple-system, Roboto, Arial, sans-serif;font-size: 20px;background-color: #ffffff\">E tamb\u00e9m consome quaisquer metais pesados, encontrados na \u00e1gua da torneira em n\u00edveis de concentra\u00e7\u00e3o t\u00edpicas n\u00e3o tolerada por peixes.<\/span><br style=\"color: #666666;font-family: 'Proxima Nova', -apple-system, Roboto, Arial, sans-serif;font-size: 20px;background-color: #ffffff\"><span style=\"color: #666666;font-family: 'Proxima Nova', -apple-system, Roboto, Arial, sans-serif;font-size: 20px;background-color: #ffffff\">Use no start-up e sempre que adicionar ou substituir a \u00e1gua de seu aqu\u00e1rio.<\/span><br style=\"color: #666666;font-family: 'Proxima Nova', -apple-system, Roboto, Arial, sans-serif;font-size: 20px;background-color: #ffffff\"><span style=\"color: #666666;font-family: 'Proxima Nova', -apple-system, Roboto, Arial, sans-serif;font-size: 20px;background-color: #ffffff\">Quase todas as empresas fabricam um produto que remove o cloro.<\/span><br style=\"color: #666666;font-family: 'Proxima Nova', -apple-system, Roboto, Arial, sans-serif;font-size: 20px;background-color: #ffffff\"><span style=\"color: #666666;font-family: 'Proxima Nova', -apple-system, Roboto, Arial, sans-serif;font-size: 20px;background-color: #ffffff\">Nenhum deles, no entanto, pode comparar-se em concentra\u00e7\u00e3o, qualidade ou efic\u00e1cia ao produto Seachem.<\/span><br style=\"color: #666666;font-family: 'Proxima Nova', -apple-system, Roboto, Arial, sans-serif;font-size: 20px;background-color: #ffffff\"><span style=\"color: #666666;font-family: 'Proxima Nova', -apple-system, Roboto, Arial, sans-serif;font-size: 20px;background-color: #ffffff\">Uma garrafa \u00fanica de 100 mL ir\u00e1 tratar 1.000 gal\u00f5es de \u00e1gua da torneira.<\/span><br style=\"color: #666666;font-family: 'Proxima Nova', -apple-system, Roboto, Arial, sans-serif;font-size: 20px;background-color: #ffffff\"><span style=\"color: #666666;font-family: 'Proxima Nova', -apple-system, Roboto, Arial, sans-serif;font-size: 20px;background-color: #ffffff\">Prime\u00ae ir\u00e1 remover o cloro e cloraminas do abastecimento de \u00e1gua do munic\u00edpio.<\/span><br style=\"color: #666666;font-family: 'Proxima Nova', -apple-system, Roboto, Arial, sans-serif;font-size: 20px;background-color: #ffffff\"><br style=\"color: #666666;font-family: 'Proxima Nova', -apple-system, Roboto, Arial, sans-serif;font-size: 20px;background-color: #ffffff\"><span style=\"color: #666666;font-family: 'Proxima Nova', -apple-system, Roboto, Arial, sans-serif;font-size: 20px;background-color: #ffffff\">Prime\u00ae tamb\u00e9m cont\u00e9m um agente de liga\u00e7\u00e3o, que torna o nitrito, am\u00f3nia, nitrato n\u00e3o t\u00f3xico.<\/span><br style=\"color: #666666;font-family: 'Proxima Nova', -apple-system, Roboto, Arial, sans-serif;font-size: 20px;background-color: #ffffff\"><span style=\"color: #666666;font-family: 'Proxima Nova', -apple-system, Roboto, Arial, sans-serif;font-size: 20px;background-color: #ffffff\">\u00c9 muito importante entender como essas duas fun\u00e7\u00f5es trabalham em conjunto.<\/span><br style=\"color: #666666;font-family: 'Proxima Nova', -apple-system, Roboto, Arial, sans-serif;font-size: 20px;background-color: #ffffff\"><span style=\"color: #666666;font-family: 'Proxima Nova', -apple-system, Roboto, Arial, sans-serif;font-size: 20px;background-color: #ffffff\">Todos decloradores operam atrav\u00e9s de um processo qu\u00edmico conhecido como redu\u00e7\u00e3o.<\/span><br style=\"color: #666666;font-family: 'Proxima Nova', -apple-system, Roboto, Arial, sans-serif;font-size: 20px;background-color: #ffffff\"><span style=\"color: #666666;font-family: 'Proxima Nova', -apple-system, Roboto, Arial, sans-serif;font-size: 20px;background-color: #ffffff\">Neste processo, o g\u00e1s de cloro dissolvido t\u00f3xico (Cl 2) \u00e9 convertido em i\u00f5es n\u00e3o t\u00f3xicos de cloreto (Cl-).<\/span><br style=\"color: #666666;font-family: 'Proxima Nova', -apple-system, Roboto, Arial, sans-serif;font-size: 20px;background-color: #ffffff\"><span style=\"color: #666666;font-family: 'Proxima Nova', -apple-system, Roboto, Arial, sans-serif;font-size: 20px;background-color: #ffffff\">O processo de redu\u00e7\u00e3o tamb\u00e9m rompe as liga\u00e7\u00f5es entre os \u00e1tomos de azoto e de cloro na mol\u00e9cula de cloramina (NH 2 Cl ), Libertando os \u00e1tomos de cloro e substituindo-os com hidrog\u00e9nio (H) para criar amon\u00edaco (NH 3).<\/span><br style=\"color: #666666;font-family: 'Proxima Nova', -apple-system, Roboto, Arial, sans-serif;font-size: 20px;background-color: #ffffff\"><span style=\"color: #666666;font-family: 'Proxima Nova', -apple-system, Roboto, Arial, sans-serif;font-size: 20px;background-color: #ffffff\">Normalmente, decloradores deixam um aqu\u00e1rio cheio de am\u00f4nia t\u00f3xica!<\/span><br style=\"color: #666666;font-family: 'Proxima Nova', -apple-system, Roboto, Arial, sans-serif;font-size: 20px;background-color: #ffffff\"><span style=\"color: #666666;font-family: 'Proxima Nova', -apple-system, Roboto, Arial, sans-serif;font-size: 20px;background-color: #ffffff\">Seachem leva o pr\u00f3ximo passo necess\u00e1rio pela inclus\u00e3o de um ligante de amon\u00edaco para desintoxicar o amon\u00edaco produzido no processo de redu\u00e7\u00e3o.<\/span><br style=\"color: #666666;font-family: 'Proxima Nova', -apple-system, Roboto, Arial, sans-serif;font-size: 20px;background-color: #ffffff\"><br style=\"color: #666666;font-family: 'Proxima Nova', -apple-system, Roboto, Arial, sans-serif;font-size: 20px;background-color: #ffffff\"><br style=\"color: #666666;font-family: 'Proxima Nova', -apple-system, Roboto, Arial, sans-serif;font-size: 20px;background-color: #ffffff\"><span style=\"color: #666666;font-family: 'Proxima Nova', -apple-system, Roboto, Arial, sans-serif;font-size: 20px;background-color: #ffffff\">Instru\u00e7\u00f5es de uso:<\/span><br style=\"color: #666666;font-family: 'Proxima Nova', -apple-system, Roboto, Arial, sans-serif;font-size: 20px;background-color: #ffffff\"><span style=\"color: #666666;font-family: 'Proxima Nova', -apple-system, Roboto, Arial, sans-serif;font-size: 20px;background-color: #ffffff\">Use uma tampinha (5 ml), para cada 200 L (50 gal\u00f5es*) de \u00e1gua nova.<\/span><br style=\"color: #666666;font-family: 'Proxima Nova', -apple-system, Roboto, Arial, sans-serif;font-size: 20px;background-color: #ffffff\"><span style=\"color: #666666;font-family: 'Proxima Nova', -apple-system, Roboto, Arial, sans-serif;font-size: 20px;background-color: #ffffff\">Para doses menores, observe cada thread da tampa \u00e9 de aprox. 1 mL.<\/span><br style=\"color: #666666;font-family: 'Proxima Nova', -apple-system, Roboto, Arial, sans-serif;font-size: 20px;background-color: #ffffff\"><span style=\"color: #666666;font-family: 'Proxima Nova', -apple-system, Roboto, Arial, sans-serif;font-size: 20px;background-color: #ffffff\">Podem ser adicionados ao aqu\u00e1rio directamente, mas melhor se adicionado \u00e0 \u00e1gua nova primeiro.<\/span><br style=\"color: #666666;font-family: 'Proxima Nova', -apple-system, Roboto, Arial, sans-serif;font-size: 20px;background-color: #ffffff\"><br style=\"color: #666666;font-family: 'Proxima Nova', -apple-system, Roboto, Arial, sans-serif;font-size: 20px;background-color: #ffffff\"><span style=\"color: #666666;font-family: 'Proxima Nova', -apple-system, Roboto, Arial, sans-serif;font-size: 20px;background-color: #ffffff\">Se adicionar diretamente ao aqu\u00e1rio use a liragem do aquario como base para dosagem.<\/span><br style=\"color: #666666;font-family: 'Proxima Nova', -apple-system, Roboto, Arial, sans-serif;font-size: 20px;background-color: #ffffff\"><br style=\"color: #666666;font-family: 'Proxima Nova', -apple-system, Roboto, Arial, sans-serif;font-size: 20px;background-color: #ffffff\"><span style=\"color: #666666;font-family: 'Proxima Nova', -apple-system, Roboto, Arial, sans-serif;font-size: 20px;background-color: #ffffff\">Odor de enxofre \u00e9 normal.<\/span><br style=\"color: #666666;font-family: 'Proxima Nova', -apple-system, Roboto, Arial, sans-serif;font-size: 20px;background-color: #ffffff\"><br style=\"color: #666666;font-family: 'Proxima Nova', -apple-system, Roboto, Arial, sans-serif;font-size: 20px;background-color: #ffffff\"><span style=\"color: #666666;font-family: 'Proxima Nova', -apple-system, Roboto, Arial, sans-serif;font-size: 20px;background-color: #ffffff\">Para concentra\u00e7\u00f5es de cloramina excepcionalmente elevados, uma dose dupla pode ser usada com seguran\u00e7a.<\/span><br style=\"color: #666666;font-family: 'Proxima Nova', -apple-system, Roboto, Arial, sans-serif;font-size: 20px;background-color: #ffffff\"><span style=\"color: #666666;font-family: 'Proxima Nova', -apple-system, Roboto, Arial, sans-serif;font-size: 20px;background-color: #ffffff\">Para desintoxicar o nitrito em caso de emerg\u00eancia, at\u00e9 5 vezes a dose normal pode ser usado.<\/span><br style=\"color: #666666;font-family: 'Proxima Nova', -apple-system, Roboto, Arial, sans-serif;font-size: 20px;background-color: #ffffff\"><span style=\"color: #666666;font-family: 'Proxima Nova', -apple-system, Roboto, Arial, sans-serif;font-size: 20px;background-color: #ffffff\">Se a temperatura \u00e9&gt; 30 \u00b0 C (86 \u00b0 F) e de cloro ou os n\u00edveis de am\u00f3nia s\u00e3o baixos, utilizar metade da dose.<\/span><\/p>","protected":false},"excerpt":{"rendered":"<p>Seachem Prime Removedor De Cloro P\/ Aqu\u00e1rio 1l Litro &#8212;&#8212;&#8212;&#8212;&#8212;&#8212;&#8212;&#8212;&#8212;&#8212;&#8212;&#8212;&#8212;&#8212;&#8212;&#8212;&#8212;&#8212;&#8212;&#8212;&#8212;&#8212;&#8212;&#8211; \u00a0 \u00a0 Prime\u00ae \u00e9 o condicionador completo para ambos tipos de aqu\u00e1rio: doce e \u00e1gua salgada.Prime remove cloramina, cloro e am\u00f4nia, converte amon\u00edaco em uma forma segura, forma n\u00e3o-t\u00f3xico que \u00e9 facilmente removido pelo biofiltro do tanque.Prime\u00ae pode ser usado durante a ciclagem do tanque [&hellip;]<\/p>\n","protected":false},"featured_media":2943,"comment_status":"open","ping_status":"closed","template":"","meta":{"googlesitekit_rrm_CAow0N7NCw:productID":"","content-type":"","pmpro_default_level":"","_themeisle_gutenberg_block_has_review":false},"product_brand":[402],"product_cat":[47],"product_tag":[],"class_list":{"0":"post-2944","1":"product","2":"type-product","3":"status-publish","4":"has-post-thumbnail","6":"product_brand-seachem","7":"product_cat-condicionadores-de-agua","8":"pmpro-has-access","10":"first","11":"outofstock","12":"taxable","13":"shipping-taxable","14":"purchasable","15":"product-type-simple"},"_links":{"self":[{"href":"https:\/\/dinhosreef.com\/en\/wp-json\/wp\/v2\/product\/2944","targetHints":{"allow":["GET"]}}],"collection":[{"href":"https:\/\/dinhosreef.com\/en\/wp-json\/wp\/v2\/product"}],"about":[{"href":"https:\/\/dinhosreef.com\/en\/wp-json\/wp\/v2\/types\/product"}],"replies":[{"embeddable":true,"href":"https:\/\/dinhosreef.com\/en\/wp-json\/wp\/v2\/comments?post=2944"}],"wp:featuredmedia":[{"embeddable":true,"href":"https:\/\/dinhosreef.com\/en\/wp-json\/wp\/v2\/media\/2943"}],"wp:attachment":[{"href":"https:\/\/dinhosreef.com\/en\/wp-json\/wp\/v2\/media?parent=2944"}],"wp:term":[{"taxonomy":"product_brand","embeddable":true,"href":"https:\/\/dinhosreef.com\/en\/wp-json\/wp\/v2\/product_brand?post=2944"},{"taxonomy":"product_cat","embeddable":true,"href":"https:\/\/dinhosreef.com\/en\/wp-json\/wp\/v2\/product_cat?post=2944"},{"taxonomy":"product_tag","embeddable":true,"href":"https:\/\/dinhosreef.com\/en\/wp-json\/wp\/v2\/product_tag?post=2944"}],"curies":[{"name":"wp","href":"https:\/\/api.w.org\/{rel}","templated":true}]}}