{"id":2970,"date":"2025-02-11T17:19:24","date_gmt":"2025-02-11T20:19:24","guid":{"rendered":"https:\/\/dinhosreef.com\/produto\/farinhada-pp-ovo-power-1kg\/"},"modified":"2025-09-19T00:24:53","modified_gmt":"2025-09-19T03:24:53","slug":"farinhada-pp-ovo-power-1kg","status":"publish","type":"product","link":"https:\/\/dinhosreef.com\/en\/product\/farinhada-pp-ovo-power-1kg\/","title":{"rendered":"Farinhada Pp Ovo Power 1kg"},"content":{"rendered":"<p><strong>Farinhada Protein P\u00e1ssaros &#8211; PP Ovo Power &#8211; 1kg<\/strong><\/p>\n<p>PP &#8211; OVO POWER,\u00a0\u00e9 um produto desenvolvido para p\u00e1ssaros gran\u00edvoros.Um alimento especialmente formulado para aves em forma\u00e7\u00e3o e reprodu\u00e7\u00e3o. Produto completo, enriquecido com vitaminas,amino\u00e1cidos e minerais essenciais.\u00a0\u00c9 um alimento com alto teor proteico. Para evitar algum tipo de dist\u00fabio como stress ou at\u00e9 mesmo uma muda de pena, \u00e9 recomendado que seja introduzido gradativamente este alimento, por um periodo de 7 a 10 dias, misturando nos alimentos a que s\u00e3o fornecidas, proporcionando deste modo, uma mudan\u00e7a e melhor adapta\u00e7\u00e3o pela flora intestinal das aves.<\/p>\n<p>INDICA\u00c7\u00c3O DE USO E ESP\u00c9CIE A QUE SE DESTINA<\/p>\n<p>PP &#8211; OVO POWER\u00a0\u00e9 um\u00a0indicado para Can\u00e1rios do Reino, Diamante de Gould,Calafate, Manom, Mandarim, Pintassilgo, Can\u00e1rio da Terra e demais P\u00e1ssaros Gran\u00edvoros.USO PROIBIDO NA ALIMENTA\u00c7\u00c3O DE RUMINANTES.<\/p>\n<p>MODE DE USAR<\/p>\n<p>\u00c9 um produto pronto para o uso. Recomendamos que seja umedecida\u00a0 com \u00e1gua. A hidrata\u00e7\u00e3o deste alimento ir\u00e1 unir todas as particulas deste alimento e tamb\u00e9m ir\u00e1\u00a0facilitar\u00a0o trato, lembrando que deve ser preparada diariamente para evitar fermenta\u00e7\u00e3o. Podem ser acrescentadas verduras picadas como; Almeir\u00e3o, Couve, Chic\u00f3ria, Ovo cozido\u00a0e sementes na propor\u00e7\u00e3o m\u00e1xima de 100 g por Kg da PP &#8211; OVO POWER.<\/p>\n<p>Garantia do vendedor: 7 dias<\/p>","protected":false},"excerpt":{"rendered":"<p>Farinhada Protein P\u00e1ssaros &#8211; PP Ovo Power &#8211; 1kg PP &#8211; OVO POWER,\u00a0\u00e9 um produto desenvolvido para p\u00e1ssaros gran\u00edvoros.Um alimento especialmente formulado para aves em forma\u00e7\u00e3o e reprodu\u00e7\u00e3o. Produto completo, enriquecido com vitaminas,amino\u00e1cidos e minerais essenciais.\u00a0\u00c9 um alimento com alto teor proteico. Para evitar algum tipo de dist\u00fabio como stress ou at\u00e9 mesmo uma muda [&hellip;]<\/p>\n","protected":false},"featured_media":2967,"comment_status":"open","ping_status":"closed","template":"","meta":{"googlesitekit_rrm_CAow0N7NCw:productID":"","content-type":"","pmpro_default_level":"","_themeisle_gutenberg_block_has_review":false},"product_brand":[],"product_cat":[165],"product_tag":[],"class_list":{"0":"post-2970","1":"product","2":"type-product","3":"status-publish","4":"has-post-thumbnail","6":"product_cat-peixes-pet-shop","7":"aux-has-gallery","8":"pmpro-has-access","10":"first","11":"outofstock","12":"taxable","13":"shipping-taxable","14":"purchasable","15":"product-type-simple"},"_links":{"self":[{"href":"https:\/\/dinhosreef.com\/en\/wp-json\/wp\/v2\/product\/2970","targetHints":{"allow":["GET"]}}],"collection":[{"href":"https:\/\/dinhosreef.com\/en\/wp-json\/wp\/v2\/product"}],"about":[{"href":"https:\/\/dinhosreef.com\/en\/wp-json\/wp\/v2\/types\/product"}],"replies":[{"embeddable":true,"href":"https:\/\/dinhosreef.com\/en\/wp-json\/wp\/v2\/comments?post=2970"}],"wp:featuredmedia":[{"embeddable":true,"href":"https:\/\/dinhosreef.com\/en\/wp-json\/wp\/v2\/media\/2967"}],"wp:attachment":[{"href":"https:\/\/dinhosreef.com\/en\/wp-json\/wp\/v2\/media?parent=2970"}],"wp:term":[{"taxonomy":"product_brand","embeddable":true,"href":"https:\/\/dinhosreef.com\/en\/wp-json\/wp\/v2\/product_brand?post=2970"},{"taxonomy":"product_cat","embeddable":true,"href":"https:\/\/dinhosreef.com\/en\/wp-json\/wp\/v2\/product_cat?post=2970"},{"taxonomy":"product_tag","embeddable":true,"href":"https:\/\/dinhosreef.com\/en\/wp-json\/wp\/v2\/product_tag?post=2970"}],"curies":[{"name":"wp","href":"https:\/\/api.w.org\/{rel}","templated":true}]}}