{"id":2974,"date":"2025-02-11T18:00:26","date_gmt":"2025-02-11T21:00:26","guid":{"rendered":"https:\/\/dinhosreef.com\/produto\/extrusada-naturally-branca-5kg\/"},"modified":"2025-12-28T20:10:56","modified_gmt":"2025-12-28T23:10:56","slug":"extrusada-naturally-branca-5kg","status":"publish","type":"product","link":"https:\/\/dinhosreef.com\/en\/product\/extrusada-naturally-branca-5kg\/","title":{"rendered":"Extrusada Naturally Branca &#8211; 5KG"},"content":{"rendered":"<p>NATURALLY BRANCA 5KG<\/p>\n<p>DESCRI\u00c7\u00c3O DO PRODUTO ACABADO;<\/p>\n<p>NATURALLY BRANCA \u00e9 um produto isento de pigmento,desenvolvido para p\u00e1ssaros gran\u00edvoros.Um alimento especialmente formulado para aves em crescimento e manuten\u00e7\u00e3o. Produto completo, enriquecido com vitaminas,amino\u00e1cidos, minerais essenciais e enzimas digestivas. Para evitar algum tipo de dist\u00farbio como stress ou at\u00e9 mesmo uma muda de pena, \u00e9 recomendado que seja introduzido gradativamente este alimento, por um per\u00edodo m\u00ednimo de 7 a 10 dias misturando nos alimentos a que s\u00e3o fornecidas,proporcionando deste modo, uma mudan\u00e7a e melhor adapta\u00e7\u00e3o pela flora intestinal das aves.<\/p>","protected":false},"excerpt":{"rendered":"<p>NATURALLY BRANCA 5KG DESCRI\u00c7\u00c3O DO PRODUTO ACABADO; NATURALLY BRANCA \u00e9 um produto isento de pigmento,desenvolvido para p\u00e1ssaros gran\u00edvoros.Um alimento especialmente formulado para aves em crescimento e manuten\u00e7\u00e3o. Produto completo, enriquecido com vitaminas,amino\u00e1cidos, minerais essenciais e enzimas digestivas. Para evitar algum tipo de dist\u00farbio como stress ou at\u00e9 mesmo uma muda de pena, \u00e9 recomendado que [&hellip;]<\/p>\n","protected":false},"featured_media":2971,"comment_status":"open","ping_status":"closed","template":"","meta":{"googlesitekit_rrm_CAow0N7NCw:productID":"","content-type":"","pmpro_default_level":"","_themeisle_gutenberg_block_has_review":false},"product_brand":[],"product_cat":[165],"product_tag":[],"class_list":{"0":"post-2974","1":"product","2":"type-product","3":"status-publish","4":"has-post-thumbnail","6":"product_cat-peixes-pet-shop","7":"aux-has-gallery","8":"pmpro-has-access","10":"first","11":"outofstock","12":"taxable","13":"shipping-taxable","14":"purchasable","15":"product-type-simple"},"_links":{"self":[{"href":"https:\/\/dinhosreef.com\/en\/wp-json\/wp\/v2\/product\/2974","targetHints":{"allow":["GET"]}}],"collection":[{"href":"https:\/\/dinhosreef.com\/en\/wp-json\/wp\/v2\/product"}],"about":[{"href":"https:\/\/dinhosreef.com\/en\/wp-json\/wp\/v2\/types\/product"}],"replies":[{"embeddable":true,"href":"https:\/\/dinhosreef.com\/en\/wp-json\/wp\/v2\/comments?post=2974"}],"wp:featuredmedia":[{"embeddable":true,"href":"https:\/\/dinhosreef.com\/en\/wp-json\/wp\/v2\/media\/2971"}],"wp:attachment":[{"href":"https:\/\/dinhosreef.com\/en\/wp-json\/wp\/v2\/media?parent=2974"}],"wp:term":[{"taxonomy":"product_brand","embeddable":true,"href":"https:\/\/dinhosreef.com\/en\/wp-json\/wp\/v2\/product_brand?post=2974"},{"taxonomy":"product_cat","embeddable":true,"href":"https:\/\/dinhosreef.com\/en\/wp-json\/wp\/v2\/product_cat?post=2974"},{"taxonomy":"product_tag","embeddable":true,"href":"https:\/\/dinhosreef.com\/en\/wp-json\/wp\/v2\/product_tag?post=2974"}],"curies":[{"name":"wp","href":"https:\/\/api.w.org\/{rel}","templated":true}]}}