{"id":2986,"date":"2025-02-11T18:52:45","date_gmt":"2025-02-11T21:52:45","guid":{"rendered":"https:\/\/dinhosreef.com\/produto\/luminaria-led-soma-s-200-10w-led-wrgb-autovolt\/"},"modified":"2026-03-14T12:36:03","modified_gmt":"2026-03-14T15:36:03","slug":"luminaria-led-soma-s-200-10w-led-wrgb-autovolt","status":"publish","type":"product","link":"https:\/\/dinhosreef.com\/en\/product\/luminaria-led-soma-s-200-10w-led-wrgb-autovolt\/","title":{"rendered":"LUMINARIA LED SOMA S- 200 (10W) LED WRGB AUTOVOLT"},"content":{"rendered":"<p>Lumin\u00e1ria led para uso em aqu\u00e1rios.<br \/>Ilumina\u00e7\u00e3o de alto rendimento e econ\u00f4mica!<br \/>Leds: 30 brancos + 6 azuis + 6 verdes + 6 vermelhos<br \/>\u00a0<br \/>Atende vidros com at\u00e9 9mm.<br \/>\u00a0<br \/>Voltagem: Bivolt<br \/>Dimens\u00f5es aproximadas da lumin\u00e1ria: 17 x 8cm<br \/>Suportes regul\u00e1veis, atende aqu\u00e1rios de 20 at\u00e9 30cm de comprimento.<br \/>\u00a0<br \/>\u00a0<\/p>\n<p>Garantia do vendedor: 90 dias<\/p>\n<p>\u00a0<\/p>\n<p>LUMINARIA LED SOMA S-200 (10W) LED WRGB AUTOVOLT. Informa\u00e7\u00f5es: Altura: 5 Largura: 9 Profundidade: 21 Peso: 0,29<br \/>Aqui voc\u00ea encontra os melhores produtos da SOMA.<br \/>D\u00favidas: Os produtos s\u00e3o sempre novos e de alta qualidade. Todas as mercadorias s\u00e3o para pronta entrega<\/p>","protected":false},"excerpt":{"rendered":"<p>Lumin\u00e1ria led para uso em aqu\u00e1rios.Ilumina\u00e7\u00e3o de alto rendimento e econ\u00f4mica!Leds: 30 brancos + 6 azuis + 6 verdes + 6 vermelhos\u00a0Atende vidros com at\u00e9 9mm.\u00a0Voltagem: BivoltDimens\u00f5es aproximadas da lumin\u00e1ria: 17 x 8cmSuportes regul\u00e1veis, atende aqu\u00e1rios de 20 at\u00e9 30cm de comprimento.\u00a0\u00a0 Garantia do vendedor: 90 dias \u00a0 LUMINARIA LED SOMA S-200 (10W) LED WRGB [&hellip;]<\/p>\n","protected":false},"featured_media":2981,"comment_status":"open","ping_status":"closed","template":"","meta":{"googlesitekit_rrm_CAow0N7NCw:productID":"","content-type":"","pmpro_default_level":"","_themeisle_gutenberg_block_has_review":false},"product_brand":[],"product_cat":[59],"product_tag":[],"class_list":{"0":"post-2986","1":"product","2":"type-product","3":"status-publish","4":"has-post-thumbnail","6":"product_cat-iluminacao-para-aquarios","7":"aux-has-gallery","8":"pmpro-has-access","10":"first","11":"instock","12":"taxable","13":"shipping-taxable","14":"purchasable","15":"product-type-simple"},"_links":{"self":[{"href":"https:\/\/dinhosreef.com\/en\/wp-json\/wp\/v2\/product\/2986","targetHints":{"allow":["GET"]}}],"collection":[{"href":"https:\/\/dinhosreef.com\/en\/wp-json\/wp\/v2\/product"}],"about":[{"href":"https:\/\/dinhosreef.com\/en\/wp-json\/wp\/v2\/types\/product"}],"replies":[{"embeddable":true,"href":"https:\/\/dinhosreef.com\/en\/wp-json\/wp\/v2\/comments?post=2986"}],"wp:featuredmedia":[{"embeddable":true,"href":"https:\/\/dinhosreef.com\/en\/wp-json\/wp\/v2\/media\/2981"}],"wp:attachment":[{"href":"https:\/\/dinhosreef.com\/en\/wp-json\/wp\/v2\/media?parent=2986"}],"wp:term":[{"taxonomy":"product_brand","embeddable":true,"href":"https:\/\/dinhosreef.com\/en\/wp-json\/wp\/v2\/product_brand?post=2986"},{"taxonomy":"product_cat","embeddable":true,"href":"https:\/\/dinhosreef.com\/en\/wp-json\/wp\/v2\/product_cat?post=2986"},{"taxonomy":"product_tag","embeddable":true,"href":"https:\/\/dinhosreef.com\/en\/wp-json\/wp\/v2\/product_tag?post=2986"}],"curies":[{"name":"wp","href":"https:\/\/api.w.org\/{rel}","templated":true}]}}