{"id":3041,"date":"2025-02-11T19:49:05","date_gmt":"2025-02-11T22:49:05","guid":{"rendered":"https:\/\/dinhosreef.com\/produto\/bomba-sub-soma-alta-vazao-eletronica-sdc-4500-4500l-h-autovolt\/"},"modified":"2025-10-22T13:34:33","modified_gmt":"2025-10-22T16:34:33","slug":"bomba-sub-soma-alta-vazao-eletronica-sdc-4500-4500l-h-autovolt","status":"publish","type":"product","link":"https:\/\/dinhosreef.com\/en\/product\/bomba-sub-soma-alta-vazao-eletronica-sdc-4500-4500l-h-autovolt\/","title":{"rendered":"BOMBA SUB SOMA ALTA VAZAO ELETRONICA SDC- 4500 (4500L\/H) AUTOVOLT"},"content":{"rendered":"<p><strong>Nova linha de bombas submers\u00edveis de alta vaz\u00e3o Soma.<\/strong><\/p>\n<p>Modelo SDC-4500<br \/>Autovolt<br \/>com 39 WATTS de pot\u00eancia<br \/>Vaz\u00e3o de 4500L\/H<br \/>controlador de fluxo e coluna d&#8217;\u00e1gua de 400 cent\u00edmetros.<br \/>Acompanha tubos de sa\u00edda e cabo de 170 cent\u00edmetros.<\/p>","protected":false},"excerpt":{"rendered":"<p>Nova linha de bombas submers\u00edveis de alta vaz\u00e3o Soma. Modelo SDC-4500Autovoltcom 39 WATTS de pot\u00eanciaVaz\u00e3o de 4500L\/Hcontrolador de fluxo e coluna d&#8217;\u00e1gua de 400 cent\u00edmetros.Acompanha tubos de sa\u00edda e cabo de 170 cent\u00edmetros.<\/p>","protected":false},"featured_media":3036,"comment_status":"open","ping_status":"closed","template":"","meta":{"googlesitekit_rrm_CAow0N7NCw:productID":"","content-type":"","pmpro_default_level":"","_themeisle_gutenberg_block_has_review":false},"product_brand":[],"product_cat":[58],"product_tag":[],"class_list":{"0":"post-3041","1":"product","2":"type-product","3":"status-publish","4":"has-post-thumbnail","6":"product_cat-bombas","7":"aux-has-gallery","8":"pmpro-has-access","10":"first","11":"instock","12":"taxable","13":"shipping-taxable","14":"purchasable","15":"product-type-simple"},"_links":{"self":[{"href":"https:\/\/dinhosreef.com\/en\/wp-json\/wp\/v2\/product\/3041","targetHints":{"allow":["GET"]}}],"collection":[{"href":"https:\/\/dinhosreef.com\/en\/wp-json\/wp\/v2\/product"}],"about":[{"href":"https:\/\/dinhosreef.com\/en\/wp-json\/wp\/v2\/types\/product"}],"replies":[{"embeddable":true,"href":"https:\/\/dinhosreef.com\/en\/wp-json\/wp\/v2\/comments?post=3041"}],"wp:featuredmedia":[{"embeddable":true,"href":"https:\/\/dinhosreef.com\/en\/wp-json\/wp\/v2\/media\/3036"}],"wp:attachment":[{"href":"https:\/\/dinhosreef.com\/en\/wp-json\/wp\/v2\/media?parent=3041"}],"wp:term":[{"taxonomy":"product_brand","embeddable":true,"href":"https:\/\/dinhosreef.com\/en\/wp-json\/wp\/v2\/product_brand?post=3041"},{"taxonomy":"product_cat","embeddable":true,"href":"https:\/\/dinhosreef.com\/en\/wp-json\/wp\/v2\/product_cat?post=3041"},{"taxonomy":"product_tag","embeddable":true,"href":"https:\/\/dinhosreef.com\/en\/wp-json\/wp\/v2\/product_tag?post=3041"}],"curies":[{"name":"wp","href":"https:\/\/api.w.org\/{rel}","templated":true}]}}