{"id":3063,"date":"2025-02-11T20:00:21","date_gmt":"2025-02-11T23:00:21","guid":{"rendered":"https:\/\/dinhosreef.com\/produto\/bomba-sub-soma-aquarios-sm-350-350-l-h-127v\/"},"modified":"2025-10-22T21:19:11","modified_gmt":"2025-10-23T00:19:11","slug":"bomba-sub-soma-aquarios-sm-350-350-l-h-127v","status":"publish","type":"product","link":"https:\/\/dinhosreef.com\/en\/product\/bomba-sub-soma-aquarios-sm-350-350-l-h-127v\/","title":{"rendered":"BOMBA SUB SOMA AQUARIOS SM- 350 (350 L\/H) 127V"},"content":{"rendered":"<h1 class=\"ui-pdp-title\">Bomba Sub Soma Aquarios Sm- 350 (350 L\/h) 127v<\/h1>\n<p>\u00a0<\/p>\n<p>Nova linha de bombas submers\u00edveis Soma.<br \/>Modelo SM-350<br \/>110V<br \/>com 5 WATTS de pot\u00eancia<br \/>Vaz\u00e3o de 350L\/H<br \/>controlador de fluxo e coluna d&#8217;\u00e1gua de 80 cent\u00edmetros.<br \/>Acompanha ventosa de fixa\u00e7\u00e3o, tubo de sa\u00edda e cabo de 1,40 metros.<\/p>","protected":false},"excerpt":{"rendered":"<p>Bomba Sub Soma Aquarios Sm- 350 (350 L\/h) 127v \u00a0 Nova linha de bombas submers\u00edveis Soma.Modelo SM-350110Vcom 5 WATTS de pot\u00eanciaVaz\u00e3o de 350L\/Hcontrolador de fluxo e coluna d&#8217;\u00e1gua de 80 cent\u00edmetros.Acompanha ventosa de fixa\u00e7\u00e3o, tubo de sa\u00edda e cabo de 1,40 metros.<\/p>","protected":false},"featured_media":3060,"comment_status":"open","ping_status":"closed","template":"","meta":{"googlesitekit_rrm_CAow0N7NCw:productID":"","content-type":"","pmpro_default_level":"","_themeisle_gutenberg_block_has_review":false},"product_brand":[],"product_cat":[58],"product_tag":[],"class_list":{"0":"post-3063","1":"product","2":"type-product","3":"status-publish","4":"has-post-thumbnail","6":"product_cat-bombas","7":"aux-has-gallery","8":"pmpro-has-access","10":"first","11":"instock","12":"taxable","13":"shipping-taxable","14":"purchasable","15":"product-type-simple"},"_links":{"self":[{"href":"https:\/\/dinhosreef.com\/en\/wp-json\/wp\/v2\/product\/3063","targetHints":{"allow":["GET"]}}],"collection":[{"href":"https:\/\/dinhosreef.com\/en\/wp-json\/wp\/v2\/product"}],"about":[{"href":"https:\/\/dinhosreef.com\/en\/wp-json\/wp\/v2\/types\/product"}],"replies":[{"embeddable":true,"href":"https:\/\/dinhosreef.com\/en\/wp-json\/wp\/v2\/comments?post=3063"}],"wp:featuredmedia":[{"embeddable":true,"href":"https:\/\/dinhosreef.com\/en\/wp-json\/wp\/v2\/media\/3060"}],"wp:attachment":[{"href":"https:\/\/dinhosreef.com\/en\/wp-json\/wp\/v2\/media?parent=3063"}],"wp:term":[{"taxonomy":"product_brand","embeddable":true,"href":"https:\/\/dinhosreef.com\/en\/wp-json\/wp\/v2\/product_brand?post=3063"},{"taxonomy":"product_cat","embeddable":true,"href":"https:\/\/dinhosreef.com\/en\/wp-json\/wp\/v2\/product_cat?post=3063"},{"taxonomy":"product_tag","embeddable":true,"href":"https:\/\/dinhosreef.com\/en\/wp-json\/wp\/v2\/product_tag?post=3063"}],"curies":[{"name":"wp","href":"https:\/\/api.w.org\/{rel}","templated":true}]}}