{"id":3191,"date":"2025-02-14T11:05:25","date_gmt":"2025-02-14T14:05:25","guid":{"rendered":"https:\/\/dinhosreef.com\/produto\/deltaclean-1000-ml\/"},"modified":"2026-04-10T10:37:36","modified_gmt":"2026-04-10T13:37:36","slug":"deltaclean-1000-ml","status":"publish","type":"product","link":"https:\/\/dinhosreef.com\/en\/product\/deltaclean-1000-ml\/","title":{"rendered":"DELTACLEAN 1000 ML"},"content":{"rendered":"<p>DeltaClean \u00e9 um produto formulado para uso em aqu\u00e1rios e lagos, projetado para neutralizar de forma eficaz o cloro e cloraminas presentes na \u00e1gua.<\/p>\n<p>O cloro e as cloraminas, embora comuns no sistema de tratamento de \u00e1gua pot\u00e1vel, podem ser prejudiciais para os peixes e outros organismos aqu\u00e1ticos.<\/p>\n<p>O DeltaClean \u00e9 essencial para garantir que a \u00e1gua seja segura para todos os seres vivos do aqu\u00e1rio.<\/p>\n<p>Al\u00e9m disso, auxilia na remo\u00e7\u00e3o de metais pesados que podem estar presentes em concentra\u00e7\u00f5es m\u00ednimas na \u00e1gua de abastecimento.<\/p>\n<p>Cont\u00e9m extrato de Aloe Vera, que reduz o estresse e acelera a regenera\u00e7\u00e3o da epiderme dos peixes, diminuindo riscos de inflama\u00e7\u00f5es.<\/p>\n<p>Inclui prebi\u00f3tico, para equilibrar a microbiota do aqu\u00e1rio, estimular a microbiota intestinal dos animais e melhorar na convers\u00e3o do alimento.<\/p>\n<p>Principais Caracter\u00edsticas:<\/p>\n<p>&#8211; Neutraliza cloro, cloramina e metais pesados;<br \/>&#8211; Efeito Prebi\u00f3tico que favorece a flora intestinal;<br \/>&#8211; Cont\u00e9m Aloe Vera que regenera mucosa e desestressa peixes.<\/p>\n<p>Instru\u00e7\u00e3o de Uso:<\/p>\n<p>Agite antes de usar.<br \/>Utilizar 1 gota para cada 2l de \u00e1gua.<br \/>Armazenar em lugar seco e longe de luz solar.<\/p>","protected":false},"excerpt":{"rendered":"<p>DeltaClean \u00e9 um produto formulado para uso em aqu\u00e1rios e lagos, projetado para neutralizar de forma eficaz o cloro e cloraminas presentes na \u00e1gua. O cloro e as cloraminas, embora comuns no sistema de tratamento de \u00e1gua pot\u00e1vel, podem ser prejudiciais para os peixes e outros organismos aqu\u00e1ticos. O DeltaClean \u00e9 essencial para garantir que [&hellip;]<\/p>\n","protected":false},"featured_media":3189,"comment_status":"open","ping_status":"closed","template":"","meta":{"googlesitekit_rrm_CAow0N7NCw:productID":"","content-type":"","pmpro_default_level":"","_themeisle_gutenberg_block_has_review":false},"product_brand":[],"product_cat":[47],"product_tag":[],"class_list":{"0":"post-3191","1":"product","2":"type-product","3":"status-publish","4":"has-post-thumbnail","6":"product_cat-condicionadores-de-agua","7":"aux-has-gallery","8":"pmpro-has-access","10":"first","11":"instock","12":"taxable","13":"shipping-taxable","14":"purchasable","15":"product-type-simple"},"_links":{"self":[{"href":"https:\/\/dinhosreef.com\/en\/wp-json\/wp\/v2\/product\/3191","targetHints":{"allow":["GET"]}}],"collection":[{"href":"https:\/\/dinhosreef.com\/en\/wp-json\/wp\/v2\/product"}],"about":[{"href":"https:\/\/dinhosreef.com\/en\/wp-json\/wp\/v2\/types\/product"}],"replies":[{"embeddable":true,"href":"https:\/\/dinhosreef.com\/en\/wp-json\/wp\/v2\/comments?post=3191"}],"wp:featuredmedia":[{"embeddable":true,"href":"https:\/\/dinhosreef.com\/en\/wp-json\/wp\/v2\/media\/3189"}],"wp:attachment":[{"href":"https:\/\/dinhosreef.com\/en\/wp-json\/wp\/v2\/media?parent=3191"}],"wp:term":[{"taxonomy":"product_brand","embeddable":true,"href":"https:\/\/dinhosreef.com\/en\/wp-json\/wp\/v2\/product_brand?post=3191"},{"taxonomy":"product_cat","embeddable":true,"href":"https:\/\/dinhosreef.com\/en\/wp-json\/wp\/v2\/product_cat?post=3191"},{"taxonomy":"product_tag","embeddable":true,"href":"https:\/\/dinhosreef.com\/en\/wp-json\/wp\/v2\/product_tag?post=3191"}],"curies":[{"name":"wp","href":"https:\/\/api.w.org\/{rel}","templated":true}]}}