{"id":3207,"date":"2025-02-14T11:05:55","date_gmt":"2025-02-14T14:05:55","guid":{"rendered":"https:\/\/dinhosreef.com\/produto\/deltafish-1000-ml-marinho-acelerador-biologico\/"},"modified":"2026-04-10T10:25:07","modified_gmt":"2026-04-10T13:25:07","slug":"deltafish-1000-ml-marinho-acelerador-biologico","status":"publish","type":"product","link":"https:\/\/dinhosreef.com\/en\/product\/deltafish-1000-ml-marinho-acelerador-biologico\/","title":{"rendered":"DELTAFISH 1000 ML MARINHO  ACELERADOR BIOLOGICO"},"content":{"rendered":"<p>\u00a0Delta Fish &#8211; Acelerador Biol\u00f3gico Completo para Aqu\u00e1rios Marinhos<\/p>\n<p>Descubra a revolu\u00e7\u00e3o na manuten\u00e7\u00e3o de aqu\u00e1rios marinhos com o Delta Fish, o acelerador biol\u00f3gico completo e super efetivo. Este produto \u00e9 a solu\u00e7\u00e3o ideal para manter seu aqu\u00e1rio saud\u00e1vel, limpo e vibrante.<\/p>\n<p>**Principais Benef\u00edcios:**<br \/>&#8211; **Ciclo Completo do Nitrog\u00eanio:** Cont\u00e9m microrganismos ben\u00e9ficos, incluindo bact\u00e9rias nitrificantes e desnitrificantes, que reduzem am\u00f4nia e nitrato, estabilizando o ambiente aqu\u00e1tico.<br \/>&#8211; **A\u00e7\u00e3o Antibacteriana:** As bact\u00e9rias l\u00e1ticas produzem \u00e1cido l\u00e1tico, subst\u00e2ncia que combate bact\u00e9rias nocivas e degrada res\u00edduos org\u00e2nicos.<br \/>&#8211; **Imunidade Fortalecida:** Leveduras que aumentam a imunidade dos peixes, proporcionando um ambiente mais seguro e saud\u00e1vel.<br \/>&#8211; **Neutraliza\u00e7\u00e3o de Odores:** Bact\u00e9rias fotossint\u00e9ticas (p\u00farpuras n\u00e3o sulfurosas) neutralizam g\u00e1s sulf\u00eddrico, eliminando odores indesej\u00e1veis e assimilando fosfatos.<br \/>&#8211; **Simbiotismo com Corais:** Microrganismos que protegem os corais de pat\u00f3genos, alimentando-se de subst\u00e2ncias org\u00e2nicas produzidas pelos corais.<\/p>\n<p>**Resultados Vis\u00edveis e R\u00e1pidos:**<br \/>&#8211; Fortalece o sistema imunol\u00f3gico dos peixes.<br \/>&#8211; Melhora significativamente a qualidade da \u00e1gua.<br \/>&#8211; Seguro para todos os organismos aqu\u00e1ticos.<br \/>&#8211; Ativa\u00e7\u00e3o r\u00e1pida das bact\u00e9rias ao contato com a \u00e1gua.<br \/>&#8211; A \u00e1gua pode turvar na primeira aplica\u00e7\u00e3o, mas rapidamente se estabiliza e clareia.<\/p>\n<p>**Instru\u00e7\u00f5es de Uso:**<br \/>&#8211; **Aqu\u00e1rios Novos:** Adicione 15ml (2 tampas) para cada 100 litros de \u00e1gua a cada 2 dias durante 1 semana (total de 4 doses).<br \/>&#8211; **Aqu\u00e1rios Estabilizados:** Adicione 15ml para cada 100 litros de \u00e1gua uma vez por m\u00eas e ap\u00f3s trocas parciais de \u00e1gua, introdu\u00e7\u00e3o de novos animais, ou uso de algicidas e medicamentos.<br \/>&#8211; Aten\u00e7\u00e3o: Desligue esterilizadores de ultra-violeta por 3 dias ap\u00f3s a utiliza\u00e7\u00e3o do produto.<\/p>\n<p>Embalagem:<br \/>&#8211; Frasco de 1000ml<\/p>\n<p>Garanta agora o Delta Fish e transforme seu aqu\u00e1rio marinho em um ecossistema saud\u00e1vel e equilibrado. Seu aqu\u00e1rio e seus peixes merecem o melhor cuidado!<\/p>","protected":false},"excerpt":{"rendered":"<p>\u00a0Delta Fish &#8211; Acelerador Biol\u00f3gico Completo para Aqu\u00e1rios Marinhos Descubra a revolu\u00e7\u00e3o na manuten\u00e7\u00e3o de aqu\u00e1rios marinhos com o Delta Fish, o acelerador biol\u00f3gico completo e super efetivo. Este produto \u00e9 a solu\u00e7\u00e3o ideal para manter seu aqu\u00e1rio saud\u00e1vel, limpo e vibrante. **Principais Benef\u00edcios:**&#8211; **Ciclo Completo do Nitrog\u00eanio:** Cont\u00e9m microrganismos ben\u00e9ficos, incluindo bact\u00e9rias nitrificantes e [&hellip;]<\/p>\n","protected":false},"featured_media":3204,"comment_status":"open","ping_status":"closed","template":"","meta":{"googlesitekit_rrm_CAow0N7NCw:productID":"","content-type":"","pmpro_default_level":"","_themeisle_gutenberg_block_has_review":false},"product_brand":[],"product_cat":[47],"product_tag":[],"class_list":{"0":"post-3207","1":"product","2":"type-product","3":"status-publish","4":"has-post-thumbnail","6":"product_cat-condicionadores-de-agua","7":"aux-has-gallery","8":"pmpro-has-access","10":"first","11":"instock","12":"taxable","13":"shipping-taxable","14":"purchasable","15":"product-type-simple"},"_links":{"self":[{"href":"https:\/\/dinhosreef.com\/en\/wp-json\/wp\/v2\/product\/3207","targetHints":{"allow":["GET"]}}],"collection":[{"href":"https:\/\/dinhosreef.com\/en\/wp-json\/wp\/v2\/product"}],"about":[{"href":"https:\/\/dinhosreef.com\/en\/wp-json\/wp\/v2\/types\/product"}],"replies":[{"embeddable":true,"href":"https:\/\/dinhosreef.com\/en\/wp-json\/wp\/v2\/comments?post=3207"}],"wp:featuredmedia":[{"embeddable":true,"href":"https:\/\/dinhosreef.com\/en\/wp-json\/wp\/v2\/media\/3204"}],"wp:attachment":[{"href":"https:\/\/dinhosreef.com\/en\/wp-json\/wp\/v2\/media?parent=3207"}],"wp:term":[{"taxonomy":"product_brand","embeddable":true,"href":"https:\/\/dinhosreef.com\/en\/wp-json\/wp\/v2\/product_brand?post=3207"},{"taxonomy":"product_cat","embeddable":true,"href":"https:\/\/dinhosreef.com\/en\/wp-json\/wp\/v2\/product_cat?post=3207"},{"taxonomy":"product_tag","embeddable":true,"href":"https:\/\/dinhosreef.com\/en\/wp-json\/wp\/v2\/product_tag?post=3207"}],"curies":[{"name":"wp","href":"https:\/\/api.w.org\/{rel}","templated":true}]}}