{"id":3239,"date":"2025-02-14T11:06:46","date_gmt":"2025-02-14T14:06:46","guid":{"rendered":"https:\/\/dinhosreef.com\/produto\/deltafish-250-ml-agua-doce-acelerador-biologico\/"},"modified":"2026-03-16T18:00:12","modified_gmt":"2026-03-16T21:00:12","slug":"deltafish-250-ml-agua-doce-acelerador-biologico","status":"publish","type":"product","link":"https:\/\/dinhosreef.com\/en\/product\/deltafish-250-ml-agua-doce-acelerador-biologico\/","title":{"rendered":"DELTAFISH 250 ML AGUA DOCE Acelerador Biol\u00f3gico"},"content":{"rendered":"<p>ACELERADOR BIOL\u00d3GICO DOCE &#8211; DELTA FISH 250 ML<\/p>\n<p>Delta Fish \u00e9 um produto biol\u00f3gico que cont\u00e9m microrganismos ben\u00e9ficos como bact\u00e9rias nitrificantes e desnitrificantes que possuem a capacidade de reduzir bioquimicamente as mol\u00e9culas de am\u00f4nia e de nitrato, realizando o ciclo completo do nitrog\u00eanio.<\/p>\n<p>Bact\u00e9rias l\u00e1ticas, produtoras de \u00e1cido l\u00e1tico, subst\u00e2ncia com propriedades antibacterianas e degradadoras de dejetos org\u00e2nicos, leveduras que estimulam e aumentam a imunidade dos peixes.<\/p>\n<p>Bact\u00e9rias fotossint\u00e9ticas (p\u00farpuras n\u00e3o sulforosas) que s\u00e3o respons\u00e1veis por neutralizar g\u00e1s sulf\u00eddrico at\u00e9 sulfatos reduzindo odores indesej\u00e1veis auxiliam na assimila\u00e7\u00e3o e solubiliza\u00e7\u00e3o dos fosfatos org\u00e2nicos e inorg\u00e2nicos. A diversidade dos microrganismos contribui tamb\u00e9m para a\u00e7\u00e3o simbi\u00f3tica com os corais, onde as bact\u00e9rias se alimentam de subst\u00e2ncias org\u00e2nicas produzidas pelos corais e os protegem de outros microrganismos patog\u00eanicos. Esta formula\u00e7\u00e3o fortalece as defesas do sistema imunol\u00f3gico dos peixes e melhora a qualidade da \u00e1gua, completamente segura para todos organismos aqu\u00e1ticos. As bact\u00e9rias s\u00e3o ativadas rapidamente assim que colocadas na \u00e1gua. Devido a esse mecanismo a \u00e1gua pode turvar na primeira aplica\u00e7\u00e3o a qual classifica assim que o aqu\u00e1rio se estabilizar.<\/p>\n<p>Principais Caracter\u00edsticas<\/p>\n<p>Acelerador Biol\u00f3gico;<br \/>Auxilia na redu\u00e7\u00e3o de am\u00f4nia, nitrito e nitrato biologicamente;<br \/>Auxiliam na solubiliza\u00e7\u00e3o de fosfatos;<br \/>Reduz a manuten\u00e7\u00e3o;<br \/>Mant\u00e9m e renova o efeito probi\u00f3tico;<br \/>A\u00e7\u00e3o simbi\u00f3tica com corais;<br \/>Remove odores indesej\u00e1veis;<\/p>\n<p>Cont\u00e9m: Bact\u00e9rias L\u00e1ticas, leveduras, bact\u00e9rias fotossint\u00e9ticas (p\u00farpuras n\u00e3o sulforosas) e bact\u00e9rias nitrificantes e desnitrificantes.<\/p>\n<p>Instru\u00e7\u00e3o de Uso:<br \/>Aqu\u00e1rios novos: 15ml, (2 medidas da tampa) para cada 100 litros a cada 2 dias durante uma semana, totalizando 4 doses.<\/p>\n<p>Aqu\u00e1rios estabilizados: uma vez por m\u00eas adicionar 15ml cada 100 litros, ou em cada troca parcial de \u00e1gua, adi\u00e7\u00e3o de novo animal e ap\u00f3s tratamentos algicidas e medicamentos. Desligar fitros UV por 3 dias ap\u00f3s a utiliza\u00e7\u00e3o do produto<\/p>","protected":false},"excerpt":{"rendered":"<p>ACELERADOR BIOL\u00d3GICO DOCE &#8211; DELTA FISH 250 ML Delta Fish \u00e9 um produto biol\u00f3gico que cont\u00e9m microrganismos ben\u00e9ficos como bact\u00e9rias nitrificantes e desnitrificantes que possuem a capacidade de reduzir bioquimicamente as mol\u00e9culas de am\u00f4nia e de nitrato, realizando o ciclo completo do nitrog\u00eanio. Bact\u00e9rias l\u00e1ticas, produtoras de \u00e1cido l\u00e1tico, subst\u00e2ncia com propriedades antibacterianas e degradadoras [&hellip;]<\/p>\n","protected":false},"featured_media":3236,"comment_status":"open","ping_status":"closed","template":"","meta":{"googlesitekit_rrm_CAow0N7NCw:productID":"","content-type":"","pmpro_default_level":"","_themeisle_gutenberg_block_has_review":false},"product_brand":[],"product_cat":[47],"product_tag":[],"class_list":{"0":"post-3239","1":"product","2":"type-product","3":"status-publish","4":"has-post-thumbnail","6":"product_cat-condicionadores-de-agua","7":"aux-has-gallery","8":"pmpro-has-access","10":"first","11":"outofstock","12":"taxable","13":"shipping-taxable","14":"purchasable","15":"product-type-simple"},"_links":{"self":[{"href":"https:\/\/dinhosreef.com\/en\/wp-json\/wp\/v2\/product\/3239","targetHints":{"allow":["GET"]}}],"collection":[{"href":"https:\/\/dinhosreef.com\/en\/wp-json\/wp\/v2\/product"}],"about":[{"href":"https:\/\/dinhosreef.com\/en\/wp-json\/wp\/v2\/types\/product"}],"replies":[{"embeddable":true,"href":"https:\/\/dinhosreef.com\/en\/wp-json\/wp\/v2\/comments?post=3239"}],"wp:featuredmedia":[{"embeddable":true,"href":"https:\/\/dinhosreef.com\/en\/wp-json\/wp\/v2\/media\/3236"}],"wp:attachment":[{"href":"https:\/\/dinhosreef.com\/en\/wp-json\/wp\/v2\/media?parent=3239"}],"wp:term":[{"taxonomy":"product_brand","embeddable":true,"href":"https:\/\/dinhosreef.com\/en\/wp-json\/wp\/v2\/product_brand?post=3239"},{"taxonomy":"product_cat","embeddable":true,"href":"https:\/\/dinhosreef.com\/en\/wp-json\/wp\/v2\/product_cat?post=3239"},{"taxonomy":"product_tag","embeddable":true,"href":"https:\/\/dinhosreef.com\/en\/wp-json\/wp\/v2\/product_tag?post=3239"}],"curies":[{"name":"wp","href":"https:\/\/api.w.org\/{rel}","templated":true}]}}