{"id":3286,"date":"2025-02-15T08:48:51","date_gmt":"2025-02-15T11:48:51","guid":{"rendered":"https:\/\/dinhosreef.com\/produto\/sal-blue-treasure-reef-sea-salt-67kg-bag\/"},"modified":"2025-12-19T14:08:46","modified_gmt":"2025-12-19T17:08:46","slug":"sal-blue-treasure-reef-sea-salt-67kg-bag","status":"publish","type":"product","link":"https:\/\/dinhosreef.com\/en\/product\/sal-blue-treasure-reef-sea-salt-67kg-bag\/","title":{"rendered":"SAL BLUE TREASURE REEF SEA SALT  6,7KG (BAG)"},"content":{"rendered":"<p><strong><span style=\"font-size: 24pt\">Transforme Seu Aqu\u00e1rio com Blue Treasure REEF Marine Salt!<\/span><\/strong><\/p>\n<p><span style=\"font-size: 14pt\"><strong>O Sal Perfeito para Aqu\u00e1rios de \u00c1gua Salgada e Grandes Tanques Marinhos!<\/strong><\/span><\/p>\n<p><span style=\"font-size: 14pt\">Descubra a excel\u00eancia em cuidados marinhos com <strong>**Blue Treasure REEF Marine Salt**<\/strong> \u2013 a escolha definitiva para amantes de advert\u00eancias e entusiastas da vida marinha.\u00a0<\/span><\/p>\n<p><span style=\"font-size: 14pt\">Desenvolvido ap\u00f3s anos de pesquisa aprofundada, nosso sal marinho sint\u00e9tico \u00e9 formulado para atender \u00e0s necessidades fisiol\u00f3gicas dos corais e promover o crescimento ideal dos organismos vivos marinhos. <\/span><\/p>","protected":false},"excerpt":{"rendered":"<p>Transforme Seu Aqu\u00e1rio com Blue Treasure REEF Marine Salt! O Sal Perfeito para Aqu\u00e1rios de \u00c1gua Salgada e Grandes Tanques Marinhos! Descubra a excel\u00eancia em cuidados marinhos com **Blue Treasure REEF Marine Salt** \u2013 a escolha definitiva para amantes de advert\u00eancias e entusiastas da vida marinha.\u00a0 Desenvolvido ap\u00f3s anos de pesquisa aprofundada, nosso sal marinho [&hellip;]<\/p>\n","protected":false},"featured_media":3282,"comment_status":"open","ping_status":"closed","template":"","meta":{"googlesitekit_rrm_CAow0N7NCw:productID":"","content-type":"","pmpro_default_level":"","_themeisle_gutenberg_block_has_review":false},"product_brand":[],"product_cat":[68],"product_tag":[],"class_list":{"0":"post-3286","1":"product","2":"type-product","3":"status-publish","4":"has-post-thumbnail","6":"product_cat-sal","7":"aux-has-gallery","8":"pmpro-has-access","10":"first","11":"outofstock","12":"taxable","13":"shipping-taxable","14":"purchasable","15":"product-type-simple"},"_links":{"self":[{"href":"https:\/\/dinhosreef.com\/en\/wp-json\/wp\/v2\/product\/3286","targetHints":{"allow":["GET"]}}],"collection":[{"href":"https:\/\/dinhosreef.com\/en\/wp-json\/wp\/v2\/product"}],"about":[{"href":"https:\/\/dinhosreef.com\/en\/wp-json\/wp\/v2\/types\/product"}],"replies":[{"embeddable":true,"href":"https:\/\/dinhosreef.com\/en\/wp-json\/wp\/v2\/comments?post=3286"}],"wp:featuredmedia":[{"embeddable":true,"href":"https:\/\/dinhosreef.com\/en\/wp-json\/wp\/v2\/media\/3282"}],"wp:attachment":[{"href":"https:\/\/dinhosreef.com\/en\/wp-json\/wp\/v2\/media?parent=3286"}],"wp:term":[{"taxonomy":"product_brand","embeddable":true,"href":"https:\/\/dinhosreef.com\/en\/wp-json\/wp\/v2\/product_brand?post=3286"},{"taxonomy":"product_cat","embeddable":true,"href":"https:\/\/dinhosreef.com\/en\/wp-json\/wp\/v2\/product_cat?post=3286"},{"taxonomy":"product_tag","embeddable":true,"href":"https:\/\/dinhosreef.com\/en\/wp-json\/wp\/v2\/product_tag?post=3286"}],"curies":[{"name":"wp","href":"https:\/\/api.w.org\/{rel}","templated":true}]}}