{"id":3317,"date":"2025-02-15T08:50:20","date_gmt":"2025-02-15T11:50:20","guid":{"rendered":"https:\/\/dinhosreef.com\/produto\/iodo-para-aquarios-de-agua-salgada-seachem-reef-iodide-100ml\/"},"modified":"2026-02-02T17:44:37","modified_gmt":"2026-02-02T20:44:37","slug":"iodo-para-aquarios-de-agua-salgada-seachem-reef-iodide-100ml","status":"publish","type":"product","link":"https:\/\/dinhosreef.com\/en\/product\/iodo-para-aquarios-de-agua-salgada-seachem-reef-iodide-100ml\/","title":{"rendered":"Iodo Para Aqu\u00e1rios De \u00c1gua Salgada Seachem Reef Iodide 100ml"},"content":{"rendered":"<p>Principais Caracter\u00edsticas:<br \/>I &#8211; Fonte segura de Iodo para recifes e invertebrados, j\u00e1 que n\u00e3o se converte em Iodo t\u00f3xico;<br \/>II &#8211; Com composi\u00e7\u00e3o baseada em iodeto de pot\u00e1ssio, \u00e9 uma fonte estabilizadora para aqu\u00e1rios de corais, restaurando e mantendo os n\u00edveis de iodeto iguais aos encontrados no ambiente natural;<br \/>III &#8211; Desenvolvido com composto estabilizador para mant\u00ea-lo na forma de iodeto quando adicionado ao aqu\u00e1rio. Todo o produto permanece utiliz\u00e1vel e totalmente biodispon\u00edvel;<br \/>IV &#8211; Iodeto \u00e9 um importante elemento necess\u00e1rio para muitos invertebrados e corais moles.<\/p>\n<p>Descri\u00e7\u00e3o:<br \/>O Reef Iodide \u2122 \u00e9 uma fonte concentrada (8.000 mg \/ L) de iodeto de pot\u00e1ssio estabilizado para aqu\u00e1rios de corais que restaurar\u00e1 e manter\u00e1 os n\u00edveis de iodeto aos encontrados na \u00e1gua do mar natural. \u00c9 formulado para fornecer uma fonte segura de iodeto que n\u00e3o ser\u00e1 convertida em iodo t\u00f3xicos. Deve-se lembrar que o iodo \u00e9 t\u00e3o t\u00f3xico quanto o cloro e nunca deve ser usado em um sistema de recifes. No entanto, o iodeto \u00e9 t\u00e3o seguro quanto o cloreto e \u00e9 um elemento de extrema import\u00e2ncia para diversos invertebrados e corais moles.<\/p>\n<p>Atributos do Produto:<br \/>Modelo: Reef Iodide 250ml<br \/>Tipo de Pet: indicado para Peixes<br \/>Peso L\u00edq. Produto (Kg): 0,255<br \/>Volume L\u00edq. Produto (L): 0,25<br \/>Dosagem (ml): 5ml a cada 200L d&#8217;\u00e1gua dia sim, dia n\u00e3o.<br \/>Tipo de \u00c1gua: Doce e Salgada<\/p>","protected":false},"excerpt":{"rendered":"<p>Principais Caracter\u00edsticas:I &#8211; Fonte segura de Iodo para recifes e invertebrados, j\u00e1 que n\u00e3o se converte em Iodo t\u00f3xico;II &#8211; Com composi\u00e7\u00e3o baseada em iodeto de pot\u00e1ssio, \u00e9 uma fonte estabilizadora para aqu\u00e1rios de corais, restaurando e mantendo os n\u00edveis de iodeto iguais aos encontrados no ambiente natural;III &#8211; Desenvolvido com composto estabilizador para mant\u00ea-lo [&hellip;]<\/p>\n","protected":false},"featured_media":3316,"comment_status":"open","ping_status":"closed","template":"","meta":{"googlesitekit_rrm_CAow0N7NCw:productID":"","content-type":"","pmpro_default_level":"","_themeisle_gutenberg_block_has_review":false},"product_brand":[402],"product_cat":[31],"product_tag":[],"class_list":{"0":"post-3317","1":"product","2":"type-product","3":"status-publish","4":"has-post-thumbnail","6":"product_brand-seachem","7":"product_cat-materiais-filtrantes","8":"pmpro-has-access","10":"first","11":"instock","12":"taxable","13":"shipping-taxable","14":"purchasable","15":"product-type-simple"},"_links":{"self":[{"href":"https:\/\/dinhosreef.com\/en\/wp-json\/wp\/v2\/product\/3317","targetHints":{"allow":["GET"]}}],"collection":[{"href":"https:\/\/dinhosreef.com\/en\/wp-json\/wp\/v2\/product"}],"about":[{"href":"https:\/\/dinhosreef.com\/en\/wp-json\/wp\/v2\/types\/product"}],"replies":[{"embeddable":true,"href":"https:\/\/dinhosreef.com\/en\/wp-json\/wp\/v2\/comments?post=3317"}],"wp:featuredmedia":[{"embeddable":true,"href":"https:\/\/dinhosreef.com\/en\/wp-json\/wp\/v2\/media\/3316"}],"wp:attachment":[{"href":"https:\/\/dinhosreef.com\/en\/wp-json\/wp\/v2\/media?parent=3317"}],"wp:term":[{"taxonomy":"product_brand","embeddable":true,"href":"https:\/\/dinhosreef.com\/en\/wp-json\/wp\/v2\/product_brand?post=3317"},{"taxonomy":"product_cat","embeddable":true,"href":"https:\/\/dinhosreef.com\/en\/wp-json\/wp\/v2\/product_cat?post=3317"},{"taxonomy":"product_tag","embeddable":true,"href":"https:\/\/dinhosreef.com\/en\/wp-json\/wp\/v2\/product_tag?post=3317"}],"curies":[{"name":"wp","href":"https:\/\/api.w.org\/{rel}","templated":true}]}}