{"id":3323,"date":"2025-02-15T08:50:36","date_gmt":"2025-02-15T11:50:36","guid":{"rendered":"https:\/\/dinhosreef.com\/produto\/sal-marinho-premium-oceantech-caixa-20kg\/"},"modified":"2025-06-15T22:47:26","modified_gmt":"2025-06-16T01:47:26","slug":"sal-marinho-premium-oceantech-caixa-20kg","status":"publish","type":"product","link":"https:\/\/dinhosreef.com\/en\/product\/sal-marinho-premium-oceantech-caixa-20kg\/","title":{"rendered":"Sal Marinho Premium Oceantech Caixa 20kg"},"content":{"rendered":"<p>SAL PREMIUM ORIGINAL OCEANTECH<br \/>\u00a0<br \/>Reef Active da Ocean Tech \u00e9 um sal marinho para aqu\u00e1rios \u00e9 uma excelente op\u00e7\u00e3o para desenvolvimento e produ\u00e7\u00e3o de todos os tipos de corais marinhos. Fabricado a partir de sais com mais alto grau de pureza, Reef Active garante elementos como c\u00e1lcio, magn\u00e9sio, estr\u00f4ncio e oligoelementos para corais mais exigentes. Em uma nova e revolucion\u00e1ria abordagem, adota um avan\u00e7ado processo de produ\u00e7\u00e3o a partir de culturas selecionadas de bact\u00e9rias nitrificantes e fotossintetizantes de alt\u00edssima atividade biol\u00f3gica para a decomposi\u00e7\u00e3o de res\u00edduos, sem contar que auxilia o skimmer a remover quantidades maiores de res\u00edduos. A culturas das bact\u00e9rias no Ocean Tech Reef Active ir\u00e1 estabelecer, promover ou estabilizar a nitrifica\u00e7\u00e3o e degrada\u00e7\u00e3o da mat\u00e9ria org\u00e2nica em aqu\u00e1rios novos ou j\u00e1 montados.<br \/>\u00a0<br \/>Atributos do Produto:<br \/>Marca: Ocean Tech<br \/>Modelo: Reef Active 6,7kg (3 sacos)<br \/>Tipo de Pet: Peixes<br \/>Tipo de \u00c1gua: Salgada<br \/>Dosagem: 36g de sal para cada 1L de \u00e1gua.<br \/>Peso L\u00edq. Produto (Kg): 6,7<br \/>\u00a0<br \/>CONT\u00c9M<br \/>\u00a0<br \/>1X CAIXA COM 3 SACOS 6.7KG<br \/>3X SACH\u00ca BIOLOGIA<\/p>","protected":false},"excerpt":{"rendered":"<p>SAL PREMIUM ORIGINAL OCEANTECH\u00a0Reef Active da Ocean Tech \u00e9 um sal marinho para aqu\u00e1rios \u00e9 uma excelente op\u00e7\u00e3o para desenvolvimento e produ\u00e7\u00e3o de todos os tipos de corais marinhos. Fabricado a partir de sais com mais alto grau de pureza, Reef Active garante elementos como c\u00e1lcio, magn\u00e9sio, estr\u00f4ncio e oligoelementos para corais mais exigentes. Em [&hellip;]<\/p>\n","protected":false},"featured_media":3322,"comment_status":"open","ping_status":"closed","template":"","meta":{"googlesitekit_rrm_CAow0N7NCw:productID":"","content-type":"","pmpro_default_level":"","_themeisle_gutenberg_block_has_review":false},"product_brand":[],"product_cat":[68],"product_tag":[],"class_list":{"0":"post-3323","1":"product","2":"type-product","3":"status-publish","4":"has-post-thumbnail","6":"product_cat-sal","7":"pmpro-has-access","9":"first","10":"outofstock","11":"taxable","12":"shipping-taxable","13":"purchasable","14":"product-type-simple"},"_links":{"self":[{"href":"https:\/\/dinhosreef.com\/en\/wp-json\/wp\/v2\/product\/3323","targetHints":{"allow":["GET"]}}],"collection":[{"href":"https:\/\/dinhosreef.com\/en\/wp-json\/wp\/v2\/product"}],"about":[{"href":"https:\/\/dinhosreef.com\/en\/wp-json\/wp\/v2\/types\/product"}],"replies":[{"embeddable":true,"href":"https:\/\/dinhosreef.com\/en\/wp-json\/wp\/v2\/comments?post=3323"}],"wp:featuredmedia":[{"embeddable":true,"href":"https:\/\/dinhosreef.com\/en\/wp-json\/wp\/v2\/media\/3322"}],"wp:attachment":[{"href":"https:\/\/dinhosreef.com\/en\/wp-json\/wp\/v2\/media?parent=3323"}],"wp:term":[{"taxonomy":"product_brand","embeddable":true,"href":"https:\/\/dinhosreef.com\/en\/wp-json\/wp\/v2\/product_brand?post=3323"},{"taxonomy":"product_cat","embeddable":true,"href":"https:\/\/dinhosreef.com\/en\/wp-json\/wp\/v2\/product_cat?post=3323"},{"taxonomy":"product_tag","embeddable":true,"href":"https:\/\/dinhosreef.com\/en\/wp-json\/wp\/v2\/product_tag?post=3323"}],"curies":[{"name":"wp","href":"https:\/\/api.w.org\/{rel}","templated":true}]}}