{"id":3327,"date":"2025-02-15T08:50:46","date_gmt":"2025-02-15T11:50:46","guid":{"rendered":"https:\/\/dinhosreef.com\/produto\/seachem-stability-1-litro-acelerador-biologico-doce-salgado\/"},"modified":"2026-02-02T17:44:05","modified_gmt":"2026-02-02T20:44:05","slug":"seachem-stability-1-litro-acelerador-biologico-doce-salgado","status":"publish","type":"product","link":"https:\/\/dinhosreef.com\/en\/product\/seachem-stability-1-litro-acelerador-biologico-doce-salgado\/","title":{"rendered":"Seachem Stability 1 Litro Acelerador Biologico Doce Salgado"},"content":{"rendered":"<p>Stability estabelecer\u00e1 rapidamente o biofiltro do aqu\u00e1rio em sistemas de \u00e1gua doce e marinho, evitando assim a causa n\u00famero 1 de morte dos peixe: \u201cs\u00edndrome do novo tanque\u201d. Stability \u00e9 formulado especialmente para o aqu\u00e1rio e cont\u00e9m uma mistura sin\u00e9rgica de bact\u00e9rias aer\u00f3bias, anaer\u00f3bias e outras que facilitam a degrada\u00e7\u00e3o de res\u00edduos org\u00e2nicos, am\u00f4nia, nitrito e nitrato. As bact\u00e9rias empregadas pelo Stability s\u00e3o n\u00e3o fixadoras de enxofre e n\u00e3o produzir\u00e3o sulfeto de hidrog\u00eanio t\u00f3xico. O produto completamente inofensivo para todos os organismos aqu\u00e1ticos e plantas aqu\u00e1ticas, n\u00e3o havendo perigo no uso excessivo. INSTRU\u00c7\u00d5ES DE USO Agitar antes de usar e desligue UV\/oz\u00f4nio. Use 1 tampa (5 mL) para cada 40 litros no primeiro dia com o novo aqu\u00e1rio. Em seguida, use 1 uma tampa para cada 80 litros diariamente durante 7 dias. Peixes e outras esp\u00e9cies aqu\u00e1ticas podem ser introduzidos a qualquer momento, desde que a dosagem seja mantida durante 7 dias. Para um desempenho melhor para a biologia do aqu\u00e1rio, utilize 1 tampa para cada 80 litros uma vez por m\u00eas durante a reposi\u00e7\u00e3o de \u00e1gua ou sempre que introduzir novos peixes ou quando medicar um aqu\u00e1rio<\/p>\n<p>\u00a0<\/p>\n<p><em>IMAGEM ILUSTRATIVA<\/em><\/p>","protected":false},"excerpt":{"rendered":"<p>Stability estabelecer\u00e1 rapidamente o biofiltro do aqu\u00e1rio em sistemas de \u00e1gua doce e marinho, evitando assim a causa n\u00famero 1 de morte dos peixe: \u201cs\u00edndrome do novo tanque\u201d. Stability \u00e9 formulado especialmente para o aqu\u00e1rio e cont\u00e9m uma mistura sin\u00e9rgica de bact\u00e9rias aer\u00f3bias, anaer\u00f3bias e outras que facilitam a degrada\u00e7\u00e3o de res\u00edduos org\u00e2nicos, am\u00f4nia, nitrito [&hellip;]<\/p>\n","protected":false},"featured_media":3326,"comment_status":"open","ping_status":"closed","template":"","meta":{"googlesitekit_rrm_CAow0N7NCw:productID":"","content-type":"","pmpro_default_level":"","_themeisle_gutenberg_block_has_review":false},"product_brand":[402],"product_cat":[47],"product_tag":[],"class_list":{"0":"post-3327","1":"product","2":"type-product","3":"status-publish","4":"has-post-thumbnail","6":"product_brand-seachem","7":"product_cat-condicionadores-de-agua","8":"pmpro-has-access","10":"first","11":"outofstock","12":"taxable","13":"shipping-taxable","14":"purchasable","15":"product-type-simple"},"_links":{"self":[{"href":"https:\/\/dinhosreef.com\/en\/wp-json\/wp\/v2\/product\/3327","targetHints":{"allow":["GET"]}}],"collection":[{"href":"https:\/\/dinhosreef.com\/en\/wp-json\/wp\/v2\/product"}],"about":[{"href":"https:\/\/dinhosreef.com\/en\/wp-json\/wp\/v2\/types\/product"}],"replies":[{"embeddable":true,"href":"https:\/\/dinhosreef.com\/en\/wp-json\/wp\/v2\/comments?post=3327"}],"wp:featuredmedia":[{"embeddable":true,"href":"https:\/\/dinhosreef.com\/en\/wp-json\/wp\/v2\/media\/3326"}],"wp:attachment":[{"href":"https:\/\/dinhosreef.com\/en\/wp-json\/wp\/v2\/media?parent=3327"}],"wp:term":[{"taxonomy":"product_brand","embeddable":true,"href":"https:\/\/dinhosreef.com\/en\/wp-json\/wp\/v2\/product_brand?post=3327"},{"taxonomy":"product_cat","embeddable":true,"href":"https:\/\/dinhosreef.com\/en\/wp-json\/wp\/v2\/product_cat?post=3327"},{"taxonomy":"product_tag","embeddable":true,"href":"https:\/\/dinhosreef.com\/en\/wp-json\/wp\/v2\/product_tag?post=3327"}],"curies":[{"name":"wp","href":"https:\/\/api.w.org\/{rel}","templated":true}]}}