{"id":3352,"date":"2025-02-15T08:56:50","date_gmt":"2025-02-15T11:56:50","guid":{"rendered":"https:\/\/dinhosreef.com\/produto\/af-pro-bio-s-50-ml-aquaforest-redutor-de-no3-e-po4\/"},"modified":"2025-09-11T15:04:29","modified_gmt":"2025-09-11T18:04:29","slug":"af-pro-bio-s-50-ml-aquaforest-redutor-de-no3-e-po4","status":"publish","type":"product","link":"https:\/\/dinhosreef.com\/en\/product\/af-pro-bio-s-50-ml-aquaforest-redutor-de-no3-e-po4\/","title":{"rendered":"AF PRO BIO S &#8211; 50 ML Aquaforest Redutor De No3 E Po4"},"content":{"rendered":"<p><span style=\"color: #666666;font-family: 'Proxima Nova', -apple-system, Roboto, Arial, sans-serif;font-size: 20px;background-color: #ffffff\">Aquaforest Pro Bio S 50ml \u00e9 um redutor altamente concentrado de No3 e Po4. Cont\u00e9m v\u00e1rias cepas de bact\u00e9rias probi\u00f3ticas especialmente selecionadas. A sua fun\u00e7\u00e3o \u00e9 converter o fosfato e nitrato em biomassa, que pode ser facilmente removida por uma escumadeira ou consumida por corais, esponjas, moluscos e outros organismos.<\/span><br style=\"color: #666666;font-family: 'Proxima Nova', -apple-system, Roboto, Arial, sans-serif;font-size: 20px;background-color: #ffffff\"><br style=\"color: #666666;font-family: 'Proxima Nova', -apple-system, Roboto, Arial, sans-serif;font-size: 20px;background-color: #ffffff\"><span style=\"color: #666666;font-family: 'Proxima Nova', -apple-system, Roboto, Arial, sans-serif;font-size: 20px;background-color: #ffffff\">As bact\u00e9rias reduzem significativamente a acumula\u00e7\u00e3o de dep\u00f3sitos org\u00e2nicos em partes do Life Bio Fil e rochas. Para obter melhores resultados, recomenda-se colocar um suporte adicional para bact\u00e9rias, tais como cer\u00e2mica ou areia.<\/span><br style=\"color: #666666;font-family: 'Proxima Nova', -apple-system, Roboto, Arial, sans-serif;font-size: 20px;background-color: #ffffff\"><br style=\"color: #666666;font-family: 'Proxima Nova', -apple-system, Roboto, Arial, sans-serif;font-size: 20px;background-color: #ffffff\"><span style=\"color: #666666;font-family: 'Proxima Nova', -apple-system, Roboto, Arial, sans-serif;font-size: 20px;background-color: #ffffff\">Pro Bio S protege o tanque contra organismos patog\u00eanicos. Recomenda-se usar juntamente com o -NP Pro.<\/span><br style=\"color: #666666;font-family: 'Proxima Nova', -apple-system, Roboto, Arial, sans-serif;font-size: 20px;background-color: #ffffff\"><br style=\"color: #666666;font-family: 'Proxima Nova', -apple-system, Roboto, Arial, sans-serif;font-size: 20px;background-color: #ffffff\"><span style=\"color: #666666;font-family: 'Proxima Nova', -apple-system, Roboto, Arial, sans-serif;font-size: 20px;background-color: #ffffff\">Dosagem: 1 gota por cada 100 l por dia. Agitar antes de usar. Depois de aberto, guarde na geleira.<\/span><br style=\"color: #666666;font-family: 'Proxima Nova', -apple-system, Roboto, Arial, sans-serif;font-size: 20px;background-color: #ffffff\"><br style=\"color: #666666;font-family: 'Proxima Nova', -apple-system, Roboto, Arial, sans-serif;font-size: 20px;background-color: #ffffff\"><span style=\"color: #666666;font-family: 'Proxima Nova', -apple-system, Roboto, Arial, sans-serif;font-size: 20px;background-color: #ffffff\">N\u00e3o aperte demais a tampa do frasco, caso contr\u00e1rio a tampa pode ser danificada.<\/span><\/p>","protected":false},"excerpt":{"rendered":"<p>Aquaforest Pro Bio S 50ml \u00e9 um redutor altamente concentrado de No3 e Po4. Cont\u00e9m v\u00e1rias cepas de bact\u00e9rias probi\u00f3ticas especialmente selecionadas. A sua fun\u00e7\u00e3o \u00e9 converter o fosfato e nitrato em biomassa, que pode ser facilmente removida por uma escumadeira ou consumida por corais, esponjas, moluscos e outros organismos.As bact\u00e9rias reduzem significativamente a acumula\u00e7\u00e3o [&hellip;]<\/p>\n","protected":false},"featured_media":3351,"comment_status":"open","ping_status":"closed","template":"","meta":{"googlesitekit_rrm_CAow0N7NCw:productID":"","content-type":"","pmpro_default_level":"","_themeisle_gutenberg_block_has_review":false},"product_brand":[],"product_cat":[47],"product_tag":[],"class_list":{"0":"post-3352","1":"product","2":"type-product","3":"status-publish","4":"has-post-thumbnail","6":"product_cat-condicionadores-de-agua","7":"pmpro-has-access","9":"first","10":"outofstock","11":"taxable","12":"shipping-taxable","13":"purchasable","14":"product-type-simple"},"_links":{"self":[{"href":"https:\/\/dinhosreef.com\/en\/wp-json\/wp\/v2\/product\/3352","targetHints":{"allow":["GET"]}}],"collection":[{"href":"https:\/\/dinhosreef.com\/en\/wp-json\/wp\/v2\/product"}],"about":[{"href":"https:\/\/dinhosreef.com\/en\/wp-json\/wp\/v2\/types\/product"}],"replies":[{"embeddable":true,"href":"https:\/\/dinhosreef.com\/en\/wp-json\/wp\/v2\/comments?post=3352"}],"wp:featuredmedia":[{"embeddable":true,"href":"https:\/\/dinhosreef.com\/en\/wp-json\/wp\/v2\/media\/3351"}],"wp:attachment":[{"href":"https:\/\/dinhosreef.com\/en\/wp-json\/wp\/v2\/media?parent=3352"}],"wp:term":[{"taxonomy":"product_brand","embeddable":true,"href":"https:\/\/dinhosreef.com\/en\/wp-json\/wp\/v2\/product_brand?post=3352"},{"taxonomy":"product_cat","embeddable":true,"href":"https:\/\/dinhosreef.com\/en\/wp-json\/wp\/v2\/product_cat?post=3352"},{"taxonomy":"product_tag","embeddable":true,"href":"https:\/\/dinhosreef.com\/en\/wp-json\/wp\/v2\/product_tag?post=3352"}],"curies":[{"name":"wp","href":"https:\/\/api.w.org\/{rel}","templated":true}]}}