{"id":3363,"date":"2025-02-15T08:57:27","date_gmt":"2025-02-15T11:57:27","guid":{"rendered":"https:\/\/dinhosreef.com\/produto\/af-amino-mix-50-ml\/"},"modified":"2026-02-20T10:54:23","modified_gmt":"2026-02-20T13:54:23","slug":"af-amino-mix-50-ml","status":"publish","type":"product","link":"https:\/\/dinhosreef.com\/en\/product\/af-amino-mix-50-ml\/","title":{"rendered":"AF AMINO MIX &#8211; 50 ML"},"content":{"rendered":"<p>Suplemento com concentrado de amino\u00e1cidos para corais.<br \/>Real\u00e7a a intensidade da cor e fortalece a resist\u00eancia dos corais.<br \/>O uso de escumadores pode reduzir os amino\u00e1cidos na \u00e1gua, por isso recomenda-se a administra\u00e7\u00e3o regular.<br \/>O acesso cont\u00ednuo dos animais marinhos aos amino\u00e1cidos melhora sua condi\u00e7\u00e3o e resist\u00eancia.<br \/>AF AMINO MIX cont\u00e9m, entre outros: biotina, alanina, glutamina, leucina, lisina, serina.<br \/>DOSAGEM: 1 gota para cada 100l de \u00e1gua a cada dois dias ap\u00f3s desligar as luzes.<br \/>Produto exclusivo para uso em aqu\u00e1rios.<\/p>","protected":false},"excerpt":{"rendered":"<p>Suplemento com concentrado de amino\u00e1cidos para corais.Real\u00e7a a intensidade da cor e fortalece a resist\u00eancia dos corais.O uso de escumadores pode reduzir os amino\u00e1cidos na \u00e1gua, por isso recomenda-se a administra\u00e7\u00e3o regular.O acesso cont\u00ednuo dos animais marinhos aos amino\u00e1cidos melhora sua condi\u00e7\u00e3o e resist\u00eancia.AF AMINO MIX cont\u00e9m, entre outros: biotina, alanina, glutamina, leucina, lisina, serina.DOSAGEM: [&hellip;]<\/p>\n","protected":false},"featured_media":3362,"comment_status":"open","ping_status":"closed","template":"","meta":{"googlesitekit_rrm_CAow0N7NCw:productID":"","content-type":"","pmpro_default_level":"","_themeisle_gutenberg_block_has_review":false},"product_brand":[],"product_cat":[47],"product_tag":[],"class_list":{"0":"post-3363","1":"product","2":"type-product","3":"status-publish","4":"has-post-thumbnail","6":"product_cat-condicionadores-de-agua","7":"pmpro-has-access","9":"first","10":"outofstock","11":"taxable","12":"shipping-taxable","13":"purchasable","14":"product-type-simple"},"_links":{"self":[{"href":"https:\/\/dinhosreef.com\/en\/wp-json\/wp\/v2\/product\/3363","targetHints":{"allow":["GET"]}}],"collection":[{"href":"https:\/\/dinhosreef.com\/en\/wp-json\/wp\/v2\/product"}],"about":[{"href":"https:\/\/dinhosreef.com\/en\/wp-json\/wp\/v2\/types\/product"}],"replies":[{"embeddable":true,"href":"https:\/\/dinhosreef.com\/en\/wp-json\/wp\/v2\/comments?post=3363"}],"wp:featuredmedia":[{"embeddable":true,"href":"https:\/\/dinhosreef.com\/en\/wp-json\/wp\/v2\/media\/3362"}],"wp:attachment":[{"href":"https:\/\/dinhosreef.com\/en\/wp-json\/wp\/v2\/media?parent=3363"}],"wp:term":[{"taxonomy":"product_brand","embeddable":true,"href":"https:\/\/dinhosreef.com\/en\/wp-json\/wp\/v2\/product_brand?post=3363"},{"taxonomy":"product_cat","embeddable":true,"href":"https:\/\/dinhosreef.com\/en\/wp-json\/wp\/v2\/product_cat?post=3363"},{"taxonomy":"product_tag","embeddable":true,"href":"https:\/\/dinhosreef.com\/en\/wp-json\/wp\/v2\/product_tag?post=3363"}],"curies":[{"name":"wp","href":"https:\/\/api.w.org\/{rel}","templated":true}]}}