{"id":3369,"date":"2025-02-15T08:58:29","date_gmt":"2025-02-15T11:58:29","guid":{"rendered":"https:\/\/dinhosreef.com\/produto\/mg-plus-250ml-aquaforest-suplemento-de-magnesio\/"},"modified":"2026-02-11T10:33:07","modified_gmt":"2026-02-11T13:33:07","slug":"mg-plus-250ml-aquaforest-suplemento-de-magnesio","status":"publish","type":"product","link":"https:\/\/dinhosreef.com\/en\/product\/mg-plus-250ml-aquaforest-suplemento-de-magnesio\/","title":{"rendered":"Mg Plus 250ml Aquaforest Suplemento De Magn\u00e9sio"},"content":{"rendered":"<p><span style=\"color: #666666;font-family: 'Proxima Nova', -apple-system, Roboto, Arial, sans-serif;font-size: 20px;background-color: #ffffff\">F\u00f3rmula altamente concentrada para aumentar os n\u00edveis de magn\u00e9sio em aqu\u00e1rios de recife. O Mg Plus foi criado para manter os n\u00edveis de magn\u00e9sio, e evitar as suas quedas repentinas. O magn\u00e9sio \u00e9 necess\u00e1rio para o crescimento saud\u00e1vel e equilibrado dos corais. O n\u00edvel apropriado de magn\u00e9sio na \u00e1gua do aqu\u00e1rio proporciona aos corais melhor absor\u00e7\u00e3o de c\u00e1lcio. O n\u00edvel reduzido de magn\u00e9sio pode causar incapacidade de manter o n\u00edvel adequado de c\u00e1lcio e baixar o pH. O n\u00edvel recomendado de magn\u00e9sio em aqu\u00e1rios de recife \u00e9 1180-1460 mg \/ l (ppm).<\/span><br style=\"color: #666666;font-family: 'Proxima Nova', -apple-system, Roboto, Arial, sans-serif;font-size: 20px;background-color: #ffffff\"><br style=\"color: #666666;font-family: 'Proxima Nova', -apple-system, Roboto, Arial, sans-serif;font-size: 20px;background-color: #ffffff\"><span style=\"color: #666666;font-family: 'Proxima Nova', -apple-system, Roboto, Arial, sans-serif;font-size: 20px;background-color: #ffffff\">Dosagem: 10 ml de solu\u00e7\u00e3o de magn\u00e9sio aumenta o n\u00edvel de magn\u00e9sio em 7,5 mg\/l (ppm) em 100 l de \u00e1gua. A dosagem deve ser estabelecida baseando-se em testes de \u00e1gua e consumo di\u00e1rio de corais. Antes de aplicar o Mg Plus, \u00e9 recomendado testar o n\u00edvel de magn\u00e9sio na \u00e1gua. N\u00e3o recomendamos aumentar os n\u00edveis de magn\u00e9sio em mais de 50 ppm por dia. Certifique-se de que seu n\u00edvel de magn\u00e9sio esteja dentro da faixa recomendada antes de tentar aumentar ou ajustar seus n\u00edveis de c\u00e1lcio e alcalinidade.<\/span><\/p>","protected":false},"excerpt":{"rendered":"<p>F\u00f3rmula altamente concentrada para aumentar os n\u00edveis de magn\u00e9sio em aqu\u00e1rios de recife. O Mg Plus foi criado para manter os n\u00edveis de magn\u00e9sio, e evitar as suas quedas repentinas. O magn\u00e9sio \u00e9 necess\u00e1rio para o crescimento saud\u00e1vel e equilibrado dos corais. O n\u00edvel apropriado de magn\u00e9sio na \u00e1gua do aqu\u00e1rio proporciona aos corais melhor [&hellip;]<\/p>\n","protected":false},"featured_media":3367,"comment_status":"open","ping_status":"closed","template":"","meta":{"googlesitekit_rrm_CAow0N7NCw:productID":"","content-type":"","pmpro_default_level":"","_themeisle_gutenberg_block_has_review":false},"product_brand":[],"product_cat":[47],"product_tag":[],"class_list":{"0":"post-3369","1":"product","2":"type-product","3":"status-publish","4":"has-post-thumbnail","6":"product_cat-condicionadores-de-agua","7":"aux-has-gallery","8":"pmpro-has-access","10":"first","11":"outofstock","12":"taxable","13":"shipping-taxable","14":"purchasable","15":"product-type-simple"},"_links":{"self":[{"href":"https:\/\/dinhosreef.com\/en\/wp-json\/wp\/v2\/product\/3369","targetHints":{"allow":["GET"]}}],"collection":[{"href":"https:\/\/dinhosreef.com\/en\/wp-json\/wp\/v2\/product"}],"about":[{"href":"https:\/\/dinhosreef.com\/en\/wp-json\/wp\/v2\/types\/product"}],"replies":[{"embeddable":true,"href":"https:\/\/dinhosreef.com\/en\/wp-json\/wp\/v2\/comments?post=3369"}],"wp:featuredmedia":[{"embeddable":true,"href":"https:\/\/dinhosreef.com\/en\/wp-json\/wp\/v2\/media\/3367"}],"wp:attachment":[{"href":"https:\/\/dinhosreef.com\/en\/wp-json\/wp\/v2\/media?parent=3369"}],"wp:term":[{"taxonomy":"product_brand","embeddable":true,"href":"https:\/\/dinhosreef.com\/en\/wp-json\/wp\/v2\/product_brand?post=3369"},{"taxonomy":"product_cat","embeddable":true,"href":"https:\/\/dinhosreef.com\/en\/wp-json\/wp\/v2\/product_cat?post=3369"},{"taxonomy":"product_tag","embeddable":true,"href":"https:\/\/dinhosreef.com\/en\/wp-json\/wp\/v2\/product_tag?post=3369"}],"curies":[{"name":"wp","href":"https:\/\/api.w.org\/{rel}","templated":true}]}}