{"id":3425,"date":"2025-02-15T10:13:36","date_gmt":"2025-02-15T13:13:36","guid":{"rendered":"https:\/\/dinhosreef.com\/produto\/racao-prodac-artemia-100-brine-shrimps-10g\/"},"modified":"2025-07-01T15:07:11","modified_gmt":"2025-07-01T18:07:11","slug":"racao-prodac-artemia-100-brine-shrimps-10g","status":"publish","type":"product","link":"https:\/\/dinhosreef.com\/en\/product\/racao-prodac-artemia-100-brine-shrimps-10g\/","title":{"rendered":"RA\u00c7\u00c3O PRODAC ARTEMIA 100% BRINE SHRIMPS 10G"},"content":{"rendered":"<p>Ra\u00e7\u00e3o Peixes Natural Artemia Prodac 100% Brine Shrimps 10g<\/p>\n<p>Mat\u00e9ria-prima para ra\u00e7\u00e3o composta por ARTEMIAS 100% liofilizados, pequenos crust\u00e1ceos marinhos com alto teor de prote\u00ednas, adequados para peixes de \u00e1gua do mar.<\/p>\n<p>Composi\u00e7\u00e3o: 100% Invertebrados aqu\u00e1ticos (Artemia salina liofilizada)<\/p>\n<p>Componentes anal\u00edticos: prote\u00edna bruta 46,95%, cinza bruta 17,36%, gordura bruta 6,97%, fibra bruta 2,04%, umidade 7,48%.<\/p>\n<p>ARTEMIA PRODAC 100% BRINE SHRIMPS 10G<br \/>Mat\u00e9ria-prima para ra\u00e7\u00e3o composta por ARTEMIAS 100% liofilizados, pequenos crust\u00e1ceos marinhos com alto teor de prote\u00ednas, adequados para peixes de \u00e1gua do mar.<\/p>\n<p>Composi\u00e7\u00e3o: 100% Invertebrados aqu\u00e1ticos (Artemia salina.<\/p>\n<p>Componentes anal\u00edticos: prote\u00edna bruta 46,95%, cinza bruta 17,36%, gordura bruta 6,97%, fibra bruta 2,04%, umidade 7,48%.<\/p>\n<p>Tamanhos dispon\u00edveis:<\/p>\n<p>100 ml &#8211; 10 gr &#8211; C\u00f3digo do produto AR100.3<\/p>","protected":false},"excerpt":{"rendered":"<p>Ra\u00e7\u00e3o Peixes Natural Artemia Prodac 100% Brine Shrimps 10g Mat\u00e9ria-prima para ra\u00e7\u00e3o composta por ARTEMIAS 100% liofilizados, pequenos crust\u00e1ceos marinhos com alto teor de prote\u00ednas, adequados para peixes de \u00e1gua do mar. Composi\u00e7\u00e3o: 100% Invertebrados aqu\u00e1ticos (Artemia salina liofilizada) Componentes anal\u00edticos: prote\u00edna bruta 46,95%, cinza bruta 17,36%, gordura bruta 6,97%, fibra bruta 2,04%, umidade 7,48%. [&hellip;]<\/p>\n","protected":false},"featured_media":3422,"comment_status":"open","ping_status":"closed","template":"","meta":{"googlesitekit_rrm_CAow0N7NCw:productID":"","content-type":"","pmpro_default_level":"","_themeisle_gutenberg_block_has_review":false},"product_brand":[],"product_cat":[57],"product_tag":[],"class_list":{"0":"post-3425","1":"product","2":"type-product","3":"status-publish","4":"has-post-thumbnail","6":"product_cat-alimentos","7":"aux-has-gallery","8":"pmpro-has-access","10":"first","11":"outofstock","12":"taxable","13":"shipping-taxable","14":"purchasable","15":"product-type-simple"},"_links":{"self":[{"href":"https:\/\/dinhosreef.com\/en\/wp-json\/wp\/v2\/product\/3425","targetHints":{"allow":["GET"]}}],"collection":[{"href":"https:\/\/dinhosreef.com\/en\/wp-json\/wp\/v2\/product"}],"about":[{"href":"https:\/\/dinhosreef.com\/en\/wp-json\/wp\/v2\/types\/product"}],"replies":[{"embeddable":true,"href":"https:\/\/dinhosreef.com\/en\/wp-json\/wp\/v2\/comments?post=3425"}],"wp:featuredmedia":[{"embeddable":true,"href":"https:\/\/dinhosreef.com\/en\/wp-json\/wp\/v2\/media\/3422"}],"wp:attachment":[{"href":"https:\/\/dinhosreef.com\/en\/wp-json\/wp\/v2\/media?parent=3425"}],"wp:term":[{"taxonomy":"product_brand","embeddable":true,"href":"https:\/\/dinhosreef.com\/en\/wp-json\/wp\/v2\/product_brand?post=3425"},{"taxonomy":"product_cat","embeddable":true,"href":"https:\/\/dinhosreef.com\/en\/wp-json\/wp\/v2\/product_cat?post=3425"},{"taxonomy":"product_tag","embeddable":true,"href":"https:\/\/dinhosreef.com\/en\/wp-json\/wp\/v2\/product_tag?post=3425"}],"curies":[{"name":"wp","href":"https:\/\/api.w.org\/{rel}","templated":true}]}}