{"id":3428,"date":"2025-02-15T10:13:41","date_gmt":"2025-02-15T13:13:41","guid":{"rendered":"https:\/\/dinhosreef.com\/produto\/alcon-club-curio-150g-racao-extrusada-p-passaros\/"},"modified":"2026-04-08T15:46:58","modified_gmt":"2026-04-08T18:46:58","slug":"alcon-club-curio-150g-racao-extrusada-p-passaros","status":"publish","type":"product","link":"https:\/\/dinhosreef.com\/en\/product\/alcon-club-curio-150g-racao-extrusada-p-passaros\/","title":{"rendered":"Ra\u00e7\u00e3o Extrusada P\/ Passaros Alcon Club Curio 150g"},"content":{"rendered":"<p>Alimento completo para p\u00e1ssaros<\/p>\n<p>Alcon Club Curi\u00f3 \u00e9 um alimento extrusado completo para p\u00e1ssaros como Curi\u00f3, Bicudo e Azul\u00e3o. Cont\u00e9m Prebi\u00f3tico que promove o crescimento seletivo de bact\u00e9rias ben\u00e9ficas presentes nos intestinos, melhorando o aproveitamento dos nutrientes. Elaborado com ingredientes selecionados, vitaminas e minerais de alta qualidade, apresenta formato e aroma atrativos que ajudam na aceita\u00e7\u00e3o e na distra\u00e7\u00e3o. Facilita muito o manejo, pois n\u00e3o h\u00e1 necessidade da rotina di\u00e1ria de limpeza dos comedouros, como ocorre com as sementes. Sendo assim, o alimento pode ser fornecido para v\u00e1rios dias.<\/p>\n<p>Forma de uso<br \/>Servir em comedouros limpos e secos. Deixar \u00e1gua limpa sempre \u00e0 disposi\u00e7\u00e3o. P\u00e1ssaros habituados \u00e0s dietas a base de sementes poder\u00e3o estranhar inicialmente o novo alimento. Neste caso, para facilitar a adapta\u00e7\u00e3o, deve-se proceder a mistura da ra\u00e7\u00e3o com as sementes de costume, conforme a tabela:<\/p>\n<p>1\u00b0 ao 3\u00b0 dia \u00bc de ra\u00e7\u00e3o e \u00be sementes<br \/>4\u00b0 ao 6\u00b0 dia \u00bd de ra\u00e7\u00e3o e \u00bd de sementes<br \/>7\u00b0 ao 9\u00b0 dia \u00be de ra\u00e7\u00e3o e \u00bc de sementes<br \/>A partir do 10\u00b0 dia Somente Alcon Club Curi\u00f3, Bicudo e Azul\u00e3o<\/p>\n<p>Ingredientes<br \/>Creme de milho*, prote\u00edna texturizada de soja*, \u00f3leo de soja refinado*, ovo integral desidratado, carbonato de c\u00e1lcio, premix mineral, leveduras, premix vitam\u00ednico mineral, aditivo prebi\u00f3tico (0,2 %), corantes (amarelo tartrazina, azul indigotina, amarelo crep\u00fasculo, vermelho ponceau), aditivo aromatizante (aroma de laranja) (0,07 %), antioxidantes (Etoxiquin, Propilgalato, \u00e1cido c\u00edtrico, BHA, BHT).<br \/>*Esp\u00e9cies doadoras de gene: Agrobacterium tumefaciens, Bacillus thuringiensis, Streptomyces viridochromogenes.<\/p>","protected":false},"excerpt":{"rendered":"<p>Alimento completo para p\u00e1ssaros Alcon Club Curi\u00f3 \u00e9 um alimento extrusado completo para p\u00e1ssaros como Curi\u00f3, Bicudo e Azul\u00e3o. Cont\u00e9m Prebi\u00f3tico que promove o crescimento seletivo de bact\u00e9rias ben\u00e9ficas presentes nos intestinos, melhorando o aproveitamento dos nutrientes. Elaborado com ingredientes selecionados, vitaminas e minerais de alta qualidade, apresenta formato e aroma atrativos que ajudam na [&hellip;]<\/p>\n","protected":false},"featured_media":1410784988,"comment_status":"open","ping_status":"closed","template":"","meta":{"googlesitekit_rrm_CAow0N7NCw:productID":"","content-type":"","pmpro_default_level":"","_themeisle_gutenberg_block_has_review":false},"product_brand":[332],"product_cat":[227,259],"product_tag":[],"class_list":{"0":"post-3428","1":"product","2":"type-product","3":"status-publish","4":"has-post-thumbnail","6":"product_brand-alcon","7":"product_cat-racao","8":"product_cat-racoes-alimento-petisco-e-suplemento-caes","9":"aux-has-gallery","10":"pmpro-has-access","12":"first","13":"instock","14":"taxable","15":"shipping-taxable","16":"purchasable","17":"product-type-simple"},"_links":{"self":[{"href":"https:\/\/dinhosreef.com\/en\/wp-json\/wp\/v2\/product\/3428","targetHints":{"allow":["GET"]}}],"collection":[{"href":"https:\/\/dinhosreef.com\/en\/wp-json\/wp\/v2\/product"}],"about":[{"href":"https:\/\/dinhosreef.com\/en\/wp-json\/wp\/v2\/types\/product"}],"replies":[{"embeddable":true,"href":"https:\/\/dinhosreef.com\/en\/wp-json\/wp\/v2\/comments?post=3428"}],"wp:featuredmedia":[{"embeddable":true,"href":"https:\/\/dinhosreef.com\/en\/wp-json\/wp\/v2\/media\/1410784988"}],"wp:attachment":[{"href":"https:\/\/dinhosreef.com\/en\/wp-json\/wp\/v2\/media?parent=3428"}],"wp:term":[{"taxonomy":"product_brand","embeddable":true,"href":"https:\/\/dinhosreef.com\/en\/wp-json\/wp\/v2\/product_brand?post=3428"},{"taxonomy":"product_cat","embeddable":true,"href":"https:\/\/dinhosreef.com\/en\/wp-json\/wp\/v2\/product_cat?post=3428"},{"taxonomy":"product_tag","embeddable":true,"href":"https:\/\/dinhosreef.com\/en\/wp-json\/wp\/v2\/product_tag?post=3428"}],"curies":[{"name":"wp","href":"https:\/\/api.w.org\/{rel}","templated":true}]}}