{"id":3446,"date":"2025-02-15T10:14:32","date_gmt":"2025-02-15T13:14:32","guid":{"rendered":"https:\/\/dinhosreef.com\/produto\/fd-calanus-12g-tropical-racao-para-peixes-e-corais\/"},"modified":"2025-07-15T20:29:18","modified_gmt":"2025-07-15T23:29:18","slug":"fd-calanus-12g-tropical-racao-para-peixes-e-corais","status":"publish","type":"product","link":"https:\/\/dinhosreef.com\/en\/product\/fd-calanus-12g-tropical-racao-para-peixes-e-corais\/","title":{"rendered":"FD CALANUS 12G  &#8211;  TROPICAL RA\u00c7\u00c3O PARA PEIXES E CORAIS"},"content":{"rendered":"<p><strong>Ra\u00e7\u00e3o Fd Calanus para Peixes Ornamentais<\/strong><\/p>\n<p>**Descri\u00e7\u00e3o do Produto:**<br \/>Fd Calanus \u00e9 uma ra\u00e7\u00e3o natural e premium desenvolvida especialmente para peixes ornamentais de \u00e1gua doce e marinhos. Ela \u00e9 composta por crust\u00e1ceos planct\u00f4nicos liofilizados (Calanus finmarchicus), obtidos de \u00e1guas puras do Atl\u00e2ntico Norte, garantindo qualidade e pureza.<\/p>\n<p>**Ingredientes e Benef\u00edcios:**<br \/>&#8211; **Astaxantina Natural:** Cont\u00e9m um m\u00ednimo de 330 mg\/kg de astaxantina, um pigmento natural que intensifica as cores vibrantes dos peixes.<br \/>&#8211; **Prote\u00edna e Amino\u00e1cidos Essenciais:** Rica em prote\u00ednas de alta qualidade, com amino\u00e1cidos essenciais que promovem o desenvolvimento, matura\u00e7\u00e3o e reprodu\u00e7\u00e3o dos peixes.<br \/>&#8211; **\u00c1cidos Graxos Insaturados:** Fonte de \u00e1cidos graxos \u00f4mega-3 e \u00f4mega-9, essenciais para a sa\u00fade geral e o brilho da pele dos peixes.<\/p>\n<p>**Caracter\u00edsticas Adicionais:**<br \/>&#8211; **Sabor Excepcional:** Incentiva at\u00e9 os peixes mais exigentes a se alimentarem, garantindo uma nutri\u00e7\u00e3o completa sem turvar a \u00e1gua do aqu\u00e1rio.<br \/>&#8211; **Modo de Uso:** Recomenda-se alimentar v\u00e1rias vezes ao dia em pequenas por\u00e7\u00f5es, evitando sobras no aqu\u00e1rio para manter a qualidade da \u00e1gua.<\/p>\n<p>**Considera\u00e7\u00f5es Importantes:**<br \/>&#8211; **Varia\u00e7\u00f5es Naturais:** Pequenas varia\u00e7\u00f5es na apar\u00eancia, textura e aroma podem ocorrer devido \u00e0s caracter\u00edsticas naturais das mat\u00e9rias-primas.<br \/>&#8211; **Alergias:** Este produto pode causar rea\u00e7\u00f5es al\u00e9rgicas em pessoas sens\u00edveis. Evite contato direto e consulte um m\u00e9dico em caso de asma ou rinite.<\/p>\n<p>**Aten\u00e7\u00e3o:**<br \/>&#8211; Mantenha fora do alcance das crian\u00e7as.<br \/>&#8211; Produto liofilizado: Calanus finmarchicus.<\/p>\n<p>Com Fd Calanus, voc\u00ea oferece n\u00e3o apenas nutri\u00e7\u00e3o de alta qualidade, mas tamb\u00e9m promove a sa\u00fade e a beleza vibrante de seus peixes ornamentais. Garanta cores intensas e vitalidade com uma escolha segura e confi\u00e1vel.<\/p>","protected":false},"excerpt":{"rendered":"<p>Ra\u00e7\u00e3o Fd Calanus para Peixes Ornamentais **Descri\u00e7\u00e3o do Produto:**Fd Calanus \u00e9 uma ra\u00e7\u00e3o natural e premium desenvolvida especialmente para peixes ornamentais de \u00e1gua doce e marinhos. Ela \u00e9 composta por crust\u00e1ceos planct\u00f4nicos liofilizados (Calanus finmarchicus), obtidos de \u00e1guas puras do Atl\u00e2ntico Norte, garantindo qualidade e pureza. **Ingredientes e Benef\u00edcios:**&#8211; **Astaxantina Natural:** Cont\u00e9m um m\u00ednimo de [&hellip;]<\/p>\n","protected":false},"featured_media":3439,"comment_status":"open","ping_status":"closed","template":"","meta":{"googlesitekit_rrm_CAow0N7NCw:productID":"","content-type":"","pmpro_default_level":"","_themeisle_gutenberg_block_has_review":false},"product_brand":[],"product_cat":[57],"product_tag":[],"class_list":{"0":"post-3446","1":"product","2":"type-product","3":"status-publish","4":"has-post-thumbnail","6":"product_cat-alimentos","7":"aux-has-gallery","8":"pmpro-has-access","10":"first","11":"instock","12":"taxable","13":"shipping-taxable","14":"purchasable","15":"product-type-simple"},"_links":{"self":[{"href":"https:\/\/dinhosreef.com\/en\/wp-json\/wp\/v2\/product\/3446","targetHints":{"allow":["GET"]}}],"collection":[{"href":"https:\/\/dinhosreef.com\/en\/wp-json\/wp\/v2\/product"}],"about":[{"href":"https:\/\/dinhosreef.com\/en\/wp-json\/wp\/v2\/types\/product"}],"replies":[{"embeddable":true,"href":"https:\/\/dinhosreef.com\/en\/wp-json\/wp\/v2\/comments?post=3446"}],"wp:featuredmedia":[{"embeddable":true,"href":"https:\/\/dinhosreef.com\/en\/wp-json\/wp\/v2\/media\/3439"}],"wp:attachment":[{"href":"https:\/\/dinhosreef.com\/en\/wp-json\/wp\/v2\/media?parent=3446"}],"wp:term":[{"taxonomy":"product_brand","embeddable":true,"href":"https:\/\/dinhosreef.com\/en\/wp-json\/wp\/v2\/product_brand?post=3446"},{"taxonomy":"product_cat","embeddable":true,"href":"https:\/\/dinhosreef.com\/en\/wp-json\/wp\/v2\/product_cat?post=3446"},{"taxonomy":"product_tag","embeddable":true,"href":"https:\/\/dinhosreef.com\/en\/wp-json\/wp\/v2\/product_tag?post=3446"}],"curies":[{"name":"wp","href":"https:\/\/api.w.org\/{rel}","templated":true}]}}