{"id":3459,"date":"2025-02-15T10:14:49","date_gmt":"2025-02-15T13:14:49","guid":{"rendered":"https:\/\/dinhosreef.com\/produto\/racao-em-graos-para-peixes-marinhos-bionautic-granulat-55g\/"},"modified":"2025-07-02T09:18:26","modified_gmt":"2025-07-02T12:18:26","slug":"racao-em-graos-para-peixes-marinhos-bionautic-granulat-55g","status":"publish","type":"product","link":"https:\/\/dinhosreef.com\/en\/product\/racao-em-graos-para-peixes-marinhos-bionautic-granulat-55g\/","title":{"rendered":"Ra\u00e7\u00e3o Em Gr\u00e3os Para Peixes Marinhos Bionautic Granulat 55g"},"content":{"rendered":"<p>Bionautic Granulat 55g<br \/>&#8212;&#8212;&#8212;&#8212;&#8212;&#8212;&#8212;&#8212;&#8212;&#8212;&#8212;&#8212;&#8212;&#8212;&#8212;&#8212;<br \/>\u00a0<br \/>Descri\u00e7\u00e3o<br \/>\u00a0<br \/>Principais Caracter\u00edsticas: I &#8211; Ra\u00e7\u00e3o rica em nutrientes essenciais, desenvolvida para peixes marinhos exigentes; ; II &#8211; Cont\u00e9m spirulina e alho que fortalecem o sistema imunol\u00f3gico; ; III &#8211; Cont\u00e9m carotenoides naturais (astaxantina) que intensificam a colora\u00e7\u00e3o dos peixes; ; IV &#8211; Cont\u00e9m ze\u00f3lito, que contribui com o sistema digestivo e a elimina\u00e7\u00e3o de toxinas do organismo dos peixes; V &#8211; Alimento completo para peixes de tamanho m\u00e9dio e grande, al\u00e9m de crust\u00e1ceos de \u00e1gua doce e salgada; Descri\u00e7\u00e3o: Bionautic Granulat \u00e9 um alimento completo e multi-ingredientes que se afunda lentamente na \u00e1gua, sendo ideal para alimenta\u00e7\u00e3o di\u00e1ria de peixes de \u00e1gua salgada e de tamanho pequeno e m\u00e9dio, como tamb\u00e9m crust\u00e1ceos e invertebrados. Feito com mat\u00e9rias-primas obtidas principalmente da \u00e1gua do mar, como a spirulina, que \u00e9 rica em nutrientes, carotenoides naturais (incluindo a astaxantina) e alho, que contribui com o sistema imunol\u00f3gico dos peixes, garantindo-lhes excelentes condi\u00e7\u00f5es. Atributos do Produto: Tipo de Pet: indicado para Peixes Composi\u00e7\u00e3o|Formula\u00e7\u00e3o: Peixes e subprodutos de peixes, subprodutos de origem vegetal, extractos de prote\u00ednas vegetais, moluscos e crust\u00e1ceos, cereais, carnes e subprodutos animais, algas (Spirulina platensis min. 3%), leveduras, \u00f3leos e gorduras, subst\u00e2ncias minerais. Cont\u00eam: Vitaminas, pr\u00f3-vitaminas e antioxidantes. Formato Alimento: Gr\u00e3os Tipo de \u00c1gua: Salgada<\/p>","protected":false},"excerpt":{"rendered":"<p>Bionautic Granulat 55g&#8212;&#8212;&#8212;&#8212;&#8212;&#8212;&#8212;&#8212;&#8212;&#8212;&#8212;&#8212;&#8212;&#8212;&#8212;&#8212;\u00a0Descri\u00e7\u00e3o\u00a0Principais Caracter\u00edsticas: I &#8211; Ra\u00e7\u00e3o rica em nutrientes essenciais, desenvolvida para peixes marinhos exigentes; ; II &#8211; Cont\u00e9m spirulina e alho que fortalecem o sistema imunol\u00f3gico; ; III &#8211; Cont\u00e9m carotenoides naturais (astaxantina) que intensificam a colora\u00e7\u00e3o dos peixes; ; IV &#8211; Cont\u00e9m ze\u00f3lito, que contribui com o sistema digestivo e a elimina\u00e7\u00e3o [&hellip;]<\/p>\n","protected":false},"featured_media":3454,"comment_status":"open","ping_status":"closed","template":"","meta":{"googlesitekit_rrm_CAow0N7NCw:productID":"","content-type":"","pmpro_default_level":"","_themeisle_gutenberg_block_has_review":false},"product_brand":[],"product_cat":[57],"product_tag":[],"class_list":{"0":"post-3459","1":"product","2":"type-product","3":"status-publish","4":"has-post-thumbnail","6":"product_cat-alimentos","7":"aux-has-gallery","8":"pmpro-has-access","10":"first","11":"outofstock","12":"taxable","13":"shipping-taxable","14":"purchasable","15":"product-type-simple"},"_links":{"self":[{"href":"https:\/\/dinhosreef.com\/en\/wp-json\/wp\/v2\/product\/3459","targetHints":{"allow":["GET"]}}],"collection":[{"href":"https:\/\/dinhosreef.com\/en\/wp-json\/wp\/v2\/product"}],"about":[{"href":"https:\/\/dinhosreef.com\/en\/wp-json\/wp\/v2\/types\/product"}],"replies":[{"embeddable":true,"href":"https:\/\/dinhosreef.com\/en\/wp-json\/wp\/v2\/comments?post=3459"}],"wp:featuredmedia":[{"embeddable":true,"href":"https:\/\/dinhosreef.com\/en\/wp-json\/wp\/v2\/media\/3454"}],"wp:attachment":[{"href":"https:\/\/dinhosreef.com\/en\/wp-json\/wp\/v2\/media?parent=3459"}],"wp:term":[{"taxonomy":"product_brand","embeddable":true,"href":"https:\/\/dinhosreef.com\/en\/wp-json\/wp\/v2\/product_brand?post=3459"},{"taxonomy":"product_cat","embeddable":true,"href":"https:\/\/dinhosreef.com\/en\/wp-json\/wp\/v2\/product_cat?post=3459"},{"taxonomy":"product_tag","embeddable":true,"href":"https:\/\/dinhosreef.com\/en\/wp-json\/wp\/v2\/product_tag?post=3459"}],"curies":[{"name":"wp","href":"https:\/\/api.w.org\/{rel}","templated":true}]}}