{"id":3523,"date":"2025-02-15T10:17:16","date_gmt":"2025-02-15T13:17:16","guid":{"rendered":"https:\/\/dinhosreef.com\/produto\/tropical-ichtio-vit-flakes-50g-racao-p-peixes-ornamentais\/"},"modified":"2025-07-15T00:15:02","modified_gmt":"2025-07-15T03:15:02","slug":"tropical-ichtio-vit-flakes-50g-racao-p-peixes-ornamentais","status":"publish","type":"product","link":"https:\/\/dinhosreef.com\/en\/product\/tropical-ichtio-vit-flakes-50g-racao-p-peixes-ornamentais\/","title":{"rendered":"Tropical Ichtio -vit Flakes 50g Ra\u00e7\u00e3o P\/ Peixes Ornamentais"},"content":{"rendered":"<h1 style=\"font-size: var(--font-size-big);margin: 0px 0px 0px 16px;font-family: var(--font-family-primary);color: #e4e6eb;padding: 0px;letter-spacing: var(--letter-spacing);background-color: #242526\"><span id=\"nomeProdutoHeader\">Ra\u00e7\u00e3o Para Peixe Ichtio-vit Tropical 50g<\/span><\/h1>\n<p><span>&#8212;&#8212;&#8212;&#8212;&#8212;&#8212;&#8212;&#8212;&#8212;&#8212;&#8212;&#8212;&#8212;&#8212;&#8212;&#8212;&#8212;&#8212;&#8212;&#8212;&#8212;&#8212;<\/span><\/p>\n<p>\u00a0<\/p>\n<p>Ichtio-vit \u00e9 uma ra\u00e7\u00e3o com multi ingredientes, para a dieta di\u00e1ria de todos os peixes ornamentais. O seu valor nutritivo cont\u00eam ingredientes balanceados, garantindo o perfeito desenvolvimento e as necessidades energ\u00e9ticas dos peixes. Al\u00e9m disso, a Ichtio-vit fornece a dose di\u00e1ria recomendada de vitaminas, minerais, microelementos e outros tipos de elementos auxiliando na digest\u00e3o dos animais<\/p>\n<p>\u00a0<\/p>\n<p>Indica\u00e7\u00f5es\/Recomenda\u00e7\u00f5es: Alimentar v\u00e1rias vezes ao dia (2-4 vezes) em pequenas por\u00e7\u00f5es. N\u00e3o permitir sobras no aqu\u00e1rio.<\/p>\n<p>\u00a0<\/p>\n<p>&#8211; Ichtio-vit \u00e9 uma ra\u00e7\u00e3o com m\u00faltiplos ingredientes em forma de flocos.<\/p>\n<p>&#8211; Feito com ingredientes de origem animal e vegetal.<\/p>\n<p>\u00a0<\/p>\n<p>&#8211; Embalagem: 50g<\/p>","protected":false},"excerpt":{"rendered":"<p>Ra\u00e7\u00e3o Para Peixe Ichtio-vit Tropical 50g &#8212;&#8212;&#8212;&#8212;&#8212;&#8212;&#8212;&#8212;&#8212;&#8212;&#8212;&#8212;&#8212;&#8212;&#8212;&#8212;&#8212;&#8212;&#8212;&#8212;&#8212;&#8212; \u00a0 Ichtio-vit \u00e9 uma ra\u00e7\u00e3o com multi ingredientes, para a dieta di\u00e1ria de todos os peixes ornamentais. O seu valor nutritivo cont\u00eam ingredientes balanceados, garantindo o perfeito desenvolvimento e as necessidades energ\u00e9ticas dos peixes. Al\u00e9m disso, a Ichtio-vit fornece a dose di\u00e1ria recomendada de vitaminas, minerais, microelementos e [&hellip;]<\/p>\n","protected":false},"featured_media":3522,"comment_status":"open","ping_status":"closed","template":"","meta":{"googlesitekit_rrm_CAow0N7NCw:productID":"","content-type":"","pmpro_default_level":"","_themeisle_gutenberg_block_has_review":false},"product_brand":[],"product_cat":[57],"product_tag":[],"class_list":{"0":"post-3523","1":"product","2":"type-product","3":"status-publish","4":"has-post-thumbnail","6":"product_cat-alimentos","7":"pmpro-has-access","9":"first","10":"outofstock","11":"taxable","12":"shipping-taxable","13":"purchasable","14":"product-type-simple"},"_links":{"self":[{"href":"https:\/\/dinhosreef.com\/en\/wp-json\/wp\/v2\/product\/3523","targetHints":{"allow":["GET"]}}],"collection":[{"href":"https:\/\/dinhosreef.com\/en\/wp-json\/wp\/v2\/product"}],"about":[{"href":"https:\/\/dinhosreef.com\/en\/wp-json\/wp\/v2\/types\/product"}],"replies":[{"embeddable":true,"href":"https:\/\/dinhosreef.com\/en\/wp-json\/wp\/v2\/comments?post=3523"}],"wp:featuredmedia":[{"embeddable":true,"href":"https:\/\/dinhosreef.com\/en\/wp-json\/wp\/v2\/media\/3522"}],"wp:attachment":[{"href":"https:\/\/dinhosreef.com\/en\/wp-json\/wp\/v2\/media?parent=3523"}],"wp:term":[{"taxonomy":"product_brand","embeddable":true,"href":"https:\/\/dinhosreef.com\/en\/wp-json\/wp\/v2\/product_brand?post=3523"},{"taxonomy":"product_cat","embeddable":true,"href":"https:\/\/dinhosreef.com\/en\/wp-json\/wp\/v2\/product_cat?post=3523"},{"taxonomy":"product_tag","embeddable":true,"href":"https:\/\/dinhosreef.com\/en\/wp-json\/wp\/v2\/product_tag?post=3523"}],"curies":[{"name":"wp","href":"https:\/\/api.w.org\/{rel}","templated":true}]}}