{"id":3543,"date":"2025-02-15T10:18:06","date_gmt":"2025-02-15T13:18:06","guid":{"rendered":"https:\/\/dinhosreef.com\/produto\/racao-dr-bassleer-biofish-food-regular-m-60g-premium-food\/"},"modified":"2025-12-04T15:46:39","modified_gmt":"2025-12-04T18:46:39","slug":"racao-dr-bassleer-biofish-food-regular-m-60g-premium-food","status":"publish","type":"product","link":"https:\/\/dinhosreef.com\/en\/product\/racao-dr-bassleer-biofish-food-regular-m-60g-premium-food\/","title":{"rendered":"Ra\u00e7\u00e3o Dr Bassleer Biofish Food Regular M 60g Premium Food"},"content":{"rendered":"<p>\u00c9 importante que os elementos nutritivos dos alimentos sejam escolhidos levando-se em conta as subst\u00e2ncias que encontramos na natureza. Aquarium Munster Dr. Bassleer Biofish Food \u00e9 a marca do Dr. Gerald Bassleer, um icti\u00f3logo renomado. O processo de fabrica\u00e7\u00e3o leva em conta a preserva\u00e7\u00e3o completa das vitaminas, prote\u00ednas e oligoelementos.<br \/>Tanto as formas diferentes de granulados como a forma especial de flocos, cont\u00e9m todos os amino\u00e1cidos essenciais, Omega 3, minerais, oligoelementos e vitaminas e contribuem assim \u00e0 boa sa\u00fade e \u00e0 resist\u00eancia dos peixes do aqu\u00e1rio.<\/p>\n<p>Dr. Bassleer Biofish Food n\u00e3o cont\u00e9m corantes artificiais e \u00e9 extremamente rico em elementos nutritivos. Estes alimentos s\u00e3o bem digeridos e n\u00e3o poluem a \u00e1gua do aqu\u00e1rio.<\/p>\n<p>Os peixes gostam de se alimentar com peda\u00e7os pequenos. O tamanho da boca difere de esp\u00e9cie para esp\u00e9cie e isto determina o tamanho do gr\u00e3o que melhor conv\u00e9m ao h\u00e1bito alimentar. Aquarium Munster Dr. Bassleer Biofish Food em gr\u00e3os s\u00e3o especialmente fabricados para atender a esta escolha de tamanho de gr\u00e3o M, L, XL e XXL. O granulado M afunda lentamente e permite assim alimentar os peixes que vivem nas tr\u00eas zonas do aqu\u00e1rio. Os peixes se beneficiam todos da mesma maneira de um alimento fresco e completo, que vivam em superf\u00edcie, no meio ou no fundo do aqu\u00e1rio.<\/p>\n<p>Dr. Bassleer Biofish Food Regular:<\/p>\n<p>Tem um teor proteico muito elevado (52%). Cont\u00e9m todas as vitaminas, os oligoelementos e os minerais que os peixes necessitam. Os peixes de aqu\u00e1rio que s\u00e3o alimentados com Dr. Bassleer Biofish Food tem cores bem mais vivas e maior vitalidade. Eles tem crescimento mais r\u00e1pido e uma maior fecundidade.<\/p>\n<p>Granulometria M:0,5- 0,8mm para peixes &gt; 1cm.<\/p>\n<p>Enriquecimento: Vitamina A 75000 UI\/Kg, Vitamina D3 2500 UI\/Kg, Vitamina C 0,5g\/Kg, Vitamina E 0,26g\/Kg.<\/p>\n<p>N\u00edveis de Garantia: Prote\u00edna Bruta 540g\/Kg, Gorduras Totais 180g\/Kg, Cinzas 90g\/Kg, Umidade 60g\/Kg, Fibra Bruta 15g\/Kg, F\u00f3sforo 13g\/Kg.<\/p>\n<p>*FOTO MERAMENTE ILUSTRATIVA<\/p>","protected":false},"excerpt":{"rendered":"<p>\u00c9 importante que os elementos nutritivos dos alimentos sejam escolhidos levando-se em conta as subst\u00e2ncias que encontramos na natureza. Aquarium Munster Dr. Bassleer Biofish Food \u00e9 a marca do Dr. Gerald Bassleer, um icti\u00f3logo renomado. O processo de fabrica\u00e7\u00e3o leva em conta a preserva\u00e7\u00e3o completa das vitaminas, prote\u00ednas e oligoelementos.Tanto as formas diferentes de granulados [&hellip;]<\/p>\n","protected":false},"featured_media":3542,"comment_status":"open","ping_status":"closed","template":"","meta":{"googlesitekit_rrm_CAow0N7NCw:productID":"","content-type":"","pmpro_default_level":"","_themeisle_gutenberg_block_has_review":false},"product_brand":[],"product_cat":[57],"product_tag":[],"class_list":{"0":"post-3543","1":"product","2":"type-product","3":"status-publish","4":"has-post-thumbnail","6":"product_cat-alimentos","7":"pmpro-has-access","9":"first","10":"outofstock","11":"taxable","12":"shipping-taxable","13":"purchasable","14":"product-type-simple"},"_links":{"self":[{"href":"https:\/\/dinhosreef.com\/en\/wp-json\/wp\/v2\/product\/3543","targetHints":{"allow":["GET"]}}],"collection":[{"href":"https:\/\/dinhosreef.com\/en\/wp-json\/wp\/v2\/product"}],"about":[{"href":"https:\/\/dinhosreef.com\/en\/wp-json\/wp\/v2\/types\/product"}],"replies":[{"embeddable":true,"href":"https:\/\/dinhosreef.com\/en\/wp-json\/wp\/v2\/comments?post=3543"}],"wp:featuredmedia":[{"embeddable":true,"href":"https:\/\/dinhosreef.com\/en\/wp-json\/wp\/v2\/media\/3542"}],"wp:attachment":[{"href":"https:\/\/dinhosreef.com\/en\/wp-json\/wp\/v2\/media?parent=3543"}],"wp:term":[{"taxonomy":"product_brand","embeddable":true,"href":"https:\/\/dinhosreef.com\/en\/wp-json\/wp\/v2\/product_brand?post=3543"},{"taxonomy":"product_cat","embeddable":true,"href":"https:\/\/dinhosreef.com\/en\/wp-json\/wp\/v2\/product_cat?post=3543"},{"taxonomy":"product_tag","embeddable":true,"href":"https:\/\/dinhosreef.com\/en\/wp-json\/wp\/v2\/product_tag?post=3543"}],"curies":[{"name":"wp","href":"https:\/\/api.w.org\/{rel}","templated":true}]}}