{"id":3549,"date":"2025-02-15T10:21:17","date_gmt":"2025-02-15T13:21:17","guid":{"rendered":"https:\/\/dinhosreef.com\/produto\/seachem-racao-nutridiet-marine-plus-flakes-probio-100g\/"},"modified":"2026-02-19T12:26:23","modified_gmt":"2026-02-19T15:26:23","slug":"seachem-racao-nutridiet-marine-plus-flakes-probio-100g","status":"publish","type":"product","link":"https:\/\/dinhosreef.com\/en\/product\/seachem-racao-nutridiet-marine-plus-flakes-probio-100g\/","title":{"rendered":"Seachem Ra\u00e7\u00e3o Nutridiet Marine Plus Flakes Probio 100g"},"content":{"rendered":"<p>NutriDiet Marine Plus Flakes Flocos NutriDiet Marine Plus Aprimorado com adi\u00e7\u00e3o de camar\u00e3o, pl\u00e2ncton e algas de Chlorella Aprimorado com o Entice para atrair comedores mimados e melhorar a palatabilidade Cont\u00e9m prote\u00ednas e hidrolisados, que reduzem o desperd\u00edcio e beneficiam a absor\u00e7\u00e3o de nutrientes, bem como o sistema imunol\u00f3gico de peixes e invertidos O NutriDiet Marine Plus Flakes \u00e9 uma dieta premium e nutricionalmente equilibrada, formulada para atender aos requisitos de todos os peixes marinhos. Cont\u00e9m apenas ingredientes da mais alta qualidade, incluindo peixe, pl\u00e2ncton, lula e camar\u00e3o. Assim como todos os Seachem NutriDiets, os Marine Plus Flakes t\u00eam as Chlorella Algae como uma fonte excepcional de uma ampla gama de vitaminas, amino\u00e1cidos e todos os outros nutrientes necess\u00e1rios para a vida animal. A Chlorella Algae \u00e9 considerada um superalimento potencial que ultrapassa em muito os nutrientes fornecidos pela Spirulina Algae comum a outras dietas. \u00c9 aprimorado com o Entice para atrair comedores mimados e melhorar a palatabilidade. Al\u00e9m disso, os Marine Plus Flakes cont\u00eam GarlicGuard como estimulante do apetite. Os altos n\u00edveis de vitamina C na dieta s\u00e3o especialmente importantes para a sa\u00fade dos peixes marinhos. A vitamina C \u00e9 um cofator nos processos necess\u00e1rios para a forma\u00e7\u00e3o de tecido conjuntivo, tecido cicatricial no reparo de feridas e matriz \u00f3ssea. Essa \u00e9 uma vitamina dif\u00edcil para os peixes adquirirem em sua dieta natural, mas \u00e9 fundamental para resolver os problemas de cura e crescimento. Os Marine Plus Flakes tamb\u00e9m cont\u00eam prote\u00ednas e hidrolisados, que permitem uma digest\u00e3o mais r\u00e1pida e simplista dos nutrientes do parceiro. Menos energia \u00e9 requerida pelo peixe para digerir os alimentos. O alimento \u00e9 mais completamente digerido, o que reduz o desperd\u00edcio desnecess\u00e1rio no sistema e melhora a sa\u00fade geral do peixe. Isso tamb\u00e9m permite maior absor\u00e7\u00e3o de nutrientes e maior fun\u00e7\u00e3o imunol\u00f3gica. Por fim, os compostos com patente pendente completam a formula\u00e7\u00e3o para melhorar ainda mais a fun\u00e7\u00e3o imunol\u00f3gica, al\u00e9m de prolongar o potencial de vida, promover o crescimento natural e aprimorar a cor dos peixes. Chlorella \u00c9 uma fonte alimentar atraente porque, e tem sido considerada um \u201cSuper Alimento\u201d, pois \u00e9 rico em prote\u00ednas e outros nutrientes essenciais. Quando seco; \u00e9 cerca de 45% de prote\u00edna, 20% de gordura, 20% de carboidrato, 5% de fibra e abundante em minerais e vitaminas e atende a todos os requisitos de uma dieta saud\u00e1vel e equilibrada dos peixes, conforme estabelecido pela Academia Nacional de Ci\u00eancias. \u00c9 a fonte mais conhecida de clorofila. Embora todos sejam ben\u00e9ficos, o maior valor da clorela est\u00e1 em um ingrediente fascinante chamado fator de crescimento da clorela (CGF). O CGF \u00e9 um complexo nucleot\u00eddeo-pept\u00eddeo sol\u00favel em \u00e1gua encontrado apenas na clorela. \u00c9 respons\u00e1vel pela r\u00e1pida taxa de crescimento da alga. Experimentos com microrganismos e animais mostraram que o CGF promove um crescimento mais r\u00e1pido que o normal, sem efeitos colaterais adversos ao catalisar naturalmente a convers\u00e3o de DNA em RNA em prote\u00edna. Estimula o reparo tecidual e protege as c\u00e9lulas contra alguns subprodutos t\u00f3xicos do crescimento r\u00e1pido. O processo usado na prepara\u00e7\u00e3o dos produtos Seachem chlorella foi especialmente projetado para maximizar o conte\u00fado de CGF retido no produto final. Os efeitos do CFG s\u00e3o observados apenas em algas cujas paredes celulares foram perfuradas, pois a parede \u00e9 composta de material que n\u00e3o pode ser facilmente digerido. O protocolo Seachem quebra a parede celular, permitindo que o conte\u00fado da c\u00e9lula esteja totalmente dispon\u00edvel para digest\u00e3o. Prote\u00ednas e Hidrolisados Muitos dos ingredientes do NutriDiets est\u00e3o presentes na forma de prote\u00ednas e hidrolisados, facilitando a digest\u00e3o dos peixes. Isso resulta em uma maior absor\u00e7\u00e3o de nutrientes pelos peixes e uma digest\u00e3o mais completa dos alimentos.\u00a0<\/p>","protected":false},"excerpt":{"rendered":"<p>NutriDiet Marine Plus Flakes Flocos NutriDiet Marine Plus Aprimorado com adi\u00e7\u00e3o de camar\u00e3o, pl\u00e2ncton e algas de Chlorella Aprimorado com o Entice para atrair comedores mimados e melhorar a palatabilidade Cont\u00e9m prote\u00ednas e hidrolisados, que reduzem o desperd\u00edcio e beneficiam a absor\u00e7\u00e3o de nutrientes, bem como o sistema imunol\u00f3gico de peixes e invertidos O NutriDiet [&hellip;]<\/p>\n","protected":false},"featured_media":3548,"comment_status":"open","ping_status":"closed","template":"","meta":{"googlesitekit_rrm_CAow0N7NCw:productID":"","content-type":"","pmpro_default_level":"","_themeisle_gutenberg_block_has_review":false},"product_brand":[402],"product_cat":[57],"product_tag":[],"class_list":{"0":"post-3549","1":"product","2":"type-product","3":"status-publish","4":"has-post-thumbnail","6":"product_brand-seachem","7":"product_cat-alimentos","8":"pmpro-has-access","10":"first","11":"outofstock","12":"taxable","13":"shipping-taxable","14":"purchasable","15":"product-type-simple"},"_links":{"self":[{"href":"https:\/\/dinhosreef.com\/en\/wp-json\/wp\/v2\/product\/3549","targetHints":{"allow":["GET"]}}],"collection":[{"href":"https:\/\/dinhosreef.com\/en\/wp-json\/wp\/v2\/product"}],"about":[{"href":"https:\/\/dinhosreef.com\/en\/wp-json\/wp\/v2\/types\/product"}],"replies":[{"embeddable":true,"href":"https:\/\/dinhosreef.com\/en\/wp-json\/wp\/v2\/comments?post=3549"}],"wp:featuredmedia":[{"embeddable":true,"href":"https:\/\/dinhosreef.com\/en\/wp-json\/wp\/v2\/media\/3548"}],"wp:attachment":[{"href":"https:\/\/dinhosreef.com\/en\/wp-json\/wp\/v2\/media?parent=3549"}],"wp:term":[{"taxonomy":"product_brand","embeddable":true,"href":"https:\/\/dinhosreef.com\/en\/wp-json\/wp\/v2\/product_brand?post=3549"},{"taxonomy":"product_cat","embeddable":true,"href":"https:\/\/dinhosreef.com\/en\/wp-json\/wp\/v2\/product_cat?post=3549"},{"taxonomy":"product_tag","embeddable":true,"href":"https:\/\/dinhosreef.com\/en\/wp-json\/wp\/v2\/product_tag?post=3549"}],"curies":[{"name":"wp","href":"https:\/\/api.w.org\/{rel}","templated":true}]}}