{"id":3551,"date":"2025-02-15T10:21:23","date_gmt":"2025-02-15T13:21:23","guid":{"rendered":"https:\/\/dinhosreef.com\/produto\/racao-seachem-nutridiet-marine-100g-para-peixes-marinho-2\/"},"modified":"2026-02-02T15:01:49","modified_gmt":"2026-02-02T18:01:49","slug":"racao-seachem-nutridiet-marine-100g-para-peixes-marinho-2","status":"publish","type":"product","link":"https:\/\/dinhosreef.com\/en\/product\/racao-seachem-nutridiet-marine-100g-para-peixes-marinho-2\/","title":{"rendered":"Ra\u00e7\u00e3o Seachem Nutridiet Marine 100g Para Peixes Marinho"},"content":{"rendered":"<p>Descri\u00e7\u00e3o O NutriDiet\u00ae Marine Flakes \u00e9 uma dieta premium e nutricionalmente equilibrada, formulada para atender aos requisitos de todos os peixes marinhos. Cont\u00e9m apenas ingredientes da mais alta qualidade, incluindo peixe, camar\u00e3o e lula sem enchimentos de baixo valor nutricional. Assim como todos os Seachem NutriDiets, os Marine Flakes t\u00eam as Chlorella Algae como uma fonte excepcional de uma ampla gama de vitaminas, amino\u00e1cidos e todos os outros nutrientes necess\u00e1rios para a vida animal. A Chlorella Algae \u00e9 considerada um superalimento potencial que supera em muito os nutrientes fornecidos pela Spirulina Algae comum a outras dietas. \u00c9 aprimorado com o Entice \u2122 para atrair comedores mimados e melhorar a palatabilidade. Al\u00e9m disso, os Marine Flakes cont\u00eam GarlicGuard \u2122 como estimulante do apetite. Os altos n\u00edveis de vitamina C na dieta s\u00e3o especialmente importantes para a sa\u00fade dos peixes marinhos. A vitamina C \u00e9 um cofator nos processos necess\u00e1rios para a forma\u00e7\u00e3o de tecido conjuntivo, tecido cicatricial no reparo de feridas e matriz \u00f3ssea. Essa \u00e9 uma vitamina dif\u00edcil para os peixes adquirirem em sua dieta natural, mas \u00e9 fundamental para resolver os problemas de cura e crescimento. Os flocos marinhos tamb\u00e9m cont\u00eam probi\u00f3ticos, que ajudam o sistema digestivo dos peixes e invertem-se promovendo a absor\u00e7\u00e3o de nutrientes, reduzindo o desperd\u00edcio e apoiando o sistema imunol\u00f3gico.<\/p>","protected":false},"excerpt":{"rendered":"<p>Descri\u00e7\u00e3o O NutriDiet\u00ae Marine Flakes \u00e9 uma dieta premium e nutricionalmente equilibrada, formulada para atender aos requisitos de todos os peixes marinhos. Cont\u00e9m apenas ingredientes da mais alta qualidade, incluindo peixe, camar\u00e3o e lula sem enchimentos de baixo valor nutricional. Assim como todos os Seachem NutriDiets, os Marine Flakes t\u00eam as Chlorella Algae como uma [&hellip;]<\/p>\n","protected":false},"featured_media":3550,"comment_status":"open","ping_status":"closed","template":"","meta":{"googlesitekit_rrm_CAow0N7NCw:productID":"","content-type":"","pmpro_default_level":"","_themeisle_gutenberg_block_has_review":false},"product_brand":[402],"product_cat":[57],"product_tag":[],"class_list":{"0":"post-3551","1":"product","2":"type-product","3":"status-publish","4":"has-post-thumbnail","6":"product_brand-seachem","7":"product_cat-alimentos","8":"pmpro-has-access","10":"first","11":"outofstock","12":"taxable","13":"shipping-taxable","14":"purchasable","15":"product-type-simple"},"_links":{"self":[{"href":"https:\/\/dinhosreef.com\/en\/wp-json\/wp\/v2\/product\/3551","targetHints":{"allow":["GET"]}}],"collection":[{"href":"https:\/\/dinhosreef.com\/en\/wp-json\/wp\/v2\/product"}],"about":[{"href":"https:\/\/dinhosreef.com\/en\/wp-json\/wp\/v2\/types\/product"}],"replies":[{"embeddable":true,"href":"https:\/\/dinhosreef.com\/en\/wp-json\/wp\/v2\/comments?post=3551"}],"wp:featuredmedia":[{"embeddable":true,"href":"https:\/\/dinhosreef.com\/en\/wp-json\/wp\/v2\/media\/3550"}],"wp:attachment":[{"href":"https:\/\/dinhosreef.com\/en\/wp-json\/wp\/v2\/media?parent=3551"}],"wp:term":[{"taxonomy":"product_brand","embeddable":true,"href":"https:\/\/dinhosreef.com\/en\/wp-json\/wp\/v2\/product_brand?post=3551"},{"taxonomy":"product_cat","embeddable":true,"href":"https:\/\/dinhosreef.com\/en\/wp-json\/wp\/v2\/product_cat?post=3551"},{"taxonomy":"product_tag","embeddable":true,"href":"https:\/\/dinhosreef.com\/en\/wp-json\/wp\/v2\/product_tag?post=3551"}],"curies":[{"name":"wp","href":"https:\/\/api.w.org\/{rel}","templated":true}]}}