{"id":3555,"date":"2025-02-15T10:21:34","date_gmt":"2025-02-15T13:21:34","guid":{"rendered":"https:\/\/dinhosreef.com\/produto\/racao-p-peixes-marinhos-tetra-marine-large-flakes-80g-500ml\/"},"modified":"2025-07-08T23:14:38","modified_gmt":"2025-07-09T02:14:38","slug":"racao-p-peixes-marinhos-tetra-marine-large-flakes-80g-500ml","status":"publish","type":"product","link":"https:\/\/dinhosreef.com\/en\/product\/racao-p-peixes-marinhos-tetra-marine-large-flakes-80g-500ml\/","title":{"rendered":"Ra\u00e7\u00e3o P\/ Peixes Marinhos Tetra Marine Large Flakes 80g 500ml"},"content":{"rendered":"<p><span style=\"color: #666666;font-family: 'Proxima Nova', -apple-system, Roboto, Arial, sans-serif;font-size: 20px;background-color: #ffffff\">RA\u00c7\u00c3O PARA PEIXES TETRA MARINE LARGE FLAKES 500ML \/ 800G<\/span><\/p>\n<p>&#8212;&#8212;&#8212;&#8212;&#8212;&#8212;&#8212;&#8212;&#8212;&#8212;&#8212;&#8212;&#8212;&#8212;&#8212;&#8212;&#8212;&#8212;&#8212;&#8212;&#8212;&#8212;&#8212;&#8212;&#8212;&#8212;&#8212;&#8212;&#8212;&#8212;&#8212;&#8212;&#8212;&#8211;<br style=\"color: #666666;font-family: 'Proxima Nova', -apple-system, Roboto, Arial, sans-serif;font-size: 20px;background-color: #ffffff\"><br style=\"color: #666666;font-family: 'Proxima Nova', -apple-system, Roboto, Arial, sans-serif;font-size: 20px;background-color: #ffffff\"><br style=\"color: #666666;font-family: 'Proxima Nova', -apple-system, Roboto, Arial, sans-serif;font-size: 20px;background-color: #ffffff\"><span style=\"color: #666666;font-family: 'Proxima Nova', -apple-system, Roboto, Arial, sans-serif;font-size: 20px;background-color: #ffffff\">A Ra\u00e7\u00e3o Para PeixesTetra Marine Large Flakes 500ml \/ 80g foi especialmente desenvolvida para peixes marinhos, seu formato em flocos facilita a alimenta\u00e7\u00e3o de peixes menores e possui \u00f3tima digestibilidade.<\/span><br style=\"color: #666666;font-family: 'Proxima Nova', -apple-system, Roboto, Arial, sans-serif;font-size: 20px;background-color: #ffffff\"><br style=\"color: #666666;font-family: 'Proxima Nova', -apple-system, Roboto, Arial, sans-serif;font-size: 20px;background-color: #ffffff\"><span style=\"color: #666666;font-family: 'Proxima Nova', -apple-system, Roboto, Arial, sans-serif;font-size: 20px;background-color: #ffffff\">Sua composi\u00e7\u00e3o possui qualidade premium e traz o diferencial de n\u00e3o soltar res\u00edduos na \u00e1gua, aumentar a cor e melhorar a vitalidade do peixe.<\/span><br style=\"color: #666666;font-family: 'Proxima Nova', -apple-system, Roboto, Arial, sans-serif;font-size: 20px;background-color: #ffffff\"><br style=\"color: #666666;font-family: 'Proxima Nova', -apple-system, Roboto, Arial, sans-serif;font-size: 20px;background-color: #ffffff\"><br style=\"color: #666666;font-family: 'Proxima Nova', -apple-system, Roboto, Arial, sans-serif;font-size: 20px;background-color: #ffffff\"><span style=\"color: #666666;font-family: 'Proxima Nova', -apple-system, Roboto, Arial, sans-serif;font-size: 20px;background-color: #ffffff\">Tetra\u00ae &#8211; Pioneirismo e lideran\u00e7a! A Tetra\u00ae foi a primeira empresa no mundo a desenvolver um alimento em flocos para peixes ornamentais. Depois disso, a evolu\u00e7\u00e3o e pesquisa continuaram e continuam a todo vapor! S\u00e3o 70 anos a frente desenvolvendo o que existe de melhor e mais moderno para peixes!<\/span><br style=\"color: #666666;font-family: 'Proxima Nova', -apple-system, Roboto, Arial, sans-serif;font-size: 20px;background-color: #ffffff\"><br style=\"color: #666666;font-family: 'Proxima Nova', -apple-system, Roboto, Arial, sans-serif;font-size: 20px;background-color: #ffffff\"><span style=\"color: #666666;font-family: 'Proxima Nova', -apple-system, Roboto, Arial, sans-serif;font-size: 20px;background-color: #ffffff\">Modo de Usar:<\/span><br style=\"color: #666666;font-family: 'Proxima Nova', -apple-system, Roboto, Arial, sans-serif;font-size: 20px;background-color: #ffffff\"><span style=\"color: #666666;font-family: 'Proxima Nova', -apple-system, Roboto, Arial, sans-serif;font-size: 20px;background-color: #ffffff\">Pode ser oferecida de 2 a 3 vezes ao dia de modo que todos os peixes se alimentem em at\u00e9 5 minutos, caso sobre comida retire do aqu\u00e1rio e jogue fora para que n\u00e3o altere os par\u00e2metros do aqu\u00e1rio. A quantidade pode variar dependendo dos seus peixes, por isso fique de olho quando for alimentar.<\/span><br style=\"color: #666666;font-family: 'Proxima Nova', -apple-system, Roboto, Arial, sans-serif;font-size: 20px;background-color: #ffffff\"><br style=\"color: #666666;font-family: 'Proxima Nova', -apple-system, Roboto, Arial, sans-serif;font-size: 20px;background-color: #ffffff\"><br style=\"color: #666666;font-family: 'Proxima Nova', -apple-system, Roboto, Arial, sans-serif;font-size: 20px;background-color: #ffffff\"><span style=\"color: #666666;font-family: 'Proxima Nova', -apple-system, Roboto, Arial, sans-serif;font-size: 20px;background-color: #ffffff\">D\u00favidas Frequ\u00eantes<\/span><br style=\"color: #666666;font-family: 'Proxima Nova', -apple-system, Roboto, Arial, sans-serif;font-size: 20px;background-color: #ffffff\"><br style=\"color: #666666;font-family: 'Proxima Nova', -apple-system, Roboto, Arial, sans-serif;font-size: 20px;background-color: #ffffff\"><span style=\"color: #666666;font-family: 'Proxima Nova', -apple-system, Roboto, Arial, sans-serif;font-size: 20px;background-color: #ffffff\">&#8211; Posso fornecer o mesmo alimento para diferentes peixes?<\/span><br style=\"color: #666666;font-family: 'Proxima Nova', -apple-system, Roboto, Arial, sans-serif;font-size: 20px;background-color: #ffffff\"><br style=\"color: #666666;font-family: 'Proxima Nova', -apple-system, Roboto, Arial, sans-serif;font-size: 20px;background-color: #ffffff\"><span style=\"color: #666666;font-family: 'Proxima Nova', -apple-system, Roboto, Arial, sans-serif;font-size: 20px;background-color: #ffffff\">Deve-se atentar que cada peixe possui uma exig\u00eancia nutricional e forma de alimenta\u00e7\u00e3o.<\/span><br style=\"color: #666666;font-family: 'Proxima Nova', -apple-system, Roboto, Arial, sans-serif;font-size: 20px;background-color: #ffffff\"><br style=\"color: #666666;font-family: 'Proxima Nova', -apple-system, Roboto, Arial, sans-serif;font-size: 20px;background-color: #ffffff\"><span style=\"color: #666666;font-family: 'Proxima Nova', -apple-system, Roboto, Arial, sans-serif;font-size: 20px;background-color: #ffffff\">&#8211; Qual a melhor ra\u00e7\u00e3o para peixes?<\/span><br style=\"color: #666666;font-family: 'Proxima Nova', -apple-system, Roboto, Arial, sans-serif;font-size: 20px;background-color: #ffffff\"><br style=\"color: #666666;font-family: 'Proxima Nova', -apple-system, Roboto, Arial, sans-serif;font-size: 20px;background-color: #ffffff\"><span style=\"color: #666666;font-family: 'Proxima Nova', -apple-system, Roboto, Arial, sans-serif;font-size: 20px;background-color: #ffffff\">Procure sempre uma especifica para o seu tipo de peixe.<\/span><br style=\"color: #666666;font-family: 'Proxima Nova', -apple-system, Roboto, Arial, sans-serif;font-size: 20px;background-color: #ffffff\"><br style=\"color: #666666;font-family: 'Proxima Nova', -apple-system, Roboto, Arial, sans-serif;font-size: 20px;background-color: #ffffff\"><span style=\"color: #666666;font-family: 'Proxima Nova', -apple-system, Roboto, Arial, sans-serif;font-size: 20px;background-color: #ffffff\">Entregamos para todo Brasil.<\/span><br style=\"color: #666666;font-family: 'Proxima Nova', -apple-system, Roboto, Arial, sans-serif;font-size: 20px;background-color: #ffffff\"><br style=\"color: #666666;font-family: 'Proxima Nova', -apple-system, Roboto, Arial, sans-serif;font-size: 20px;background-color: #ffffff\"><span style=\"color: #666666;font-family: 'Proxima Nova', -apple-system, Roboto, Arial, sans-serif;font-size: 20px;background-color: #ffffff\">Garantia do vendedor: 7 dias<\/span><\/p>","protected":false},"excerpt":{"rendered":"<p>RA\u00c7\u00c3O PARA PEIXES TETRA MARINE LARGE FLAKES 500ML \/ 800G &#8212;&#8212;&#8212;&#8212;&#8212;&#8212;&#8212;&#8212;&#8212;&#8212;&#8212;&#8212;&#8212;&#8212;&#8212;&#8212;&#8212;&#8212;&#8212;&#8212;&#8212;&#8212;&#8212;&#8212;&#8212;&#8212;&#8212;&#8212;&#8212;&#8212;&#8212;&#8212;&#8212;&#8211;A Ra\u00e7\u00e3o Para PeixesTetra Marine Large Flakes 500ml \/ 80g foi especialmente desenvolvida para peixes marinhos, seu formato em flocos facilita a alimenta\u00e7\u00e3o de peixes menores e possui \u00f3tima digestibilidade.Sua composi\u00e7\u00e3o possui qualidade premium e traz o diferencial de n\u00e3o soltar res\u00edduos na \u00e1gua, aumentar [&hellip;]<\/p>\n","protected":false},"featured_media":3554,"comment_status":"open","ping_status":"closed","template":"","meta":{"googlesitekit_rrm_CAow0N7NCw:productID":"","content-type":"","pmpro_default_level":"","_themeisle_gutenberg_block_has_review":false},"product_brand":[],"product_cat":[57],"product_tag":[],"class_list":{"0":"post-3555","1":"product","2":"type-product","3":"status-publish","4":"has-post-thumbnail","6":"product_cat-alimentos","7":"pmpro-has-access","9":"first","10":"outofstock","11":"taxable","12":"shipping-taxable","13":"purchasable","14":"product-type-simple"},"_links":{"self":[{"href":"https:\/\/dinhosreef.com\/en\/wp-json\/wp\/v2\/product\/3555","targetHints":{"allow":["GET"]}}],"collection":[{"href":"https:\/\/dinhosreef.com\/en\/wp-json\/wp\/v2\/product"}],"about":[{"href":"https:\/\/dinhosreef.com\/en\/wp-json\/wp\/v2\/types\/product"}],"replies":[{"embeddable":true,"href":"https:\/\/dinhosreef.com\/en\/wp-json\/wp\/v2\/comments?post=3555"}],"wp:featuredmedia":[{"embeddable":true,"href":"https:\/\/dinhosreef.com\/en\/wp-json\/wp\/v2\/media\/3554"}],"wp:attachment":[{"href":"https:\/\/dinhosreef.com\/en\/wp-json\/wp\/v2\/media?parent=3555"}],"wp:term":[{"taxonomy":"product_brand","embeddable":true,"href":"https:\/\/dinhosreef.com\/en\/wp-json\/wp\/v2\/product_brand?post=3555"},{"taxonomy":"product_cat","embeddable":true,"href":"https:\/\/dinhosreef.com\/en\/wp-json\/wp\/v2\/product_cat?post=3555"},{"taxonomy":"product_tag","embeddable":true,"href":"https:\/\/dinhosreef.com\/en\/wp-json\/wp\/v2\/product_tag?post=3555"}],"curies":[{"name":"wp","href":"https:\/\/api.w.org\/{rel}","templated":true}]}}