{"id":3565,"date":"2025-02-15T10:22:04","date_gmt":"2025-02-15T13:22:04","guid":{"rendered":"https:\/\/dinhosreef.com\/produto\/racao-de-peixes-tropical-discus-gran-d-50-plus-44g\/"},"modified":"2025-10-11T21:51:53","modified_gmt":"2025-10-12T00:51:53","slug":"racao-de-peixes-tropical-discus-gran-d-50-plus-44g","status":"publish","type":"product","link":"https:\/\/dinhosreef.com\/en\/product\/racao-de-peixes-tropical-discus-gran-d-50-plus-44g\/","title":{"rendered":"Ra\u00e7\u00e3o De Peixes Tropical Discus Gran D-50 Plus 44g"},"content":{"rendered":"<p><span style=\"color: #666666;font-family: 'Proxima Nova', -apple-system, Roboto, Arial, sans-serif;font-size: 20px;background-color: #ffffff\">A Tropical \u00e9 considerada uma das primeiras op\u00e7\u00f5es quando procuramos ra\u00e7\u00f5es para peixes ornamentais e isso n\u00e3o acontece por acaso. Fundada em 1977, \u00e9 uma empresa de destaque frente aos mais importantes fabricantes de alimentos para peixes ornamentais do mundo.<\/span><br style=\"color: #666666;font-family: 'Proxima Nova', -apple-system, Roboto, Arial, sans-serif;font-size: 20px;background-color: #ffffff\"><br style=\"color: #666666;font-family: 'Proxima Nova', -apple-system, Roboto, Arial, sans-serif;font-size: 20px;background-color: #ffffff\"><span style=\"color: #666666;font-family: 'Proxima Nova', -apple-system, Roboto, Arial, sans-serif;font-size: 20px;background-color: #ffffff\">Tropical Discus Gran D-50 Plus \u00e9 um alimento granulado com alto teor de prote\u00ednas para Acar\u00e1s-disco e outros peixes com elevadas necessidades nutricionais. Apresenta prote\u00ednas de origem animal e vegetal de f\u00e1cil assimila\u00e7\u00e3o, (peixe, krill\u2026). \u00c9 rica em amino\u00e1cidos ex\u00f3genos que garantem um crescimento e desenvolvimento saud\u00e1vel dos peixes. Seu elevado teor de vitaminas e oligoelementos asseguram uma maior vitalidade e reprodu\u00e7\u00e3o dos peixes, se alimentados regularmente com D-50 Plus Granulat.<\/span><\/p>\n<p>\u00a0<\/p>\n<p><span style=\"color: #666666;font-family: 'Proxima Nova', -apple-system, Roboto, Arial, sans-serif;font-size: 20px;background-color: #ffffff\">Principais Caracter\u00edsticas:<\/span><br style=\"color: #666666;font-family: 'Proxima Nova', -apple-system, Roboto, Arial, sans-serif;font-size: 20px;background-color: #ffffff\"><span style=\"color: #666666;font-family: 'Proxima Nova', -apple-system, Roboto, Arial, sans-serif;font-size: 20px;background-color: #ffffff\">I &#8211; Ra\u00e7\u00e3o completa e nutritiva especialmente criada para Acar\u00e1-discos;<\/span><br style=\"color: #666666;font-family: 'Proxima Nova', -apple-system, Roboto, Arial, sans-serif;font-size: 20px;background-color: #ffffff\"><span style=\"color: #666666;font-family: 'Proxima Nova', -apple-system, Roboto, Arial, sans-serif;font-size: 20px;background-color: #ffffff\">II &#8211; Excelente op\u00e7\u00e3o para aqu\u00e1rios comunit\u00e1rios com peixes exigentes;<\/span><br style=\"color: #666666;font-family: 'Proxima Nova', -apple-system, Roboto, Arial, sans-serif;font-size: 20px;background-color: #ffffff\"><span style=\"color: #666666;font-family: 'Proxima Nova', -apple-system, Roboto, Arial, sans-serif;font-size: 20px;background-color: #ffffff\">III &#8211; Real\u00e7a a colora\u00e7\u00e3o dos peixes tropicais;<\/span><br style=\"color: #666666;font-family: 'Proxima Nova', -apple-system, Roboto, Arial, sans-serif;font-size: 20px;background-color: #ffffff\"><span style=\"color: #666666;font-family: 'Proxima Nova', -apple-system, Roboto, Arial, sans-serif;font-size: 20px;background-color: #ffffff\">IV &#8211; Gr\u00e2nulos com vitaminas e minerais essenciais para o m\u00e1ximo desenvolvimento;<\/span><br style=\"color: #666666;font-family: 'Proxima Nova', -apple-system, Roboto, Arial, sans-serif;font-size: 20px;background-color: #ffffff\"><span style=\"color: #666666;font-family: 'Proxima Nova', -apple-system, Roboto, Arial, sans-serif;font-size: 20px;background-color: #ffffff\">V &#8211; N\u00e3o amolece r\u00e1pido, n\u00e3o prejudica a qualidade da \u00e1gua;<\/span><br style=\"color: #666666;font-family: 'Proxima Nova', -apple-system, Roboto, Arial, sans-serif;font-size: 20px;background-color: #ffffff\"><span style=\"color: #666666;font-family: 'Proxima Nova', -apple-system, Roboto, Arial, sans-serif;font-size: 20px;background-color: #ffffff\">VI &#8211; Excelente formato e tamanho, aceita por grande parte dos peixes tropicais;<\/span><br style=\"color: #666666;font-family: 'Proxima Nova', -apple-system, Roboto, Arial, sans-serif;font-size: 20px;background-color: #ffffff\"><span style=\"color: #666666;font-family: 'Proxima Nova', -apple-system, Roboto, Arial, sans-serif;font-size: 20px;background-color: #ffffff\">VII &#8211; Altamente nutritiva e saborosa para os animais.<\/span><br style=\"color: #666666;font-family: 'Proxima Nova', -apple-system, Roboto, Arial, sans-serif;font-size: 20px;background-color: #ffffff\"><br style=\"color: #666666;font-family: 'Proxima Nova', -apple-system, Roboto, Arial, sans-serif;font-size: 20px;background-color: #ffffff\"><span style=\"color: #666666;font-family: 'Proxima Nova', -apple-system, Roboto, Arial, sans-serif;font-size: 20px;background-color: #ffffff\">Descri\u00e7\u00e3o:<\/span><br style=\"color: #666666;font-family: 'Proxima Nova', -apple-system, Roboto, Arial, sans-serif;font-size: 20px;background-color: #ffffff\"><span style=\"color: #666666;font-family: 'Proxima Nova', -apple-system, Roboto, Arial, sans-serif;font-size: 20px;background-color: #ffffff\">O Discus Gran D-50 Plus \u00e9 um alimento que acentua a colora\u00e7\u00e3o dos peixes, em forma de granulado que se afunda lentamente, com elevado teor de prote\u00edna (50%) para acar\u00e1-discos jovens e adultos e outras esp\u00e9cies de peixes exigentes.<\/span><br style=\"color: #666666;font-family: 'Proxima Nova', -apple-system, Roboto, Arial, sans-serif;font-size: 20px;background-color: #ffffff\"><span style=\"color: #666666;font-family: 'Proxima Nova', -apple-system, Roboto, Arial, sans-serif;font-size: 20px;background-color: #ffffff\">A prote\u00edna, rica em amino\u00e1cidos essenciais, promove um crescimento e desenvolvimento saud\u00e1vel e o elevado teor de astaxantina promove a colora\u00e7\u00e3o mais viva dos peixes. A adi\u00e7\u00e3o de ze\u00f3lito influencia positivamente o sistema digestivo e a elimina\u00e7\u00e3o de toxinas do organismo dos peixes. O beta-glucan ajuda o sistema imunol\u00f3gico no combate a agentes patog\u00eanicos.<\/span><br style=\"color: #666666;font-family: 'Proxima Nova', -apple-system, Roboto, Arial, sans-serif;font-size: 20px;background-color: #ffffff\"><span style=\"color: #666666;font-family: 'Proxima Nova', -apple-system, Roboto, Arial, sans-serif;font-size: 20px;background-color: #ffffff\">A utiliza\u00e7\u00e3o regular deste alimento promove um crescimento e desenvolvimento saud\u00e1vel, uma intensifica\u00e7\u00e3o da cor dos peixes, melhora o sistema imunol\u00f3gico e incentiva a desova.<\/span><br style=\"color: #666666;font-family: 'Proxima Nova', -apple-system, Roboto, Arial, sans-serif;font-size: 20px;background-color: #ffffff\"><span style=\"color: #666666;font-family: 'Proxima Nova', -apple-system, Roboto, Arial, sans-serif;font-size: 20px;background-color: #ffffff\">Recomenda\u00e7\u00e3o de Alimenta\u00e7\u00e3o: v\u00e1rias vezes ao dia, em pequenas quantidades.<\/span><br style=\"color: #666666;font-family: 'Proxima Nova', -apple-system, Roboto, Arial, sans-serif;font-size: 20px;background-color: #ffffff\"><span style=\"color: #666666;font-family: 'Proxima Nova', -apple-system, Roboto, Arial, sans-serif;font-size: 20px;background-color: #ffffff\">A Tropical \u00e9 considerada uma das primeiras op\u00e7\u00f5es quando procuramos ra\u00e7\u00f5es para peixes ornamentais e isso n\u00e3o acontece por acaso. Fundada em 1977, \u00e9 uma empresa de destaque frente aos mais importantes fabricantes de alimentos para peixes ornamentais do mundo.<\/span><br style=\"color: #666666;font-family: 'Proxima Nova', -apple-system, Roboto, Arial, sans-serif;font-size: 20px;background-color: #ffffff\"><br style=\"color: #666666;font-family: 'Proxima Nova', -apple-system, Roboto, Arial, sans-serif;font-size: 20px;background-color: #ffffff\"><span style=\"color: #666666;font-family: 'Proxima Nova', -apple-system, Roboto, Arial, sans-serif;font-size: 20px;background-color: #ffffff\">Atributos do Produto:<\/span><br style=\"color: #666666;font-family: 'Proxima Nova', -apple-system, Roboto, Arial, sans-serif;font-size: 20px;background-color: #ffffff\"><span style=\"color: #666666;font-family: 'Proxima Nova', -apple-system, Roboto, Arial, sans-serif;font-size: 20px;background-color: #ffffff\">Marca: Tropical<\/span><br style=\"color: #666666;font-family: 'Proxima Nova', -apple-system, Roboto, Arial, sans-serif;font-size: 20px;background-color: #ffffff\"><span style=\"color: #666666;font-family: 'Proxima Nova', -apple-system, Roboto, Arial, sans-serif;font-size: 20px;background-color: #ffffff\">Modelo: Discus Gran D-50 Plus 44g<\/span><br style=\"color: #666666;font-family: 'Proxima Nova', -apple-system, Roboto, Arial, sans-serif;font-size: 20px;background-color: #ffffff\"><span style=\"color: #666666;font-family: 'Proxima Nova', -apple-system, Roboto, Arial, sans-serif;font-size: 20px;background-color: #ffffff\">Tipo de Pet: Peixes<\/span><br style=\"color: #666666;font-family: 'Proxima Nova', -apple-system, Roboto, Arial, sans-serif;font-size: 20px;background-color: #ffffff\"><span style=\"color: #666666;font-family: 'Proxima Nova', -apple-system, Roboto, Arial, sans-serif;font-size: 20px;background-color: #ffffff\">Tipo de \u00c1gua: Doce<\/span><br style=\"color: #666666;font-family: 'Proxima Nova', -apple-system, Roboto, Arial, sans-serif;font-size: 20px;background-color: #ffffff\"><span style=\"color: #666666;font-family: 'Proxima Nova', -apple-system, Roboto, Arial, sans-serif;font-size: 20px;background-color: #ffffff\">Formato Alimento: Gr\u00e3os<\/span><br style=\"color: #666666;font-family: 'Proxima Nova', -apple-system, Roboto, Arial, sans-serif;font-size: 20px;background-color: #ffffff\"><span style=\"color: #666666;font-family: 'Proxima Nova', -apple-system, Roboto, Arial, sans-serif;font-size: 20px;background-color: #ffffff\">Peso L\u00edq. Produto (Kg): 0,044<\/span><br style=\"color: #666666;font-family: 'Proxima Nova', -apple-system, Roboto, Arial, sans-serif;font-size: 20px;background-color: #ffffff\"><span style=\"color: #666666;font-family: 'Proxima Nova', -apple-system, Roboto, Arial, sans-serif;font-size: 20px;background-color: #ffffff\">Composi\u00e7\u00e3o|Formula\u00e7\u00e3o: Peixes e subprodutos de peixes, extratos de prote\u00ednas vegetais, subprodutos de origem vegetal (incluindo extrato de piment\u00e3o vermelho 3 000 mg\/kg), moluscos e crust\u00e1ceos, cereais, algas (Spirulina platensis min. 1,5%), leveduras (incluindo Beta-1,3\/1,6-Glucan 1 000 mg\/kg), \u00f3leos e gorduras, subst\u00e2ncias minerais (incluindo ze\u00f3lito 1%). Aditivos (por kg): Vitaminas, provitaminas e subst\u00e2ncias quimicamente bem definidas de efeito semelhante. Vitamina A 31.000IU, Vitamina D3 1.950IU, Vitamina E 110mg, Vitamina C 550mg, Betacaroteno 140mg.<\/span><br style=\"color: #666666;font-family: 'Proxima Nova', -apple-system, Roboto, Arial, sans-serif;font-size: 20px;background-color: #ffffff\"><span style=\"color: #666666;font-family: 'Proxima Nova', -apple-system, Roboto, Arial, sans-serif;font-size: 20px;background-color: #ffffff\">Concentra\u00e7\u00f5es M\u00ednimas: Ferro: 40,5 mg\/kg, Zinco: 11,2 mg\/kg, Mangan\u00eas: 8,4 mg\/kg, Cobre: 2,0 mg\/kg, Iodo: 0,24 mg\/kg, Sel\u00eanio: 0,24 mg\/kg, Molibd\u00eanio: 0,05 mg\/kg, Astaxantina: 120 mg\/kg, Prote\u00edna bruta: 50,0%, Mat\u00e9ria gorda bruta: 7,5%, Fibra bruta: 3,0%, Umidade: 8,0%.<\/span><\/p>","protected":false},"excerpt":{"rendered":"<p>A Tropical \u00e9 considerada uma das primeiras op\u00e7\u00f5es quando procuramos ra\u00e7\u00f5es para peixes ornamentais e isso n\u00e3o acontece por acaso. Fundada em 1977, \u00e9 uma empresa de destaque frente aos mais importantes fabricantes de alimentos para peixes ornamentais do mundo.Tropical Discus Gran D-50 Plus \u00e9 um alimento granulado com alto teor de prote\u00ednas para Acar\u00e1s-disco [&hellip;]<\/p>\n","protected":false},"featured_media":3564,"comment_status":"open","ping_status":"closed","template":"","meta":{"googlesitekit_rrm_CAow0N7NCw:productID":"","content-type":"","pmpro_default_level":"","_themeisle_gutenberg_block_has_review":false},"product_brand":[],"product_cat":[57],"product_tag":[],"class_list":{"0":"post-3565","1":"product","2":"type-product","3":"status-publish","4":"has-post-thumbnail","6":"product_cat-alimentos","7":"pmpro-has-access","9":"first","10":"outofstock","11":"taxable","12":"shipping-taxable","13":"purchasable","14":"product-type-simple"},"_links":{"self":[{"href":"https:\/\/dinhosreef.com\/en\/wp-json\/wp\/v2\/product\/3565","targetHints":{"allow":["GET"]}}],"collection":[{"href":"https:\/\/dinhosreef.com\/en\/wp-json\/wp\/v2\/product"}],"about":[{"href":"https:\/\/dinhosreef.com\/en\/wp-json\/wp\/v2\/types\/product"}],"replies":[{"embeddable":true,"href":"https:\/\/dinhosreef.com\/en\/wp-json\/wp\/v2\/comments?post=3565"}],"wp:featuredmedia":[{"embeddable":true,"href":"https:\/\/dinhosreef.com\/en\/wp-json\/wp\/v2\/media\/3564"}],"wp:attachment":[{"href":"https:\/\/dinhosreef.com\/en\/wp-json\/wp\/v2\/media?parent=3565"}],"wp:term":[{"taxonomy":"product_brand","embeddable":true,"href":"https:\/\/dinhosreef.com\/en\/wp-json\/wp\/v2\/product_brand?post=3565"},{"taxonomy":"product_cat","embeddable":true,"href":"https:\/\/dinhosreef.com\/en\/wp-json\/wp\/v2\/product_cat?post=3565"},{"taxonomy":"product_tag","embeddable":true,"href":"https:\/\/dinhosreef.com\/en\/wp-json\/wp\/v2\/product_tag?post=3565"}],"curies":[{"name":"wp","href":"https:\/\/api.w.org\/{rel}","templated":true}]}}