{"id":3591,"date":"2025-02-15T10:22:43","date_gmt":"2025-02-15T13:22:43","guid":{"rendered":"https:\/\/dinhosreef.com\/produto\/racao-vitalis-platinum-marine-flakes-22g-aquatic-nutrition\/"},"modified":"2025-07-15T19:48:23","modified_gmt":"2025-07-15T22:48:23","slug":"racao-vitalis-platinum-marine-flakes-22g-aquatic-nutrition","status":"publish","type":"product","link":"https:\/\/dinhosreef.com\/en\/product\/racao-vitalis-platinum-marine-flakes-22g-aquatic-nutrition\/","title":{"rendered":"Ra\u00e7\u00e3o Vitalis Platinum Marine Flakes 22g Aquatic Nutrition"},"content":{"rendered":"<p>FLOCOS MARINHOS DE PLATINA<\/p>\n<p>Nossos Platinum Marine Flakes s\u00e3o uma ra\u00e7\u00e3o completa para peixes. Formulado para incluir ingredientes-chave para apoiar o sistema imunol\u00f3gico e maximizar a sa\u00fade e a condi\u00e7\u00e3o.<\/p>\n<p>\u00a0<\/p>\n<p>\u00a0<\/p>\n<p>\u00a0<\/p>\n<p>Incorporando toda a nutri\u00e7\u00e3o de alta qualidade de nosso principal Marine Flake, nossos Platinum Marine Flakes tamb\u00e9m incluem os principais componentes diet\u00e9ticos projetados para apoiar o sistema imunol\u00f3gico e maximizar a sa\u00fade e a condi\u00e7\u00e3o. Veja nossa ESTRAT\u00c9GIA DE ALIMENTA\u00c7\u00c3O MARINHA PLATINUM para mais detalhes.<\/p>\n<p>\u00a0<\/p>\n<p>\u00a0<\/p>\n<p>\u00a0<\/p>\n<p>Cada uma de nossas dietas em flocos \u00e9 grande para alimentar a diversidade. Isso permite que voc\u00ea esmague os flocos de acordo com o tamanho e o n\u00famero de peixes em seu aqu\u00e1rio.<\/p>\n<p>\u00a0<\/p>\n<p>\u00a0<\/p>\n<p>Floco<\/p>\n<p>Tamanhos de pote: 22g, 40g, 250g<\/p>\n<p>Formulado para todos os peixes marinhos tropicais, incluindo:<\/p>\n<p>\u00a0<\/p>\n<p>Peixe-palha\u00e7o, Peixe-anjo, Peixe-borboleta, Anthias, Peixe-le\u00e3o, Gramma, Enguia de jardim, Damselfish, Wrasse e Hawkfish.<\/p>","protected":false},"excerpt":{"rendered":"<p>FLOCOS MARINHOS DE PLATINA Nossos Platinum Marine Flakes s\u00e3o uma ra\u00e7\u00e3o completa para peixes. Formulado para incluir ingredientes-chave para apoiar o sistema imunol\u00f3gico e maximizar a sa\u00fade e a condi\u00e7\u00e3o. \u00a0 \u00a0 \u00a0 Incorporando toda a nutri\u00e7\u00e3o de alta qualidade de nosso principal Marine Flake, nossos Platinum Marine Flakes tamb\u00e9m incluem os principais componentes diet\u00e9ticos [&hellip;]<\/p>\n","protected":false},"featured_media":3587,"comment_status":"open","ping_status":"closed","template":"","meta":{"googlesitekit_rrm_CAow0N7NCw:productID":"","content-type":"","pmpro_default_level":"","_themeisle_gutenberg_block_has_review":false},"product_brand":[],"product_cat":[57],"product_tag":[],"class_list":{"0":"post-3591","1":"product","2":"type-product","3":"status-publish","4":"has-post-thumbnail","6":"product_cat-alimentos","7":"aux-has-gallery","8":"pmpro-has-access","10":"first","11":"outofstock","12":"taxable","13":"shipping-taxable","14":"purchasable","15":"product-type-simple"},"_links":{"self":[{"href":"https:\/\/dinhosreef.com\/en\/wp-json\/wp\/v2\/product\/3591","targetHints":{"allow":["GET"]}}],"collection":[{"href":"https:\/\/dinhosreef.com\/en\/wp-json\/wp\/v2\/product"}],"about":[{"href":"https:\/\/dinhosreef.com\/en\/wp-json\/wp\/v2\/types\/product"}],"replies":[{"embeddable":true,"href":"https:\/\/dinhosreef.com\/en\/wp-json\/wp\/v2\/comments?post=3591"}],"wp:featuredmedia":[{"embeddable":true,"href":"https:\/\/dinhosreef.com\/en\/wp-json\/wp\/v2\/media\/3587"}],"wp:attachment":[{"href":"https:\/\/dinhosreef.com\/en\/wp-json\/wp\/v2\/media?parent=3591"}],"wp:term":[{"taxonomy":"product_brand","embeddable":true,"href":"https:\/\/dinhosreef.com\/en\/wp-json\/wp\/v2\/product_brand?post=3591"},{"taxonomy":"product_cat","embeddable":true,"href":"https:\/\/dinhosreef.com\/en\/wp-json\/wp\/v2\/product_cat?post=3591"},{"taxonomy":"product_tag","embeddable":true,"href":"https:\/\/dinhosreef.com\/en\/wp-json\/wp\/v2\/product_tag?post=3591"}],"curies":[{"name":"wp","href":"https:\/\/api.w.org\/{rel}","templated":true}]}}