{"id":3644,"date":"2025-02-15T10:26:01","date_gmt":"2025-02-15T13:26:01","guid":{"rendered":"https:\/\/dinhosreef.com\/produto\/nutridiet-shirimp-flakes-w-pro-15g-seachem\/"},"modified":"2026-02-02T15:00:43","modified_gmt":"2026-02-02T18:00:43","slug":"nutridiet-shirimp-flakes-w-pro-15g-seachem","status":"publish","type":"product","link":"https:\/\/dinhosreef.com\/en\/product\/nutridiet-shirimp-flakes-w-pro-15g-seachem\/","title":{"rendered":"NUTRIDIET SHIRIMP FLAKES W PRO 15G  &#8211;  SEACHEM"},"content":{"rendered":"<p>NutriDiet\u00ae Shrimp Flakes Seachem \u00e9 uma dieta de alta qualidade e equilibrada nutricionalmente, formulada para atender \u00e0s necessidades de todos os peixes. Cont\u00e9m ingredientes de alta qualidade, incluindo camar\u00e3o, lula e peixe. Inclui todos os componentes importantes necess\u00e1rios nas dietas de peixes marinhos e de \u00e1gua doce: prote\u00ednas, gorduras, carboidratos, vitaminas e minerais.<\/p>\n<p>Inclu\u00eddo no NutriDiet\u00ae Shrimp Flakes est\u00e1 o Seachem GarlicGuard \u2122, que estimula o apetite e aumenta a palatabilidade. Os altos n\u00edveis de vitamina C na dieta s\u00e3o especialmente importantes para a sa\u00fade dos peixes marinhos.<\/p>\n<p>\u00c9 ideal para peixes marinhos e de \u00e1gua doce carn\u00edvoros e on\u00edvoros. Rico em prote\u00ednas marinhas e uma grande variedade de vitaminas e minerais. Promove a melhor absor\u00e7\u00e3o de nutrientes, reduz o volume de dejetos e apoia o sistema imunol\u00f3gico.<\/p>\n<p>A vitamina C, um cofator nos processos necess\u00e1rios para a forma\u00e7\u00e3o de tecido conjuntivo, tecido de cicatriza\u00e7\u00e3o no reparo de feridas e matriz \u00f3ssea. A vitamina C \u00e9 dif\u00edcil para os peixes adquirirem em uma dieta natural, mas \u00e9 fundamental para promover a cura e crescimento em muitos peixes.<\/p>\n<p>NutriDiet\u00ae Shrimp Flakes tamb\u00e9m cont\u00eam probi\u00f3ticos, que ajudam no sistema digestivo dos peixes, promovendo a m\u00e1xima absor\u00e7\u00e3o de nutrientes, reduzindo a quantidade de dejetos e apoiando o sistema imunol\u00f3gico.<\/p>\n<p>* Imagens Meramente Ilustrativas *<\/p>","protected":false},"excerpt":{"rendered":"<p>NutriDiet\u00ae Shrimp Flakes Seachem \u00e9 uma dieta de alta qualidade e equilibrada nutricionalmente, formulada para atender \u00e0s necessidades de todos os peixes. Cont\u00e9m ingredientes de alta qualidade, incluindo camar\u00e3o, lula e peixe. Inclui todos os componentes importantes necess\u00e1rios nas dietas de peixes marinhos e de \u00e1gua doce: prote\u00ednas, gorduras, carboidratos, vitaminas e minerais. Inclu\u00eddo no [&hellip;]<\/p>\n","protected":false},"featured_media":3643,"comment_status":"open","ping_status":"closed","template":"","meta":{"googlesitekit_rrm_CAow0N7NCw:productID":"","content-type":"","pmpro_default_level":"","_themeisle_gutenberg_block_has_review":false},"product_brand":[402],"product_cat":[57],"product_tag":[],"class_list":{"0":"post-3644","1":"product","2":"type-product","3":"status-publish","4":"has-post-thumbnail","6":"product_brand-seachem","7":"product_cat-alimentos","8":"pmpro-has-access","10":"first","11":"outofstock","12":"taxable","13":"shipping-taxable","14":"purchasable","15":"product-type-simple"},"_links":{"self":[{"href":"https:\/\/dinhosreef.com\/en\/wp-json\/wp\/v2\/product\/3644","targetHints":{"allow":["GET"]}}],"collection":[{"href":"https:\/\/dinhosreef.com\/en\/wp-json\/wp\/v2\/product"}],"about":[{"href":"https:\/\/dinhosreef.com\/en\/wp-json\/wp\/v2\/types\/product"}],"replies":[{"embeddable":true,"href":"https:\/\/dinhosreef.com\/en\/wp-json\/wp\/v2\/comments?post=3644"}],"wp:featuredmedia":[{"embeddable":true,"href":"https:\/\/dinhosreef.com\/en\/wp-json\/wp\/v2\/media\/3643"}],"wp:attachment":[{"href":"https:\/\/dinhosreef.com\/en\/wp-json\/wp\/v2\/media?parent=3644"}],"wp:term":[{"taxonomy":"product_brand","embeddable":true,"href":"https:\/\/dinhosreef.com\/en\/wp-json\/wp\/v2\/product_brand?post=3644"},{"taxonomy":"product_cat","embeddable":true,"href":"https:\/\/dinhosreef.com\/en\/wp-json\/wp\/v2\/product_cat?post=3644"},{"taxonomy":"product_tag","embeddable":true,"href":"https:\/\/dinhosreef.com\/en\/wp-json\/wp\/v2\/product_tag?post=3644"}],"curies":[{"name":"wp","href":"https:\/\/api.w.org\/{rel}","templated":true}]}}