{"id":3926,"date":"2025-02-20T09:47:10","date_gmt":"2025-02-20T12:47:10","guid":{"rendered":"https:\/\/dinhosreef.com\/produto\/bomba-submersa-oceantech-dc-6000-l-h-55w-controladora\/"},"modified":"2025-11-10T19:38:11","modified_gmt":"2025-11-10T22:38:11","slug":"bomba-submersa-oceantech-dc-6000-l-h-55w-controladora","status":"publish","type":"product","link":"https:\/\/dinhosreef.com\/en\/product\/bomba-submersa-oceantech-dc-6000-l-h-55w-controladora\/","title":{"rendered":"Bomba Submersa Oceantech Dc-6000 L\/h 55w Controladora"},"content":{"rendered":"<p><em>ESTOQUE ATUALIZADO &#8211; NOVO MODELO OCEAN TECH BOMBA DC-6000 &#8211; 6.000l\/h BIVOLT<\/em> &#8212;&#8212;&#8212;&#8212;&#8212;&#8212;&#8212;&#8212;&#8212;&#8212;&#8212;&#8212;&#8212;&#8212;&#8212;&#8212;&#8212;&#8212;&#8212;&#8212;&#8212;&#8212;&#8212;&#8212;&#8212;&#8212;&#8212;&#8212;&#8212;&#8212;&#8212;&#8212;&#8212;&#8212;&#8212;&#8212;&#8212;&#8212;&#8212;&#8212;&#8212;&#8212;&#8212; PRODUTO ORIGINAL OCEANTECH &#8212;&#8212;&#8212;&#8212;&#8212;&#8212;&#8212;&#8212;&#8212;&#8212;&#8212;&#8212;&#8212;&#8212;&#8212;&#8212;&#8212;&#8212;&#8212;&#8212;&#8212;&#8212;&#8212;&#8212;&#8212;&#8212;&#8212;&#8212;&#8212;&#8212;&#8212;&#8212;&#8212;&#8212;&#8212;&#8212;&#8212;&#8212;&#8212;&#8212;&#8212;&#8212;&#8212; -MAIS POTENTE ! -Design Atualizado; &gt;Produto \u00e0 Pronta Entrega para Envio Imediato!&lt; -&gt; \u00c9 um Produto Testado e Aprovado Pelos Consumidores de Todo Brasil! -Produto Robusto -Projetado Para Uso Constante; -Extremamente Resistente e Potente! -Nossas Bombas de \u00c1gua S\u00e3o Testados UM POR UM Antes do Envio! -Voc\u00ea Pode Contar Com Todo Suporte P\u00f3s-Venda da Nossa Equipe -Somos Uma Distribuidora Autorizada! -Produto com Garantia de 1 ano! N\u00e3o \u00e9 de hoje que sabemos a import\u00e2ncia de um fluxo constante para uma boa filtragem, seja em aqu\u00e1rios ou lagos ornamentais, para isso precisamos ter uma bomba dur\u00e1vel, econ\u00f4mica e segura. A Ocean Tech tr\u00e1s at\u00e9 voc\u00ea tudo isso e um pouco mais com a sua linha ECO. O controlador eletr\u00f4nico de fluxo garante um controle total e adapta\u00e7\u00e3o a diferentes exig\u00eancias de cada projeto, al\u00e9m disso ele garante a possibilidade de substitui\u00e7\u00e3o de apenas parte do produto quando houver a necessidade. Toda a linha DC PUMP Ocean Tech se destaca pela economia de energia e pelas quatros funcionalidades que s\u00e3o extremamente \u00fateis. Principais vantagens: &#8211; Bombas DC Bivolt; &#8211; Motor e driver separados com 3 metros de cabo (consulte modelo), permitindo uma instala\u00e7\u00e3o totalmente segura; &#8211; Chip inteligente, desliga a bomba no caso de falta de \u00e1gua ou obstru\u00e7\u00e3o; &#8211; Bomba De 3.000 at\u00e9 6.000 mil litros\/hora; &#8211; Eixo cer\u00e2mico resistente a corros\u00e3o, ultra silenciosa, dur\u00e1vel; &#8211; Baixo consumo (at\u00e9 65% de economia); &#8211; Para uso em \u00e1gua doce ou salgada. Funcionalidades: -A primeira \u00e9 o controle eletr\u00f4nico de vaz\u00e3o. Muitas pessoas ficam na d\u00favida sobre a vaz\u00e3o ideal, a vaz\u00e3o que o seu sistema suporta e a possibilidade de amplia\u00e7\u00e3o futura dos seus projetos. Com essa regulagem voc\u00ea pode usar uma bomba mais forte do que o necess\u00e1rio para o momento e regular a vaz\u00e3o ideal atrav\u00e9s do controlador eletr\u00f4nico,com o simples apertar de 1 bot\u00e3o, dispensando a necessidade de registros que \u201cestrangulam\u201d a bomba, fazendo com que ela trabalhe sobrecarregada. -A segunda \u00e9 o bot\u00e3o Feed. Quando pressionado ele interrompe o funcionamento da bomba por 5 minutos. Tempo suficiente para realizar pequenas manuten\u00e7\u00f5es no seu filtro ao alimentar os peixes sem que a comida seja sugada para o filtro. -A terceira \u00e9 uma das mais importantes, a fun\u00e7\u00e3o anti travamento. Caso algo grande bloqueie a rota\u00e7\u00e3o do impeller, esgotadas as tentativas de destravamento,o controlador interrompe o funcionamento, evitando que o seu equipamento seja danificado. -A quarta tamb\u00e9m \u00e9 uma fun\u00e7\u00e3o de seguran\u00e7a, a fun\u00e7\u00e3o anti secamento. No caso de secamento do compartimento onde a bomba est\u00e1 instalada, ap\u00f3s algumas tentativas de normaliza\u00e7\u00e3o do sistema, o controlador desativa o funcionamento, garantindo que o equipamento n\u00e3o exceda sua rota\u00e7\u00e3o m\u00e1xima, superaque\u00e7a e seja permanentemente danificado. Manuten\u00e7\u00e3o: -Lavar apenas com \u00e1gua; -Remover o acumolo de res\u00edduos com um pincel; -O usu\u00e1rio deve inspecionar o impeller periodicamente para obstru\u00e7\u00f5es e desgaste prematuro; -A bomba deve ser limpa com \u00e1gua e um pincel para remover res\u00edduos acumulados; -Substitua qualquer pe\u00e7a danificada apenas por pe\u00e7as originais; -Desconecte da tomada antes de qualquer manuten\u00e7\u00e3o; Informa\u00e7\u00f5es T\u00e9cnicas &#8211; Modelo: DC-6.000 &#8211; Pot\u00eancia: 55W &#8211; Voltagem: BIVOLT 24V &#8211; Vaz\u00e3o M\u00ednima: 3.000L\/h &#8211; Vaz\u00e3o M\u00e1xima: 6.000L\/h &#8211; Coluna da \u00c1gua: 3,6m &#8211; Conex\u00f5es: 20|25|30|40mm &#8211; Dimens\u00f5es (CxLxA): 21 x 9 x 12,5cm &#8211; Cabo de Energia: 2,60m &#8211; Cabo Controlador: 1,4m<\/p>","protected":false},"excerpt":{"rendered":"<p>ESTOQUE ATUALIZADO &#8211; NOVO MODELO OCEAN TECH BOMBA DC-6000 &#8211; 6.000l\/h BIVOLT &#8212;&#8212;&#8212;&#8212;&#8212;&#8212;&#8212;&#8212;&#8212;&#8212;&#8212;&#8212;&#8212;&#8212;&#8212;&#8212;&#8212;&#8212;&#8212;&#8212;&#8212;&#8212;&#8212;&#8212;&#8212;&#8212;&#8212;&#8212;&#8212;&#8212;&#8212;&#8212;&#8212;&#8212;&#8212;&#8212;&#8212;&#8212;&#8212;&#8212;&#8212;&#8212;&#8212; PRODUTO ORIGINAL OCEANTECH &#8212;&#8212;&#8212;&#8212;&#8212;&#8212;&#8212;&#8212;&#8212;&#8212;&#8212;&#8212;&#8212;&#8212;&#8212;&#8212;&#8212;&#8212;&#8212;&#8212;&#8212;&#8212;&#8212;&#8212;&#8212;&#8212;&#8212;&#8212;&#8212;&#8212;&#8212;&#8212;&#8212;&#8212;&#8212;&#8212;&#8212;&#8212;&#8212;&#8212;&#8212;&#8212;&#8212; -MAIS POTENTE ! -Design Atualizado; &gt;Produto \u00e0 Pronta Entrega para Envio Imediato!&lt; -&gt; \u00c9 um Produto Testado e Aprovado Pelos Consumidores de Todo Brasil! -Produto Robusto -Projetado Para Uso Constante; -Extremamente Resistente e Potente! -Nossas Bombas de \u00c1gua [&hellip;]<\/p>\n","protected":false},"featured_media":3925,"comment_status":"open","ping_status":"closed","template":"","meta":{"googlesitekit_rrm_CAow0N7NCw:productID":"","content-type":"","pmpro_default_level":"","_themeisle_gutenberg_block_has_review":false},"product_brand":[],"product_cat":[58],"product_tag":[],"class_list":{"0":"post-3926","1":"product","2":"type-product","3":"status-publish","4":"has-post-thumbnail","6":"product_cat-bombas","7":"pmpro-has-access","9":"first","10":"instock","11":"taxable","12":"shipping-taxable","13":"purchasable","14":"product-type-variable"},"_links":{"self":[{"href":"https:\/\/dinhosreef.com\/en\/wp-json\/wp\/v2\/product\/3926","targetHints":{"allow":["GET"]}}],"collection":[{"href":"https:\/\/dinhosreef.com\/en\/wp-json\/wp\/v2\/product"}],"about":[{"href":"https:\/\/dinhosreef.com\/en\/wp-json\/wp\/v2\/types\/product"}],"replies":[{"embeddable":true,"href":"https:\/\/dinhosreef.com\/en\/wp-json\/wp\/v2\/comments?post=3926"}],"wp:featuredmedia":[{"embeddable":true,"href":"https:\/\/dinhosreef.com\/en\/wp-json\/wp\/v2\/media\/3925"}],"wp:attachment":[{"href":"https:\/\/dinhosreef.com\/en\/wp-json\/wp\/v2\/media?parent=3926"}],"wp:term":[{"taxonomy":"product_brand","embeddable":true,"href":"https:\/\/dinhosreef.com\/en\/wp-json\/wp\/v2\/product_brand?post=3926"},{"taxonomy":"product_cat","embeddable":true,"href":"https:\/\/dinhosreef.com\/en\/wp-json\/wp\/v2\/product_cat?post=3926"},{"taxonomy":"product_tag","embeddable":true,"href":"https:\/\/dinhosreef.com\/en\/wp-json\/wp\/v2\/product_tag?post=3926"}],"curies":[{"name":"wp","href":"https:\/\/api.w.org\/{rel}","templated":true}]}}