{"id":3972,"date":"2025-02-23T10:41:19","date_gmt":"2025-02-23T13:41:19","guid":{"rendered":"https:\/\/dinhosreef.com\/produto\/a-granel-substrato-inerte-goldenblack-1kg-ocean-tech\/"},"modified":"2026-04-16T10:18:30","modified_gmt":"2026-04-16T13:18:30","slug":"a-granel-substrato-inerte-goldenblack-1kg-ocean-tech","status":"publish","type":"product","link":"https:\/\/dinhosreef.com\/en\/product\/a-granel-substrato-inerte-goldenblack-1kg-ocean-tech\/","title":{"rendered":"A GRANEL SUBSTRATO INERTE GOLDENBLACK 1KG &#8211;  OCEAN TECH"},"content":{"rendered":"<div class=\"container-header\">\n<div class=\"container-img-produto\">\n<div>\n<h4>A GRANEL SUBSTRATO INERTE GOLDENBLACK 1KG &#8211; OCEAN TECH<\/h4>\n<\/p><\/div>\n<\/p><\/div>\n<\/p><\/div>\n<div class=\"mensagens-header-edicao\">\n<div id=\"mensagem\" class=\"nomessage\"><\/div>\n<\/p><\/div>\n<div class=\"panel-body\">\n<div id=\"tab-geral\" class=\"tab-container\"> \u00a0<\/p>\n<\/p><\/div>\n<\/p><\/div>\n<p>OceanTech GoldenBlack \u00e9 um substrato inerte desenvolvido para aqu\u00e1rios de \u00e1gua doce, principalmente plantados, pois real\u00e7a as cores das plantas e assim deixando seu aqu\u00e1rio com um excelente visual.<\/p>\n<p>\u00c9 uma areia preta com granulometria m\u00e9dia de 2,0 a 3,0 mm.<\/p>\n<p>O substrato Golden Black \u00e9 totalmente natural, al\u00e9m de ter um pH neutro.<\/p>","protected":false},"excerpt":{"rendered":"<p>A GRANEL SUBSTRATO INERTE GOLDENBLACK 1KG &#8211; OCEAN TECH \u00a0 OceanTech GoldenBlack \u00e9 um substrato inerte desenvolvido para aqu\u00e1rios de \u00e1gua doce, principalmente plantados, pois real\u00e7a as cores das plantas e assim deixando seu aqu\u00e1rio com um excelente visual. \u00c9 uma areia preta com granulometria m\u00e9dia de 2,0 a 3,0 mm. O substrato Golden Black [&hellip;]<\/p>\n","protected":false},"featured_media":3973,"comment_status":"open","ping_status":"closed","template":"","meta":{"googlesitekit_rrm_CAow0N7NCw:productID":"","content-type":"","pmpro_default_level":"","_themeisle_gutenberg_block_has_review":false},"product_brand":[],"product_cat":[36],"product_tag":[],"class_list":{"0":"post-3972","1":"product","2":"type-product","3":"status-publish","4":"has-post-thumbnail","6":"product_cat-substrato-para-aquarios","7":"aux-has-gallery","8":"pmpro-has-access","10":"first","11":"outofstock","12":"taxable","13":"shipping-taxable","14":"purchasable","15":"product-type-simple"},"_links":{"self":[{"href":"https:\/\/dinhosreef.com\/en\/wp-json\/wp\/v2\/product\/3972","targetHints":{"allow":["GET"]}}],"collection":[{"href":"https:\/\/dinhosreef.com\/en\/wp-json\/wp\/v2\/product"}],"about":[{"href":"https:\/\/dinhosreef.com\/en\/wp-json\/wp\/v2\/types\/product"}],"replies":[{"embeddable":true,"href":"https:\/\/dinhosreef.com\/en\/wp-json\/wp\/v2\/comments?post=3972"}],"wp:featuredmedia":[{"embeddable":true,"href":"https:\/\/dinhosreef.com\/en\/wp-json\/wp\/v2\/media\/3973"}],"wp:attachment":[{"href":"https:\/\/dinhosreef.com\/en\/wp-json\/wp\/v2\/media?parent=3972"}],"wp:term":[{"taxonomy":"product_brand","embeddable":true,"href":"https:\/\/dinhosreef.com\/en\/wp-json\/wp\/v2\/product_brand?post=3972"},{"taxonomy":"product_cat","embeddable":true,"href":"https:\/\/dinhosreef.com\/en\/wp-json\/wp\/v2\/product_cat?post=3972"},{"taxonomy":"product_tag","embeddable":true,"href":"https:\/\/dinhosreef.com\/en\/wp-json\/wp\/v2\/product_tag?post=3972"}],"curies":[{"name":"wp","href":"https:\/\/api.w.org\/{rel}","templated":true}]}}