{"id":3987,"date":"2025-02-23T13:50:57","date_gmt":"2025-02-23T16:50:57","guid":{"rendered":"https:\/\/dinhosreef.com\/produto\/bahamas-sand-22-kg-oceantech\/"},"modified":"2026-01-21T06:59:13","modified_gmt":"2026-01-21T09:59:13","slug":"bahamas-sand-22-kg-oceantech","status":"publish","type":"product","link":"https:\/\/dinhosreef.com\/en\/product\/bahamas-sand-22-kg-oceantech\/","title":{"rendered":"BAHAMAS SAND 22 KG  &#8211; Oceantech"},"content":{"rendered":"<div id=\"description\" class=\"ui-pdp-container__row ui-pdp-container__row--description\">\n<div class=\"ui-pdp-collapsable ui-pdp-description-collapse\">\n<div class=\"ui-pdp-collapsable__container\">\n<div class=\"ui-pdp-description\">\n<p class=\"ui-pdp-description__content\">SUSBTRATO OCEAN TECH BAHAMAS SAND n.1<\/p>\n<p>PESO: 22Kg<\/p>\n<p>O Substrato OCEAN TECH Coral Sand Bahamas \u00e9 um cascalho a base de aragonita, ideal para aqu\u00e1rios marinhos, de corais e de \u00e1gua doce alcalinos, como os de cicl\u00eddeos africanos.<br \/>Granulometria: 1 mm<\/p>\n<p>Especifica\u00e7\u00f5es<br \/>&#8211; Composi\u00e7\u00e3o mineral de aragonita.<br \/>&#8211; Propor\u00e7\u00f5es exatas dos reefs naturais.<br \/>&#8211; Auxilia na manuten\u00e7\u00e3o do PH.<br \/>&#8211; Estrutura porosa e perme\u00e1vel para fixa\u00e7\u00e3o de bact\u00e9rias ben\u00e9ficas.<br \/>&#8211; Embalagem resistente e com al\u00e7a de apoio.<br \/>&#8211; Embalagem transparente possibilitando visualiza\u00e7\u00e3o do cascalho.<\/p>\n<p>Granulometria: 1 mm<\/p>\n<p>Caracter\u00edsticas Gerais:<\/p>\n<p>O Substrato Ocean Tech \u00e9 uma linha especializada em substratos naturais selecionados de alta qualidade e especializada nos diversos tipos de aqu\u00e1rio.<br \/>A utiliza\u00e7\u00e3o de um substrato de qualidade \u00e9 fundamental para a montagem de um aqu\u00e1rio que reproduza com fidelidade os ecossistemas marinhos, de \u00e1gua doce, plantados ou at\u00e9 mesmo ecossistemas espec\u00edficos como os lagos africanos.<br \/>Sua composi\u00e7\u00e3o mineral \u00e9 chamada Aragonita, neste caso formada basicamente de Carbonatos de C\u00e1lcio e Magn\u00e9sio, respeitando a propor\u00e7\u00e3o exata de um fundo marinho coral\u00edneo. Este cascalho auxilia na manuten\u00e7\u00e3o do pH, reposi\u00e7\u00e3o de c\u00e1lcio, magn\u00e9sio e elementos tra\u00e7o fundamentais para a manuten\u00e7\u00e3o dos aqu\u00e1rios.<br \/>Sua estrutura porosa e perme\u00e1vel permite a fixa\u00e7\u00e3o de bact\u00e9rias que auxiliam no controle de compostos nitrogenados de seu aqu\u00e1rio (am\u00f4nia, nitrito e nitrato), sendo assim uma excelente m\u00eddia.<br \/>Sua estrutura mineral permite a lenta dissolu\u00e7\u00e3o de minerais importantes para a manuten\u00e7\u00e3o da vida aqu\u00e1tica e do equil\u00edbrio qu\u00edmico, f\u00edsico e biol\u00f3gico do aqu\u00e1rio.<\/p>\n<p>INSTRU\u00c7\u00d5ES DE USO:<br \/>Cascalho pr\u00e9 lavado e esterilizado com cloro. Lave o produto antes de usar apenas com \u00e1gua corrente para retirar res\u00edduos que possam estar depositados no cascalho.<br \/>\u00c9 normal a exist\u00eancia de uma poeira junto com o cascalho proveniente do atrito entre os gr\u00e3os durante o transporte e manuseio.<\/p>\n<p>Dicas importantes:<br \/>Substratos com granulometria fina acumulam pouca sujeira ao longo do tempo, por\u00e9m exigem mais cuidado durante a limpeza e manuten\u00e7\u00e3o. Substratos com granulometria grossa acumulam mais sujeira ao longo do tempo, por\u00e9m a manuten\u00e7\u00e3o \u00e9 mais f\u00e1cil atrav\u00e9s do processo de sifonamento.<br \/>Em aqu\u00e1rios de grande porte escolha 2 tipos de granulometria permitindo assim a montagem de um substrato com grada\u00e7\u00e3o (mais grosso no fundo e o mais fino na superf\u00edcie). Durante o processo de sifonamento o cascalho novamente se arranjar\u00e1 dessa mesma maneira.<\/p>\n<\/p><\/div>\n<\/p><\/div>\n<\/p><\/div>\n<\/p><\/div>\n<div class=\"ui-vip-core-spot-middle\">\n<section class=\"ui-recommendations-carousel-wrapper-ref\">\n<div class=\"ui-recommendations-carousel-snapped ui-pdp-with--separator-top ui-pdp-with--separator-top--full mb-40 recos-override__card-vertical\">\n<div class=\"ui-recommendations-carousel-snapped__header\">\n<div class=\"ui-recommendations-carousel-snapped__header-titles\">\u00a0<\/div>\n<\/p><\/div>\n<\/p><\/div>\n<\/section><\/div>","protected":false},"excerpt":{"rendered":"<p>SUSBTRATO OCEAN TECH BAHAMAS SAND n.1 PESO: 22Kg O Substrato OCEAN TECH Coral Sand Bahamas \u00e9 um cascalho a base de aragonita, ideal para aqu\u00e1rios marinhos, de corais e de \u00e1gua doce alcalinos, como os de cicl\u00eddeos africanos.Granulometria: 1 mm Especifica\u00e7\u00f5es&#8211; Composi\u00e7\u00e3o mineral de aragonita.&#8211; Propor\u00e7\u00f5es exatas dos reefs naturais.&#8211; Auxilia na manuten\u00e7\u00e3o do PH.&#8211; [&hellip;]<\/p>\n","protected":false},"featured_media":3988,"comment_status":"open","ping_status":"closed","template":"","meta":{"googlesitekit_rrm_CAow0N7NCw:productID":"","content-type":"","pmpro_default_level":"","_themeisle_gutenberg_block_has_review":false},"product_brand":[],"product_cat":[36],"product_tag":[],"class_list":{"0":"post-3987","1":"product","2":"type-product","3":"status-publish","4":"has-post-thumbnail","6":"product_cat-substrato-para-aquarios","7":"aux-has-gallery","8":"pmpro-has-access","10":"first","11":"outofstock","12":"taxable","13":"shipping-taxable","14":"purchasable","15":"product-type-simple"},"_links":{"self":[{"href":"https:\/\/dinhosreef.com\/en\/wp-json\/wp\/v2\/product\/3987","targetHints":{"allow":["GET"]}}],"collection":[{"href":"https:\/\/dinhosreef.com\/en\/wp-json\/wp\/v2\/product"}],"about":[{"href":"https:\/\/dinhosreef.com\/en\/wp-json\/wp\/v2\/types\/product"}],"replies":[{"embeddable":true,"href":"https:\/\/dinhosreef.com\/en\/wp-json\/wp\/v2\/comments?post=3987"}],"wp:featuredmedia":[{"embeddable":true,"href":"https:\/\/dinhosreef.com\/en\/wp-json\/wp\/v2\/media\/3988"}],"wp:attachment":[{"href":"https:\/\/dinhosreef.com\/en\/wp-json\/wp\/v2\/media?parent=3987"}],"wp:term":[{"taxonomy":"product_brand","embeddable":true,"href":"https:\/\/dinhosreef.com\/en\/wp-json\/wp\/v2\/product_brand?post=3987"},{"taxonomy":"product_cat","embeddable":true,"href":"https:\/\/dinhosreef.com\/en\/wp-json\/wp\/v2\/product_cat?post=3987"},{"taxonomy":"product_tag","embeddable":true,"href":"https:\/\/dinhosreef.com\/en\/wp-json\/wp\/v2\/product_tag?post=3987"}],"curies":[{"name":"wp","href":"https:\/\/api.w.org\/{rel}","templated":true}]}}